{"id":996,"date":"2016-06-23T09:42:35","date_gmt":"2016-06-23T08:42:35","guid":{"rendered":"http:\/\/eshop.polyglot.cz\/cs\/?post_type=product&#038;p=996"},"modified":"2024-02-21T18:15:33","modified_gmt":"2024-02-21T17:15:33","slug":"time-to-practise-1-mp3","status":"publish","type":"product","link":"https:\/\/eshop.polyglot.cz\/cs\/produkt\/time-to-practise-1-mp3\/","title":{"rendered":"Time to Practise 1 \u2013 nahr\u00e1vky ve form\u00e1tu MP3"},"content":{"rendered":"<p><strong>Angli\u010dtina Time to Practise 1<\/strong><\/p>\n<ul>\n<li>MP3 nahr\u00e1vky cvi\u010den\u00ed, kter\u00e1 jsou ve cvi\u010debnici ozna\u010den\u00e1 piktogramem sluch\u00e1tek.<\/li>\n<li>Po zaplacen\u00ed dostanete e-mail s\u00a0odkazem ke sta\u017een\u00ed souboru.<\/li>\n<\/ul>\n","protected":false},"excerpt":{"rendered":"<p>Nahr\u00e1vky ve form\u00e1tu MP3 ke sta\u017een\u00ed.<\/p>\n<p><a href=\"https:\/\/eshop.polyglot.cz\/cs\/wp-content\/uploads\/2018\/02\/TTP1-obsah.pdf\" target=\"_blank\" rel=\"noopener\">Obsah PDF<\/a><\/p>\n<p><a href=\"http:\/\/eshop.polyglot.cz\/cs\/wp-content\/uploads\/2016\/06\/TTP1_CD2_22.mp3\" target=\"_blank\" rel=\"noopener\">Uk\u00e1zka MP3<\/a><\/p>\n","protected":false},"featured_media":3553,"comment_status":"open","ping_status":"closed","template":"","meta":[],"product_cat":[14,137,136],"product_tag":[86],"_links":{"self":[{"href":"https:\/\/eshop.polyglot.cz\/cs\/wp-json\/wp\/v2\/product\/996"}],"collection":[{"href":"https:\/\/eshop.polyglot.cz\/cs\/wp-json\/wp\/v2\/product"}],"about":[{"href":"https:\/\/eshop.polyglot.cz\/cs\/wp-json\/wp\/v2\/types\/product"}],"replies":[{"embeddable":true,"href":"https:\/\/eshop.polyglot.cz\/cs\/wp-json\/wp\/v2\/comments?post=996"}],"wp:featuredmedia":[{"embeddable":true,"href":"https:\/\/eshop.polyglot.cz\/cs\/wp-json\/wp\/v2\/media\/3553"}],"wp:attachment":[{"href":"https:\/\/eshop.polyglot.cz\/cs\/wp-json\/wp\/v2\/media?parent=996"}],"wp:term":[{"taxonomy":"product_cat","embeddable":true,"href":"https:\/\/eshop.polyglot.cz\/cs\/wp-json\/wp\/v2\/product_cat?post=996"},{"taxonomy":"product_tag","embeddable":true,"href":"https:\/\/eshop.polyglot.cz\/cs\/wp-json\/wp\/v2\/product_tag?post=996"}],"curies":[{"name":"wp","href":"https:\/\/api.w.org\/{rel}","templated":true}]}}