{"id":967,"date":"2016-06-22T15:36:00","date_gmt":"2016-06-22T14:36:00","guid":{"rendered":"http:\/\/eshop.polyglot.cz\/cs\/?post_type=product&#038;p=967"},"modified":"2022-08-28T21:03:13","modified_gmt":"2022-08-28T20:03:13","slug":"nemecka-synonymni-slovesa-2","status":"publish","type":"product","link":"https:\/\/eshop.polyglot.cz\/cs\/produkt\/nemecka-synonymni-slovesa-2\/","title":{"rendered":"N\u011bmeck\u00e1 synonymn\u00ed slovesa"},"content":{"rendered":"<p><strong>N\u011bm\u010dina N\u011bmeck\u00e1 synonymn\u00ed slovesa<\/strong><\/p>\n<p>Publikace se zam\u011b\u0159uje na n\u011bmeck\u00e1 synonymn\u00ed slovesa z&nbsp;hlediska jejich kombina\u010dn\u00edch mo\u017enost\u00ed, a&nbsp;to na ty p\u0159\u00edpady, kdy jednomu \u010desk\u00e9mu slovesu odpov\u00edd\u00e1 v&nbsp;n\u011bm\u010din\u011b v\u00edce sloves, kter\u00e1 jsou v\u00fdznamov\u011b p\u0159\u00edbuzn\u00e1. Na v\u00fdklad pou\u017eit\u00ed sloves z&nbsp;ur\u010dit\u00e9 synonymn\u00ed \u0159ady navazuj\u00ed cvi\u010den\u00ed. Pod nimi je ihned uvedeno \u0159e\u0161en\u00ed. Na z\u00e1v\u011br knihy je za\u0159azeno souhrnn\u00e9 p\u0159ekladov\u00e9 cvi\u010den\u00ed, ve kter\u00e9m jsou na jedn\u00e9 stran\u011b uvedeny \u010desk\u00e9 v\u011bty a&nbsp;na prot\u011bj\u0161\u00ed stran\u011b jejich \u0159e\u0161en\u00ed v&nbsp;n\u011bm\u010din\u011b.<\/p>\n","protected":false},"excerpt":{"rendered":"<p><a href=\"http:\/\/eshop.polyglot.cz\/cs\/wp-content\/uploads\/2016\/06\/N\u011bmeck\u00e1-synonymn\u00ed-slovesa_Uk\u00e1zka-PDF-1.pdf\" target=\"_blank\" rel=\"noopener\">Uk\u00e1zka PDF<\/a><\/p>\n<p><a href=\"http:\/\/eshop.polyglot.cz\/cs\/wp-content\/uploads\/2016\/06\/N\u011bmeck\u00e1-synonymn\u00ed-slovesa_Obsah-PDF-1.pdf\" target=\"_blank\" rel=\"noopener\">Obsah PDF<\/a><\/p>\n","protected":false},"featured_media":966,"comment_status":"open","ping_status":"closed","template":"","meta":[],"product_cat":[15,129],"product_tag":[106,85,83],"_links":{"self":[{"href":"https:\/\/eshop.polyglot.cz\/cs\/wp-json\/wp\/v2\/product\/967"}],"collection":[{"href":"https:\/\/eshop.polyglot.cz\/cs\/wp-json\/wp\/v2\/product"}],"about":[{"href":"https:\/\/eshop.polyglot.cz\/cs\/wp-json\/wp\/v2\/types\/product"}],"replies":[{"embeddable":true,"href":"https:\/\/eshop.polyglot.cz\/cs\/wp-json\/wp\/v2\/comments?post=967"}],"wp:featuredmedia":[{"embeddable":true,"href":"https:\/\/eshop.polyglot.cz\/cs\/wp-json\/wp\/v2\/media\/966"}],"wp:attachment":[{"href":"https:\/\/eshop.polyglot.cz\/cs\/wp-json\/wp\/v2\/media?parent=967"}],"wp:term":[{"taxonomy":"product_cat","embeddable":true,"href":"https:\/\/eshop.polyglot.cz\/cs\/wp-json\/wp\/v2\/product_cat?post=967"},{"taxonomy":"product_tag","embeddable":true,"href":"https:\/\/eshop.polyglot.cz\/cs\/wp-json\/wp\/v2\/product_tag?post=967"}],"curies":[{"name":"wp","href":"https:\/\/api.w.org\/{rel}","templated":true}]}}