{"id":958,"date":"2016-06-22T14:13:02","date_gmt":"2016-06-22T13:13:02","guid":{"rendered":"http:\/\/eshop.polyglot.cz\/cs\/?post_type=product&#038;p=958"},"modified":"2024-11-28T19:12:21","modified_gmt":"2024-11-28T18:12:21","slug":"ene-mene-interaktiv","status":"publish","type":"product","link":"https:\/\/eshop.polyglot.cz\/cs\/produkt\/ene-mene-interaktiv\/","title":{"rendered":"Ene mene interaktiv"},"content":{"rendered":"<p><strong>N\u011bm\u010dina Ene mene interaktiv<\/strong><\/p>\n<ul>\n<li>Multimedi\u00e1ln\u00ed u\u010debnici <em>Ene mene interaktiv<\/em> nab\u00edz\u00edme prost\u0159ednictv\u00edm e-knihovny Publi\u00a0\u2013\u00a0<a href=\"https:\/\/publi.cz\/book\/1848-ene-mene-interaktiv\" target=\"_blank\" rel=\"noopener\">zde<\/a>.<\/li>\n<li>D\u00e9lka licence je 18 m\u011bs\u00edc\u016f.<\/li>\n<li>Jedna licence umo\u017e\u0148uje instalaci na dv\u011b za\u0159\u00edzen\u00ed.<\/li>\n<li><em>Ene mene interaktiv<\/em> je multimedi\u00e1ln\u00ed v\u00fdukov\u00fd materi\u00e1l pro d\u011bti ve v\u011bku 5\u20139 let.<\/li>\n<li><em>Ene mene interaktiv<\/em> seznamuje d\u011bti n\u00e1zornou a&nbsp;hravou formou se z\u00e1klady n\u011bmeck\u00e9ho jazyka.<\/li>\n<li>Multimedi\u00e1ln\u00ed u\u010debnice vyu\u017e\u00edv\u00e1 bohat\u00fd obrazov\u00fd materi\u00e1l,\u00a0p\u00edsn\u011b, \u0159\u00edkadla a&nbsp;hry k&nbsp;n\u00e1cviku slovn\u00ed z\u00e1soby, k\u00a0osvojen\u00ed zvukov\u00e9 a&nbsp;pozd\u011bji i&nbsp;grafick\u00e9 podoby jazyka.<\/li>\n<li>Multimedi\u00e1ln\u00ed u\u010debnice rozv\u00edj\u00ed nejen vizu\u00e1ln\u00ed a&nbsp;auditivn\u00ed, ale i\u00a0motorick\u00e9 dovednosti \u017e\u00e1k\u016f, podn\u011bcuje jejich p\u0159edstavivost a&nbsp;procvi\u010duje pam\u011b\u0165.<\/li>\n<li>\u017d\u00e1ci si osvojuj\u00ed n\u011bmeck\u00fd jazyk v&nbsp;jednoduch\u00fdch, v\u011bkov\u011b p\u0159im\u011b\u0159en\u00fdch komunikativn\u00edch situac\u00edch.<\/li>\n<li><em>Ene mene interaktiv<\/em> nab\u00edz\u00ed \u0159e\u0161en\u00ed vybran\u00fdch cvi\u010den\u00ed a&nbsp;metodick\u00e9 n\u00e1m\u011bty pro u\u010ditele.<\/li>\n<li><em>Ene mene interaktiv<\/em> obsahuje nahr\u00e1vky a&nbsp;transkripci v\u0161ech poslechov\u00fdch text\u016f.<\/li>\n<li>Multimedi\u00e1ln\u00ed u\u010debnice je vhodn\u00e1 pro v\u0161echny typy interaktivn\u00ed tabule.<\/li>\n<\/ul>\n","protected":false},"excerpt":{"rendered":"<p>Ene mene interaktiv koup\u00edte v&nbsp;<a href=\"https:\/\/publi.cz\/book\/1848-ene-mene-interaktiv\" target=\"_blank\" rel=\"noopener\">e-knihovn\u011b Publi<\/a>.<\/p>\n<p><a href=\"http:\/\/eshop.polyglot.cz\/cs\/wp-content\/uploads\/2016\/06\/Ene-mene-interaktiv_Uk\u00e1zka-PDF.pdf\" target=\"_blank\" rel=\"noopener\">Uk\u00e1zka PDF<\/a><\/p>\n<p><a href=\"http:\/\/www.polyglot.cz\/wp-content\/uploads\/2016\/10\/Ene-mene-interaktiv.flipchart\" target=\"_blank\" rel=\"noopener\">Demoverze<\/a><\/p>\n<p><a href=\"http:\/\/eshop.polyglot.cz\/cs\/poznamka-activinspire\/\" target=\"_blank\" rel=\"noopener\">Pozn\u00e1mka k&nbsp;demoverzi<\/a><\/p>\n","protected":false},"featured_media":881,"comment_status":"open","ping_status":"closed","template":"","meta":[],"product_cat":[15,118,119,124],"product_tag":[172],"_links":{"self":[{"href":"https:\/\/eshop.polyglot.cz\/cs\/wp-json\/wp\/v2\/product\/958"}],"collection":[{"href":"https:\/\/eshop.polyglot.cz\/cs\/wp-json\/wp\/v2\/product"}],"about":[{"href":"https:\/\/eshop.polyglot.cz\/cs\/wp-json\/wp\/v2\/types\/product"}],"replies":[{"embeddable":true,"href":"https:\/\/eshop.polyglot.cz\/cs\/wp-json\/wp\/v2\/comments?post=958"}],"wp:featuredmedia":[{"embeddable":true,"href":"https:\/\/eshop.polyglot.cz\/cs\/wp-json\/wp\/v2\/media\/881"}],"wp:attachment":[{"href":"https:\/\/eshop.polyglot.cz\/cs\/wp-json\/wp\/v2\/media?parent=958"}],"wp:term":[{"taxonomy":"product_cat","embeddable":true,"href":"https:\/\/eshop.polyglot.cz\/cs\/wp-json\/wp\/v2\/product_cat?post=958"},{"taxonomy":"product_tag","embeddable":true,"href":"https:\/\/eshop.polyglot.cz\/cs\/wp-json\/wp\/v2\/product_tag?post=958"}],"curies":[{"name":"wp","href":"https:\/\/api.w.org\/{rel}","templated":true}]}}