{"id":938,"date":"2016-06-22T13:20:23","date_gmt":"2016-06-22T12:20:23","guid":{"rendered":"http:\/\/eshop.polyglot.cz\/cs\/?post_type=product&#038;p=938"},"modified":"2022-08-28T20:47:07","modified_gmt":"2022-08-28T19:47:07","slug":"tintenfass-pro-5-tridu-zs-pracovni-sesit","status":"publish","type":"product","link":"https:\/\/eshop.polyglot.cz\/cs\/produkt\/tintenfass-pro-5-tridu-zs-pracovni-sesit\/","title":{"rendered":"Tintenfass pro 5.&nbsp;t\u0159\u00eddu Z\u0160 \u2013 pracovn\u00ed se\u0161it"},"content":{"rendered":"<p><strong>N\u011bm\u010dina Tintenfass pro 5.&nbsp;t\u0159\u00eddu Z\u0160<\/strong><\/p>\n<ul>\n<li>T\u0159\u00edd\u00edln\u00e1 u\u010debnice n\u011bm\u010diny je ur\u010dena d\u011btem ve v\u011bku 9\u201312 let.<\/li>\n<li>Ka\u017ed\u00fd d\u00edl u\u010debnice obsahuje dev\u011bt tematick\u00fdch okruh\u016f, ka\u017ed\u00e1 lekce je rozd\u011blena do deseti vyu\u010dovac\u00edch hodin.<\/li>\n<li>Obsah a&nbsp;rozsah u\u010diva odpov\u00eddaj\u00ed po\u017eadavk\u016fm R\u00e1mcov\u00e9ho vzd\u011bl\u00e1vac\u00edho programu pro z\u00e1kladn\u00ed vzd\u011bl\u00e1v\u00e1n\u00ed s&nbsp;c\u00edlem dos\u00e1hnout referen\u010dn\u00ed \u00farovn\u011b A1 podle SERR.<\/li>\n<li>U\u010debn\u00ed soubor vych\u00e1z\u00ed z&nbsp;komunikativn\u00ed, pragmaticky orientovan\u00e9 metody a&nbsp;respektuje v\u011bkov\u00e9 zvl\u00e1\u0161tnosti \u017e\u00e1k\u016f.<\/li>\n<li>N\u00e1zorn\u00e1 v\u00fduka, tvo\u0159iv\u00e9 \u010dinnosti, n\u00e1podoba, vyu\u017eit\u00ed her, p\u00edsn\u00ed a&nbsp;dramatick\u00e9 v\u00fdchovy vytv\u00e1\u0159ej\u00ed pozitivn\u00ed vztah \u017e\u00e1ka k&nbsp;u\u010den\u00ed se ciz\u00edmu jazyku.<\/li>\n<li>\u017d\u00e1ci se u\u010d\u00ed p\u0159irozen\u011b reagovat v&nbsp;b\u011b\u017en\u00fdch \u017eivotn\u00edch situac\u00edch p\u0159im\u011b\u0159en\u00fdch jejich v\u011bku. Seznamuj\u00ed se se zvukovou a&nbsp;grafickou podobou n\u011bmeck\u00e9ho jazyka.<\/li>\n<li>\u017d\u00e1ci rozv\u00edjej\u00ed poslech s&nbsp;porozum\u011bn\u00edm (porozum\u011bn\u00ed u\u010diteli, rodil\u00fdm mluv\u010d\u00edm na nahr\u00e1vce, spolu\u017e\u00e1kovi) a&nbsp;\u00fastn\u00ed projev (p\u00edsn\u011b a&nbsp;\u0159\u00edkadla, veden\u00ed mikrodialog\u016f, obm\u011b\u0148ov\u00e1n\u00ed rozhovor\u016f, jednoduch\u00e9 souvisl\u00e9 vypr\u00e1v\u011bn\u00ed). \u017d\u00e1ci postupn\u011b nacvi\u010duj\u00ed \u010dten\u00ed s&nbsp;porozum\u011bn\u00edm a&nbsp;p\u00edsemn\u00fd projev.<\/li>\n<li>Pracovn\u00ed se\u0161it navazuje na u\u010debnici pro \u017e\u00e1ka a&nbsp;obsahuje p\u0159\u00edlohu shrnuj\u00edc\u00ed u\u010divo, tzv.<em>Sprachenportfolio<\/em> <em>(Sprachenpass, Sprachbiografie, Dossier).<\/em><\/li>\n<\/ul>\n","protected":false},"excerpt":{"rendered":"<p><a href=\"http:\/\/eshop.polyglot.cz\/cs\/wp-content\/uploads\/2016\/06\/Tintenfass-pro-5.-t\u0159\u00eddu-Z\u0160-pracovn\u00ed-se\u0161it_Uk\u00e1zka-PDF.pdf\" target=\"_blank\" rel=\"noopener\">Uk\u00e1zka PDF<\/a><\/p>\n<p><a href=\"http:\/\/eshop.polyglot.cz\/cs\/wp-content\/uploads\/2016\/06\/Tintenfass-pro-5.-t\u0159\u00eddu-Z\u0160-pracovn\u00ed-se\u0161it_Obsah-PDF.pdf\" target=\"_blank\" rel=\"noopener\">Obsah PDF<\/a><\/p>\n<p><a href=\"http:\/\/eshop.polyglot.cz\/cs\/wp-content\/uploads\/2016\/06\/Tintenfass-5_CD2_1.mp3\" target=\"_blank\" rel=\"noopener\">MP3<\/a><\/p>\n","protected":false},"featured_media":1490,"comment_status":"open","ping_status":"closed","template":"","meta":[],"product_cat":[15,73,95],"product_tag":[84],"_links":{"self":[{"href":"https:\/\/eshop.polyglot.cz\/cs\/wp-json\/wp\/v2\/product\/938"}],"collection":[{"href":"https:\/\/eshop.polyglot.cz\/cs\/wp-json\/wp\/v2\/product"}],"about":[{"href":"https:\/\/eshop.polyglot.cz\/cs\/wp-json\/wp\/v2\/types\/product"}],"replies":[{"embeddable":true,"href":"https:\/\/eshop.polyglot.cz\/cs\/wp-json\/wp\/v2\/comments?post=938"}],"wp:featuredmedia":[{"embeddable":true,"href":"https:\/\/eshop.polyglot.cz\/cs\/wp-json\/wp\/v2\/media\/1490"}],"wp:attachment":[{"href":"https:\/\/eshop.polyglot.cz\/cs\/wp-json\/wp\/v2\/media?parent=938"}],"wp:term":[{"taxonomy":"product_cat","embeddable":true,"href":"https:\/\/eshop.polyglot.cz\/cs\/wp-json\/wp\/v2\/product_cat?post=938"},{"taxonomy":"product_tag","embeddable":true,"href":"https:\/\/eshop.polyglot.cz\/cs\/wp-json\/wp\/v2\/product_tag?post=938"}],"curies":[{"name":"wp","href":"https:\/\/api.w.org\/{rel}","templated":true}]}}