{"id":923,"date":"2016-06-22T12:47:10","date_gmt":"2016-06-22T11:47:10","guid":{"rendered":"http:\/\/eshop.polyglot.cz\/cs\/?post_type=product&#038;p=923"},"modified":"2022-08-28T20:46:29","modified_gmt":"2022-08-28T19:46:29","slug":"tintenfass-pro-4-tridu-zs-prilohy","status":"publish","type":"product","link":"https:\/\/eshop.polyglot.cz\/cs\/produkt\/tintenfass-pro-4-tridu-zs-prilohy\/","title":{"rendered":"Tintenfass pro 4.&nbsp;t\u0159\u00eddu Z\u0160 \u2013 p\u0159\u00edlohy"},"content":{"rendered":"<p><strong>N\u011bm\u010dina Tintenfass pro 4.&nbsp;t\u0159\u00eddu Z\u0160<\/strong><\/p>\n<ul>\n<li>Knihu pro u\u010ditele dopl\u0148uj\u00ed samostatn\u00e9 barevn\u00e9 a&nbsp;\u010dernob\u00edl\u00e9 obrazov\u00e9 p\u0159\u00edlohy a&nbsp;f\u00f3lie pro zp\u011btn\u00fd projektor. P\u0159\u00edlohy obsahuj\u00ed obrazov\u00fd materi\u00e1l, podklady ke hr\u00e1m, dopl\u0148uj\u00edc\u00ed cvi\u010den\u00ed, notov\u00fd a&nbsp;textov\u00fd z\u00e1znam p\u00edsn\u00ed a&nbsp;barevn\u00e9 plak\u00e1ty.<\/li>\n<\/ul>\n","protected":false},"excerpt":{"rendered":"<p><a href=\"http:\/\/eshop.polyglot.cz\/cs\/wp-content\/uploads\/2016\/06\/Tintenfass-pro-4.-t\u0159\u00eddu-Z\u0160-p\u0159\u00edlohy_Uk\u00e1zka-PDF.pdf\" target=\"_blank\" rel=\"noopener\">Uk\u00e1zka PDF<\/a><\/p>\n<p><a href=\"http:\/\/eshop.polyglot.cz\/cs\/wp-content\/uploads\/2016\/06\/Tintenfass-pro-4.-t\u0159\u00eddu-Z\u0160-p\u0159\u00edlohy_Obsah-PDF.pdf\" target=\"_blank\" rel=\"noopener\">Obsah PDF<\/a><\/p>\n","protected":false},"featured_media":924,"comment_status":"open","ping_status":"closed","template":"","meta":[],"product_cat":[15,73,94],"product_tag":[87],"_links":{"self":[{"href":"https:\/\/eshop.polyglot.cz\/cs\/wp-json\/wp\/v2\/product\/923"}],"collection":[{"href":"https:\/\/eshop.polyglot.cz\/cs\/wp-json\/wp\/v2\/product"}],"about":[{"href":"https:\/\/eshop.polyglot.cz\/cs\/wp-json\/wp\/v2\/types\/product"}],"replies":[{"embeddable":true,"href":"https:\/\/eshop.polyglot.cz\/cs\/wp-json\/wp\/v2\/comments?post=923"}],"wp:featuredmedia":[{"embeddable":true,"href":"https:\/\/eshop.polyglot.cz\/cs\/wp-json\/wp\/v2\/media\/924"}],"wp:attachment":[{"href":"https:\/\/eshop.polyglot.cz\/cs\/wp-json\/wp\/v2\/media?parent=923"}],"wp:term":[{"taxonomy":"product_cat","embeddable":true,"href":"https:\/\/eshop.polyglot.cz\/cs\/wp-json\/wp\/v2\/product_cat?post=923"},{"taxonomy":"product_tag","embeddable":true,"href":"https:\/\/eshop.polyglot.cz\/cs\/wp-json\/wp\/v2\/product_tag?post=923"}],"curies":[{"name":"wp","href":"https:\/\/api.w.org\/{rel}","templated":true}]}}