{"id":899,"date":"2016-06-22T11:52:33","date_gmt":"2016-06-22T10:52:33","guid":{"rendered":"http:\/\/eshop.polyglot.cz\/cs\/?post_type=product&#038;p=899"},"modified":"2018-02-19T11:49:22","modified_gmt":"2018-02-19T10:49:22","slug":"tintenfass-pro-3-tridu-zs-audio-cd","status":"publish","type":"product","link":"https:\/\/eshop.polyglot.cz\/cs\/produkt\/tintenfass-pro-3-tridu-zs-audio-cd\/","title":{"rendered":"Tintenfass pro 3.&nbsp;t\u0159\u00eddu Z\u0160 \u2013 audio&nbsp;CD"},"content":{"rendered":"<p><strong>N\u011bm\u010dina Tintenfass pro 3.&nbsp;t\u0159\u00eddu Z\u0160<\/strong><\/p>\n<ul>\n<li>Audionahr\u00e1vky na t\u0159ech CD obsahuj\u00ed fonetick\u00e1 cvi\u010den\u00ed, p\u00edsn\u011b, relaxa\u010dn\u00ed hudbu a&nbsp;texty. Texty namluvili a&nbsp;p\u00edsni\u010dky nazp\u00edvali rodil\u00ed mluv\u010d\u00ed, dosp\u011bl\u00ed i&nbsp;d\u011bti.<\/li>\n<\/ul>\n","protected":false},"excerpt":{"rendered":"<p><a href=\"http:\/\/eshop.polyglot.cz\/cs\/wp-content\/uploads\/2016\/06\/Tintenfass3_CD1_7.mp3\" target=\"_blank\">Uk\u00e1zka MP3<\/a><\/p>\n","protected":false},"featured_media":1155,"comment_status":"open","ping_status":"closed","template":"","meta":[],"product_cat":[15,73,93],"product_tag":[86],"_links":{"self":[{"href":"https:\/\/eshop.polyglot.cz\/cs\/wp-json\/wp\/v2\/product\/899"}],"collection":[{"href":"https:\/\/eshop.polyglot.cz\/cs\/wp-json\/wp\/v2\/product"}],"about":[{"href":"https:\/\/eshop.polyglot.cz\/cs\/wp-json\/wp\/v2\/types\/product"}],"replies":[{"embeddable":true,"href":"https:\/\/eshop.polyglot.cz\/cs\/wp-json\/wp\/v2\/comments?post=899"}],"wp:featuredmedia":[{"embeddable":true,"href":"https:\/\/eshop.polyglot.cz\/cs\/wp-json\/wp\/v2\/media\/1155"}],"wp:attachment":[{"href":"https:\/\/eshop.polyglot.cz\/cs\/wp-json\/wp\/v2\/media?parent=899"}],"wp:term":[{"taxonomy":"product_cat","embeddable":true,"href":"https:\/\/eshop.polyglot.cz\/cs\/wp-json\/wp\/v2\/product_cat?post=899"},{"taxonomy":"product_tag","embeddable":true,"href":"https:\/\/eshop.polyglot.cz\/cs\/wp-json\/wp\/v2\/product_tag?post=899"}],"curies":[{"name":"wp","href":"https:\/\/api.w.org\/{rel}","templated":true}]}}