{"id":873,"date":"2016-06-22T10:16:29","date_gmt":"2016-06-22T09:16:29","guid":{"rendered":"http:\/\/eshop.polyglot.cz\/cs\/?post_type=product&#038;p=873"},"modified":"2022-08-28T20:44:15","modified_gmt":"2022-08-28T19:44:15","slug":"ene-mene-2-dil-prilohy-desky","status":"publish","type":"product","link":"https:\/\/eshop.polyglot.cz\/cs\/produkt\/ene-mene-2-dil-prilohy-desky\/","title":{"rendered":"Ene mene \u2013 2.&nbsp;d\u00edl, p\u0159\u00edlohy"},"content":{"rendered":"<p><strong>N\u011bm\u010dina Ene mene \u2013 2.&nbsp;d\u00edl<\/strong><\/p>\n<p>52\u00a0barevn\u00fdch p\u0159\u00edloh, 68 \u010dernob\u00edl\u00fdch p\u0159\u00edloh a\u00a05 p\u00edsni\u010dek v&nbsp;desk\u00e1ch.<\/p>\n","protected":false},"excerpt":{"rendered":"<p><a href=\"http:\/\/eshop.polyglot.cz\/cs\/wp-content\/uploads\/2016\/06\/ENE-MENE-\u2013-2.-d\u00edl-p\u0159\u00edlohy_Uk\u00e1zka-PDF.pdf\" target=\"_blank\" rel=\"noopener\">Uk\u00e1zka PDF<\/a><\/p>\n","protected":false},"featured_media":874,"comment_status":"open","ping_status":"closed","template":"","meta":[],"product_cat":[15,112,119],"product_tag":[87],"_links":{"self":[{"href":"https:\/\/eshop.polyglot.cz\/cs\/wp-json\/wp\/v2\/product\/873"}],"collection":[{"href":"https:\/\/eshop.polyglot.cz\/cs\/wp-json\/wp\/v2\/product"}],"about":[{"href":"https:\/\/eshop.polyglot.cz\/cs\/wp-json\/wp\/v2\/types\/product"}],"replies":[{"embeddable":true,"href":"https:\/\/eshop.polyglot.cz\/cs\/wp-json\/wp\/v2\/comments?post=873"}],"wp:featuredmedia":[{"embeddable":true,"href":"https:\/\/eshop.polyglot.cz\/cs\/wp-json\/wp\/v2\/media\/874"}],"wp:attachment":[{"href":"https:\/\/eshop.polyglot.cz\/cs\/wp-json\/wp\/v2\/media?parent=873"}],"wp:term":[{"taxonomy":"product_cat","embeddable":true,"href":"https:\/\/eshop.polyglot.cz\/cs\/wp-json\/wp\/v2\/product_cat?post=873"},{"taxonomy":"product_tag","embeddable":true,"href":"https:\/\/eshop.polyglot.cz\/cs\/wp-json\/wp\/v2\/product_tag?post=873"}],"curies":[{"name":"wp","href":"https:\/\/api.w.org\/{rel}","templated":true}]}}