{"id":850,"date":"2016-06-22T09:14:12","date_gmt":"2016-06-22T08:14:12","guid":{"rendered":"http:\/\/eshop.polyglot.cz\/cs\/?post_type=product&#038;p=850"},"modified":"2018-01-30T12:01:50","modified_gmt":"2018-01-30T11:01:50","slug":"ene-mene-2-dil-kniha-pro-ucitele","status":"publish","type":"product","link":"https:\/\/eshop.polyglot.cz\/cs\/produkt\/ene-mene-2-dil-kniha-pro-ucitele\/","title":{"rendered":"Ene mene \u2013 2.&nbsp;d\u00edl, kniha pro u\u010ditele"},"content":{"rendered":"<p><strong>N\u011bm\u010dina Ene\u00a0mene \u2013 2.&nbsp;d\u00edl<\/strong><\/p>\n<ul>\n<li>Dvoud\u00edln\u00e1 u\u010debnice <em>Ene mene<\/em> je ur\u010dena d\u011btem ve v\u011bku 5\u20139 let.\u00a0U\u010divo ve 2.&nbsp;d\u00edle opakuje a&nbsp;rozv\u00edj\u00ed l\u00e1tku z&nbsp;1.&nbsp;ro\u010dn\u00edku, tak\u017ee s&nbsp;u\u010debnic\u00ed mohou pracovat i&nbsp;\u00fapln\u00ed za\u010d\u00e1te\u010dn\u00edci. D\u011bti se seznamuj\u00ed se zvukovou a&nbsp;grafickou podobou n\u011bmeck\u00e9ho jazyka. Z\u00edsk\u00e1vaj\u00ed komunikativn\u00ed cizojazy\u010dn\u00e9 dovednosti fonetick\u00e9ho a&nbsp;lexik\u00e1ln\u00edho minima. V&nbsp;oblasti produktivn\u00ed a&nbsp;receptivn\u00ed \u010dinnosti rozv\u00edjej\u00ed mluven\u00ed a&nbsp;poslech s&nbsp;porozum\u011bn\u00edm. Na z\u00e1klad\u011b audiovizu\u00e1ln\u00ed recepce d\u011bti nacvi\u010duj\u00ed techniku \u010dten\u00ed v&nbsp;ciz\u00edm jazyce.<\/li>\n<li>U\u010debnice pro \u017e\u00e1ka pln\u00ed z\u00e1rove\u0148 funkci pracovn\u00edho se\u0161itu a&nbsp;je obohacena o&nbsp;p\u0159\u00edlohu shrnuj\u00edc\u00ed u\u010divo 2.&nbsp;ro\u010dn\u00edku, tzv.&nbsp;portfolio, a&nbsp;pracovn\u00ed listy.<\/li>\n<li>Kniha pro u\u010ditele je sou\u010dasn\u011b metodickou p\u0159\u00edru\u010dkou, krom\u011b \u017e\u00e1kovsk\u00e9 u\u010debnice obsahuje vlo\u017een\u00e9 listy s&nbsp;metodick\u00fdmi n\u00e1m\u011bty ke ka\u017ed\u00e9 vyu\u010dovac\u00ed hodin\u011b a&nbsp;p\u0159\u00edlohy \u2013 pokyny pro pr\u00e1ci v&nbsp;hodin\u011b, tematick\u00fd slovn\u00edk, abecedn\u00ed n\u011bmecko-\u010desk\u00fd a&nbsp;\u010desko-n\u011bmeck\u00fd slovn\u00edk.<\/li>\n<li>Knihu pro u\u010ditele dopl\u0148uj\u00ed samostatn\u00e9 barevn\u00e9 a&nbsp;\u010dernob\u00edl\u00e9 obrazov\u00e9 p\u0159\u00edlohy, seznam p\u00edsni\u010dek v\u010detn\u011b notov\u00e9ho z\u00e1pisu a&nbsp;f\u00f3lie pro zp\u011btn\u00fd projektor.<\/li>\n<li>Nezbytnou sou\u010d\u00e1st souboru tvo\u0159\u00ed nahr\u00e1vky ve form\u00e1tu MP3, kter\u00e1 obsahuj\u00ed fonetick\u00e1 cvi\u010den\u00ed, p\u00edsn\u011b, \u0159\u00edkadla a&nbsp;rozpo\u010ditadla namluven\u00e1 rodil\u00fdmi mluv\u010d\u00edmi (dosp\u011bl\u00fdmi a&nbsp;d\u011btmi) a&nbsp;relaxa\u010dn\u00ed hudbu.<\/li>\n<li>Cel\u00fdm souborem \u017e\u00e1ky prov\u00e1zej\u00ed loutky Lisy a&nbsp;Jense.<\/li>\n<\/ul>\n","protected":false},"excerpt":{"rendered":"<p><a href=\"http:\/\/eshop.polyglot.cz\/cs\/wp-content\/uploads\/2016\/06\/ENE-MENE-2.-d\u00edl-kniha-pro-u\u010ditele_Uk\u00e1zka-PDF.pdf\" target=\"_blank\">Uk\u00e1zka PDF<\/a><\/p>\n<p><a href=\"http:\/\/eshop.polyglot.cz\/cs\/wp-content\/uploads\/2016\/06\/ENE-MENE-2.-d\u00edl-kniha-pro-u\u010ditele_Obsah-PDF.pdf\" target=\"_blank\">Obsah PDF<\/a><\/p>\n<p><a href=\"http:\/\/eshop.polyglot.cz\/cs\/wp-content\/uploads\/2016\/06\/ENE-MENE2_1.mp3\" target=\"_blank\">MP3<\/a><\/p>\n","protected":false},"featured_media":1467,"comment_status":"open","ping_status":"closed","template":"","meta":[],"product_cat":[15,112,119],"product_tag":[85],"_links":{"self":[{"href":"https:\/\/eshop.polyglot.cz\/cs\/wp-json\/wp\/v2\/product\/850"}],"collection":[{"href":"https:\/\/eshop.polyglot.cz\/cs\/wp-json\/wp\/v2\/product"}],"about":[{"href":"https:\/\/eshop.polyglot.cz\/cs\/wp-json\/wp\/v2\/types\/product"}],"replies":[{"embeddable":true,"href":"https:\/\/eshop.polyglot.cz\/cs\/wp-json\/wp\/v2\/comments?post=850"}],"wp:featuredmedia":[{"embeddable":true,"href":"https:\/\/eshop.polyglot.cz\/cs\/wp-json\/wp\/v2\/media\/1467"}],"wp:attachment":[{"href":"https:\/\/eshop.polyglot.cz\/cs\/wp-json\/wp\/v2\/media?parent=850"}],"wp:term":[{"taxonomy":"product_cat","embeddable":true,"href":"https:\/\/eshop.polyglot.cz\/cs\/wp-json\/wp\/v2\/product_cat?post=850"},{"taxonomy":"product_tag","embeddable":true,"href":"https:\/\/eshop.polyglot.cz\/cs\/wp-json\/wp\/v2\/product_tag?post=850"}],"curies":[{"name":"wp","href":"https:\/\/api.w.org\/{rel}","templated":true}]}}