{"id":837,"date":"2016-06-20T16:26:32","date_gmt":"2016-06-20T15:26:32","guid":{"rendered":"http:\/\/eshop.polyglot.cz\/cs\/?post_type=product&#038;p=837"},"modified":"2017-09-06T11:03:22","modified_gmt":"2017-09-06T10:03:22","slug":"ene-mene-loutky-jense-a-lisy","status":"publish","type":"product","link":"https:\/\/eshop.polyglot.cz\/cs\/produkt\/ene-mene-loutky-jense-a-lisy\/","title":{"rendered":"Ene mene \u2013 loutky Jense a&nbsp;Lisy"},"content":{"rendered":"<p><strong>N\u011bm\u010dina Ene\u00a0mene<\/strong><\/p>\n<p>Loutky Lisy a&nbsp;Jense prov\u00e1zej\u00ed \u017e\u00e1ky cel\u00fdm u\u010debnicov\u00fdm souborem Ene mene.<\/p>\n","protected":false},"excerpt":{"rendered":"<p>N\u011bm\u010dina Ene\u00a0mene Loutky Lisy a&nbsp;Jense prov\u00e1zej\u00ed \u017e\u00e1ky cel\u00fdm u\u010debnicov\u00fdm souborem Ene mene.<\/p>\n","protected":false},"featured_media":1151,"comment_status":"open","ping_status":"closed","template":"","meta":[],"product_cat":[15,112,118,119],"product_tag":[116],"_links":{"self":[{"href":"https:\/\/eshop.polyglot.cz\/cs\/wp-json\/wp\/v2\/product\/837"}],"collection":[{"href":"https:\/\/eshop.polyglot.cz\/cs\/wp-json\/wp\/v2\/product"}],"about":[{"href":"https:\/\/eshop.polyglot.cz\/cs\/wp-json\/wp\/v2\/types\/product"}],"replies":[{"embeddable":true,"href":"https:\/\/eshop.polyglot.cz\/cs\/wp-json\/wp\/v2\/comments?post=837"}],"wp:featuredmedia":[{"embeddable":true,"href":"https:\/\/eshop.polyglot.cz\/cs\/wp-json\/wp\/v2\/media\/1151"}],"wp:attachment":[{"href":"https:\/\/eshop.polyglot.cz\/cs\/wp-json\/wp\/v2\/media?parent=837"}],"wp:term":[{"taxonomy":"product_cat","embeddable":true,"href":"https:\/\/eshop.polyglot.cz\/cs\/wp-json\/wp\/v2\/product_cat?post=837"},{"taxonomy":"product_tag","embeddable":true,"href":"https:\/\/eshop.polyglot.cz\/cs\/wp-json\/wp\/v2\/product_tag?post=837"}],"curies":[{"name":"wp","href":"https:\/\/api.w.org\/{rel}","templated":true}]}}