{"id":831,"date":"2016-06-20T16:11:55","date_gmt":"2016-06-20T15:11:55","guid":{"rendered":"http:\/\/eshop.polyglot.cz\/cs\/?post_type=product&#038;p=831"},"modified":"2018-01-30T11:53:45","modified_gmt":"2018-01-30T10:53:45","slug":"ene-mene-1-dil-prilohy-desky","status":"publish","type":"product","link":"https:\/\/eshop.polyglot.cz\/cs\/produkt\/ene-mene-1-dil-prilohy-desky\/","title":{"rendered":"Ene mene \u2013 1.&nbsp;d\u00edl, p\u0159\u00edlohy"},"content":{"rendered":"<p><strong>N\u011bm\u010dina Ene\u00a0mene \u2013 1.&nbsp;d\u00edl<\/strong><\/p>\n<p>76 barevn\u00fdch p\u0159\u00edloh, 66 \u010dernob\u00edl\u00fdch p\u0159\u00edloh a&nbsp;12 p\u00edsni\u010dek v&nbsp;desk\u00e1ch.<\/p>\n","protected":false},"excerpt":{"rendered":"<p><a href=\"http:\/\/eshop.polyglot.cz\/cs\/wp-content\/uploads\/2016\/06\/ENE-MENE-1.-d\u00edl-p\u0159\u00edlohy-desky_Uk\u00e1zka-PDF.pdf\" target=\"_blank\">Uk\u00e1zka PDF<\/a><\/p>\n","protected":false},"featured_media":832,"comment_status":"open","ping_status":"closed","template":"","meta":[],"product_cat":[15,112,118],"product_tag":[87],"_links":{"self":[{"href":"https:\/\/eshop.polyglot.cz\/cs\/wp-json\/wp\/v2\/product\/831"}],"collection":[{"href":"https:\/\/eshop.polyglot.cz\/cs\/wp-json\/wp\/v2\/product"}],"about":[{"href":"https:\/\/eshop.polyglot.cz\/cs\/wp-json\/wp\/v2\/types\/product"}],"replies":[{"embeddable":true,"href":"https:\/\/eshop.polyglot.cz\/cs\/wp-json\/wp\/v2\/comments?post=831"}],"wp:featuredmedia":[{"embeddable":true,"href":"https:\/\/eshop.polyglot.cz\/cs\/wp-json\/wp\/v2\/media\/832"}],"wp:attachment":[{"href":"https:\/\/eshop.polyglot.cz\/cs\/wp-json\/wp\/v2\/media?parent=831"}],"wp:term":[{"taxonomy":"product_cat","embeddable":true,"href":"https:\/\/eshop.polyglot.cz\/cs\/wp-json\/wp\/v2\/product_cat?post=831"},{"taxonomy":"product_tag","embeddable":true,"href":"https:\/\/eshop.polyglot.cz\/cs\/wp-json\/wp\/v2\/product_tag?post=831"}],"curies":[{"name":"wp","href":"https:\/\/api.w.org\/{rel}","templated":true}]}}