{"id":810,"date":"2016-06-20T15:31:04","date_gmt":"2016-06-20T14:31:04","guid":{"rendered":"http:\/\/eshop.polyglot.cz\/cs\/?post_type=product&#038;p=810"},"modified":"2018-01-30T11:55:17","modified_gmt":"2018-01-30T10:55:17","slug":"ene-mene-1-dil-kniha-pro-zaky","status":"publish","type":"product","link":"https:\/\/eshop.polyglot.cz\/cs\/produkt\/ene-mene-1-dil-kniha-pro-zaky\/","title":{"rendered":"Ene mene \u2013 1.&nbsp;d\u00edl, kniha pro \u017e\u00e1ky"},"content":{"rendered":"<p><strong>N\u011bm\u010dina Ene\u00a0mene \u2013 1.&nbsp;d\u00edl<\/strong><\/p>\n<ul>\n<li>Dvoud\u00edln\u00e1 u\u010debnice <em>Ene mene<\/em> je ur\u010dena d\u011btem ve v\u011bku 5\u20139 let. D\u011bti se seznamuj\u00ed se zvukovou a&nbsp;\u010d\u00e1ste\u010dn\u011b grafickou podobou n\u011bmeck\u00e9ho jazyka. Z\u00edsk\u00e1vaj\u00ed komunikativn\u00ed cizojazy\u010dn\u00e9 dovednosti fonetick\u00e9ho a&nbsp;lexik\u00e1ln\u00edho minima. V&nbsp;oblasti produktivn\u00ed a&nbsp;receptivn\u00ed \u010dinnosti rozv\u00edjej\u00ed mluven\u00ed a&nbsp;poslech s&nbsp;porozum\u011bn\u00edm. Na z\u00e1klad\u011b audiovizu\u00e1ln\u00ed recepce d\u011bti nacvi\u010duj\u00ed techniku \u010dten\u00ed v&nbsp;ciz\u00edm jazyce.<\/li>\n<li>U\u010debnice pro \u017e\u00e1ka pln\u00ed z\u00e1rove\u0148 funkci pracovn\u00edho se\u0161itu a&nbsp;je obohacena o&nbsp;p\u0159\u00edlohu shrnuj\u00edc\u00ed u\u010divo 1.&nbsp;ro\u010dn\u00edku, tzv.&nbsp;portfolio.<\/li>\n<li>Nezbytnou sou\u010d\u00e1st souboru tvo\u0159\u00ed nahr\u00e1vky ve form\u00e1tu MP3, kter\u00e1 obsahuj\u00ed fonetick\u00e1 cvi\u010den\u00ed, p\u00edsn\u011b, \u0159\u00edkadla a&nbsp;rozpo\u010ditadla namluven\u00e1 rodil\u00fdmi mluv\u010d\u00edmi (dosp\u011bl\u00fdmi a&nbsp;d\u011btmi) a&nbsp;relaxa\u010dn\u00ed hudbu.<\/li>\n<li>Cel\u00fdm souborem \u017e\u00e1ky prov\u00e1zej\u00ed loutky Lisy a&nbsp;Jense.<\/li>\n<\/ul>\n","protected":false},"excerpt":{"rendered":"<p><a href=\"http:\/\/eshop.polyglot.cz\/cs\/wp-content\/uploads\/2016\/06\/ENE-MENE-1.-d\u00edl-kniha-pro-u\u010ditele_Uk\u00e1zka-PDF.pdf\" target=\"_blank\">Uk\u00e1zka PDF<\/a><\/p>\n<p><a href=\"http:\/\/eshop.polyglot.cz\/cs\/wp-content\/uploads\/2016\/06\/ENE-MENE1_01-113.mp3\" target=\"_blank\">MP3<\/a><\/p>\n","protected":false},"featured_media":1464,"comment_status":"open","ping_status":"closed","template":"","meta":[],"product_cat":[15,112,118],"product_tag":[83],"_links":{"self":[{"href":"https:\/\/eshop.polyglot.cz\/cs\/wp-json\/wp\/v2\/product\/810"}],"collection":[{"href":"https:\/\/eshop.polyglot.cz\/cs\/wp-json\/wp\/v2\/product"}],"about":[{"href":"https:\/\/eshop.polyglot.cz\/cs\/wp-json\/wp\/v2\/types\/product"}],"replies":[{"embeddable":true,"href":"https:\/\/eshop.polyglot.cz\/cs\/wp-json\/wp\/v2\/comments?post=810"}],"wp:featuredmedia":[{"embeddable":true,"href":"https:\/\/eshop.polyglot.cz\/cs\/wp-json\/wp\/v2\/media\/1464"}],"wp:attachment":[{"href":"https:\/\/eshop.polyglot.cz\/cs\/wp-json\/wp\/v2\/media?parent=810"}],"wp:term":[{"taxonomy":"product_cat","embeddable":true,"href":"https:\/\/eshop.polyglot.cz\/cs\/wp-json\/wp\/v2\/product_cat?post=810"},{"taxonomy":"product_tag","embeddable":true,"href":"https:\/\/eshop.polyglot.cz\/cs\/wp-json\/wp\/v2\/product_tag?post=810"}],"curies":[{"name":"wp","href":"https:\/\/api.w.org\/{rel}","templated":true}]}}