{"id":796,"date":"2016-06-20T14:45:54","date_gmt":"2016-06-20T13:45:54","guid":{"rendered":"http:\/\/eshop.polyglot.cz\/cs\/?post_type=product&#038;p=796"},"modified":"2022-08-28T21:00:36","modified_gmt":"2022-08-28T20:00:36","slug":"sprechen-sie-deutsch-pro-zdravotnicke-obory-1-dil-kniha-pro-studenty","status":"publish","type":"product","link":"https:\/\/eshop.polyglot.cz\/cs\/produkt\/sprechen-sie-deutsch-pro-zdravotnicke-obory-1-dil-kniha-pro-studenty\/","title":{"rendered":"Sprechen Sie Deutsch? pro zdravotnick\u00e9 obory&nbsp;\u2013 1.&nbsp;d\u00edl, kniha pro studenty"},"content":{"rendered":"<p><strong>N\u011bm\u010dina Sprechen Sie Deutsch? pro zdravotnick\u00e9 obory \u2013 1.&nbsp;d\u00edl<\/strong><\/p>\n<p>U\u010debnice nab\u00edz\u00ed v\u0161eobecn\u011b, popul\u00e1rn\u011b-v\u011bdecky a&nbsp;odborn\u011b orientovan\u00e9 texty zam\u011b\u0159en\u00e9 na zdravotnickou oblast, \u0161irokou \u0161k\u00e1lu fonetick\u00fdch a&nbsp;lexik\u00e1ln\u00edch cvi\u010den\u00ed, n\u00e1m\u011bty k&nbsp;mluven\u00e9mu slovu. Neobsahuje v\u00fdklad gramatick\u00fdch jev\u016f, zam\u011b\u0159uje se na opakov\u00e1n\u00ed a&nbsp;procvi\u010dov\u00e1n\u00ed u\u010diva, kter\u00e9 \u00fazce souvis\u00ed s&nbsp;odborn\u00fdm stylem. Kniha pro studenta z\u00e1rove\u0148 pln\u00ed funkci pracovn\u00edho se\u0161itu a&nbsp;je dopln\u011bna n\u011bmecko-\u010desk\u00fdm a&nbsp;\u010desko-n\u011bmeck\u00fdm slovn\u00edkem.<\/p>\n<p>U\u010debnici dopl\u0148uj\u00ed audionahr\u00e1vky MP3 soubor\u016f.<\/p>\n","protected":false},"excerpt":{"rendered":"<p><a href=\"https:\/\/eshop.polyglot.cz\/cs\/wp-content\/uploads\/2018\/01\/SSD-ZO-S-obsah.pdf\" target=\"_blank\" rel=\"noopener\">Obsah PDF<\/a><\/p>\n<p><a href=\"https:\/\/eshop.polyglot.cz\/cs\/wp-content\/uploads\/2018\/01\/SSD-ZO-S-ukazka.pdf\" target=\"_blank\" rel=\"noopener\">Uk\u00e1zka PDF<\/a><\/p>\n<p><a href=\"http:\/\/eshop.polyglot.cz\/cs\/wp-content\/uploads\/2016\/06\/SSD_ZO_0100100.mp3\" target=\"_blank\" rel=\"noopener\">MP3<\/a><\/p>\n","protected":false},"featured_media":1525,"comment_status":"open","ping_status":"closed","template":"","meta":[],"product_cat":[15,111],"product_tag":[106],"_links":{"self":[{"href":"https:\/\/eshop.polyglot.cz\/cs\/wp-json\/wp\/v2\/product\/796"}],"collection":[{"href":"https:\/\/eshop.polyglot.cz\/cs\/wp-json\/wp\/v2\/product"}],"about":[{"href":"https:\/\/eshop.polyglot.cz\/cs\/wp-json\/wp\/v2\/types\/product"}],"replies":[{"embeddable":true,"href":"https:\/\/eshop.polyglot.cz\/cs\/wp-json\/wp\/v2\/comments?post=796"}],"wp:featuredmedia":[{"embeddable":true,"href":"https:\/\/eshop.polyglot.cz\/cs\/wp-json\/wp\/v2\/media\/1525"}],"wp:attachment":[{"href":"https:\/\/eshop.polyglot.cz\/cs\/wp-json\/wp\/v2\/media?parent=796"}],"wp:term":[{"taxonomy":"product_cat","embeddable":true,"href":"https:\/\/eshop.polyglot.cz\/cs\/wp-json\/wp\/v2\/product_cat?post=796"},{"taxonomy":"product_tag","embeddable":true,"href":"https:\/\/eshop.polyglot.cz\/cs\/wp-json\/wp\/v2\/product_tag?post=796"}],"curies":[{"name":"wp","href":"https:\/\/api.w.org\/{rel}","templated":true}]}}