{"id":782,"date":"2016-06-20T12:51:59","date_gmt":"2016-06-20T11:51:59","guid":{"rendered":"http:\/\/eshop.polyglot.cz\/cs\/?post_type=product&#038;p=782"},"modified":"2022-08-14T21:49:36","modified_gmt":"2022-08-14T20:49:36","slug":"sprechen-sie-deutsch-4-dil_mp3","status":"publish","type":"product","link":"https:\/\/eshop.polyglot.cz\/cs\/produkt\/sprechen-sie-deutsch-4-dil_mp3\/","title":{"rendered":"Sprechen Sie Deutsch? \u2013 4.&nbsp;d\u00edl, nahr\u00e1vky ve form\u00e1tu MP3"},"content":{"rendered":"<p><strong>N\u011bm\u010dina Sprechen Sie Deutsch? \u2013 4.&nbsp;d\u00edl<\/strong><\/p>\n<ul>\n<li>Sou\u010d\u00e1st\u00ed souboru je\u00a0PDF s\u00a0obsahem nahr\u00e1vek.<\/li>\n<li>Po zaplacen\u00ed dostanete e-mail s\u00a0odkazem ke sta\u017een\u00ed souboru.<\/li>\n<\/ul>\n<p>&nbsp;<\/p>\n","protected":false},"excerpt":{"rendered":"<p>Nahr\u00e1vky ve form\u00e1tu MP3 ke sta\u017een\u00ed.<\/p>\n<p><a href=\"https:\/\/eshop.polyglot.cz\/cs\/wp-content\/uploads\/2018\/02\/SSD-4-obsah-MP3.pdf\" target=\"_blank\" rel=\"noopener\">Obsah PDF<\/a><\/p>\n<p><a href=\"http:\/\/eshop.polyglot.cz\/cs\/wp-content\/uploads\/2016\/06\/SSD4011XXX1.mp3\" target=\"_blank\" rel=\"noopener\">Uk\u00e1zka MP3<\/a><\/p>\n","protected":false},"featured_media":1225,"comment_status":"open","ping_status":"closed","template":"","meta":[],"product_cat":[15,100,109],"product_tag":[110],"_links":{"self":[{"href":"https:\/\/eshop.polyglot.cz\/cs\/wp-json\/wp\/v2\/product\/782"}],"collection":[{"href":"https:\/\/eshop.polyglot.cz\/cs\/wp-json\/wp\/v2\/product"}],"about":[{"href":"https:\/\/eshop.polyglot.cz\/cs\/wp-json\/wp\/v2\/types\/product"}],"replies":[{"embeddable":true,"href":"https:\/\/eshop.polyglot.cz\/cs\/wp-json\/wp\/v2\/comments?post=782"}],"wp:featuredmedia":[{"embeddable":true,"href":"https:\/\/eshop.polyglot.cz\/cs\/wp-json\/wp\/v2\/media\/1225"}],"wp:attachment":[{"href":"https:\/\/eshop.polyglot.cz\/cs\/wp-json\/wp\/v2\/media?parent=782"}],"wp:term":[{"taxonomy":"product_cat","embeddable":true,"href":"https:\/\/eshop.polyglot.cz\/cs\/wp-json\/wp\/v2\/product_cat?post=782"},{"taxonomy":"product_tag","embeddable":true,"href":"https:\/\/eshop.polyglot.cz\/cs\/wp-json\/wp\/v2\/product_tag?post=782"}],"curies":[{"name":"wp","href":"https:\/\/api.w.org\/{rel}","templated":true}]}}