{"id":753,"date":"2016-06-20T10:35:41","date_gmt":"2016-06-20T09:35:41","guid":{"rendered":"http:\/\/eshop.polyglot.cz\/cs\/?post_type=product&#038;p=753"},"modified":"2022-08-17T15:28:42","modified_gmt":"2022-08-17T14:28:42","slug":"sprechen-sie-deutsch-3-dil-kniha-pro-studenty","status":"publish","type":"product","link":"https:\/\/eshop.polyglot.cz\/cs\/produkt\/sprechen-sie-deutsch-3-dil-kniha-pro-studenty\/","title":{"rendered":"Sprechen Sie Deutsch? \u2013 3.&nbsp;d\u00edl, kniha pro studenty"},"content":{"rendered":"<p><strong>N\u011bm\u010dina Sprechen Sie Deutsch? \u2013 3.&nbsp;d\u00edl<\/strong><\/p>\n<p>Spojuje v\u00fdhody tradi\u010dn\u00edch a&nbsp;modern\u00edch u\u010debnic. Nab\u00edz\u00ed p\u0159ehledn\u00fd v\u00fdklad gramatiky, \u0161irokou \u0161k\u00e1lu cvi\u010den\u00ed na mluvnici, v\u00fdslovnost, pravopis a&nbsp;slovn\u00ed z\u00e1sobu, n\u00e1m\u011bty k&nbsp;mluven\u00e9mu a&nbsp;psan\u00e9mu projevu. Obsahuje rovn\u011b\u017e pracovn\u00ed se\u0161it, mapy, slovn\u00edky a&nbsp;p\u0159ehled gramatiky.<\/p>\n<p>U\u010debnicov\u00fd soubor Sprechen Sie Deutsch? se skl\u00e1d\u00e1 z&nbsp;vlastn\u00ed \u017e\u00e1kovsk\u00e9 u\u010debnice, knihy pro u\u010ditele a&nbsp;nahr\u00e1vek ve form\u00e1tu MP3. U\u010debnice byla schv\u00e1lena M\u0160MT \u010cR k&nbsp;za\u0159azen\u00ed do seznamu u\u010debnic pro st\u0159edn\u00ed \u0161koly jako sou\u010d\u00e1st ucelen\u00e9 \u0159ady u\u010debnic pro vyu\u010dovac\u00ed p\u0159edm\u011bt n\u011bmeck\u00fd jazyk.<\/p>\n<p>Obsah u\u010diva a&nbsp;jeho uspo\u0159\u00e1d\u00e1n\u00ed, metody a&nbsp;formy pr\u00e1ce ve 3.&nbsp;d\u00edle umo\u017e\u0148uj\u00ed dosa\u017een\u00ed referen\u010dn\u00ed \u00farovn\u011b B2 podle Spole\u010dn\u00e9ho evropsk\u00e9ho referen\u010dn\u00edho r\u00e1mce.<\/p>\n","protected":false},"excerpt":{"rendered":"<p><a href=\"https:\/\/eshop.polyglot.cz\/cs\/wp-content\/uploads\/2018\/01\/SSD3-S-obsah.pdf\" target=\"_blank\" rel=\"noopener\">Obsah PDF<\/a><\/p>\n<p><a href=\"https:\/\/eshop.polyglot.cz\/cs\/wp-content\/uploads\/2018\/01\/SSD3-S-ukazka.pdf\" target=\"_blank\" rel=\"noopener\">Uk\u00e1zka PDF<\/a><\/p>\n<p><a href=\"http:\/\/eshop.polyglot.cz\/cs\/wp-content\/uploads\/2016\/06\/SSD-3_1B.mp3\" target=\"_blank\" rel=\"noopener\">MP3<\/a><\/p>\n","protected":false},"featured_media":1521,"comment_status":"open","ping_status":"closed","template":"","meta":[],"product_cat":[15,100,108],"product_tag":[106],"_links":{"self":[{"href":"https:\/\/eshop.polyglot.cz\/cs\/wp-json\/wp\/v2\/product\/753"}],"collection":[{"href":"https:\/\/eshop.polyglot.cz\/cs\/wp-json\/wp\/v2\/product"}],"about":[{"href":"https:\/\/eshop.polyglot.cz\/cs\/wp-json\/wp\/v2\/types\/product"}],"replies":[{"embeddable":true,"href":"https:\/\/eshop.polyglot.cz\/cs\/wp-json\/wp\/v2\/comments?post=753"}],"wp:featuredmedia":[{"embeddable":true,"href":"https:\/\/eshop.polyglot.cz\/cs\/wp-json\/wp\/v2\/media\/1521"}],"wp:attachment":[{"href":"https:\/\/eshop.polyglot.cz\/cs\/wp-json\/wp\/v2\/media?parent=753"}],"wp:term":[{"taxonomy":"product_cat","embeddable":true,"href":"https:\/\/eshop.polyglot.cz\/cs\/wp-json\/wp\/v2\/product_cat?post=753"},{"taxonomy":"product_tag","embeddable":true,"href":"https:\/\/eshop.polyglot.cz\/cs\/wp-json\/wp\/v2\/product_tag?post=753"}],"curies":[{"name":"wp","href":"https:\/\/api.w.org\/{rel}","templated":true}]}}