{"id":739,"date":"2016-06-20T10:03:27","date_gmt":"2016-06-20T09:03:27","guid":{"rendered":"http:\/\/eshop.polyglot.cz\/cs\/?post_type=product&#038;p=739"},"modified":"2022-08-17T15:27:28","modified_gmt":"2022-08-17T14:27:28","slug":"sprechen-sie-deutsch-2-dil-kniha-pro-ucitele","status":"publish","type":"product","link":"https:\/\/eshop.polyglot.cz\/cs\/produkt\/sprechen-sie-deutsch-2-dil-kniha-pro-ucitele\/","title":{"rendered":"Sprechen Sie Deutsch? \u2013 2.&nbsp;d\u00edl, kniha pro u\u010ditele"},"content":{"rendered":"<p><strong>N\u011bm\u010dina Sprechen Sie Deutsch? \u2013 2.&nbsp;d\u00edl<\/strong><\/p>\n<p>K z\u00e1kladn\u00edmu obsahu studentsk\u00e9 knihy se v&nbsp;u\u010ditelsk\u00e9 knize p\u0159id\u00e1v\u00e1 jak komplet test\u016f ke kop\u00edrov\u00e1n\u00ed, tak metodick\u00e9 pozn\u00e1mky ke gramatice, vysv\u011btlivky k&nbsp;slovn\u00ed z\u00e1sob\u011b a&nbsp;re\u00e1li\u00edm. Praktickou sou\u010d\u00e1st\u00ed publikace je i&nbsp;kl\u00ed\u010d ke cvi\u010den\u00edm na roz\u0161\u00ed\u0159en\u00fdch okraj\u00edch.<\/p>\n","protected":false},"excerpt":{"rendered":"<p><a href=\"https:\/\/eshop.polyglot.cz\/cs\/wp-content\/uploads\/2018\/01\/SSD2-U-obsah.pdf\" target=\"_blank\" rel=\"noopener\">Obsah PDF<\/a><\/p>\n<p><a href=\"https:\/\/eshop.polyglot.cz\/cs\/wp-content\/uploads\/2018\/01\/SSD2-U-ukazka.pdf\" target=\"_blank\" rel=\"noopener\">Uk\u00e1zka PDF<\/a><\/p>\n<p><a href=\"https:\/\/eshop.polyglot.cz\/cs\/wp-content\/uploads\/2018\/01\/SSD2-U-ukazka.mp3\" target=\"_blank\" rel=\"noopener\">MP3<\/a><\/p>\n","protected":false},"featured_media":1140,"comment_status":"open","ping_status":"closed","template":"","meta":[],"product_cat":[15,100,105],"product_tag":[85],"_links":{"self":[{"href":"https:\/\/eshop.polyglot.cz\/cs\/wp-json\/wp\/v2\/product\/739"}],"collection":[{"href":"https:\/\/eshop.polyglot.cz\/cs\/wp-json\/wp\/v2\/product"}],"about":[{"href":"https:\/\/eshop.polyglot.cz\/cs\/wp-json\/wp\/v2\/types\/product"}],"replies":[{"embeddable":true,"href":"https:\/\/eshop.polyglot.cz\/cs\/wp-json\/wp\/v2\/comments?post=739"}],"wp:featuredmedia":[{"embeddable":true,"href":"https:\/\/eshop.polyglot.cz\/cs\/wp-json\/wp\/v2\/media\/1140"}],"wp:attachment":[{"href":"https:\/\/eshop.polyglot.cz\/cs\/wp-json\/wp\/v2\/media?parent=739"}],"wp:term":[{"taxonomy":"product_cat","embeddable":true,"href":"https:\/\/eshop.polyglot.cz\/cs\/wp-json\/wp\/v2\/product_cat?post=739"},{"taxonomy":"product_tag","embeddable":true,"href":"https:\/\/eshop.polyglot.cz\/cs\/wp-json\/wp\/v2\/product_tag?post=739"}],"curies":[{"name":"wp","href":"https:\/\/api.w.org\/{rel}","templated":true}]}}