{"id":713,"date":"2016-06-20T08:06:00","date_gmt":"2016-06-20T07:06:00","guid":{"rendered":"http:\/\/eshop.polyglot.cz\/cs\/?post_type=product&#038;p=713"},"modified":"2022-08-17T15:26:54","modified_gmt":"2022-08-17T14:26:54","slug":"sprechen-sie-deutsch-1-dil-metodicka-prirucka","status":"publish","type":"product","link":"https:\/\/eshop.polyglot.cz\/cs\/produkt\/sprechen-sie-deutsch-1-dil-metodicka-prirucka\/","title":{"rendered":"Sprechen Sie Deutsch? \u2013 1.&nbsp;d\u00edl, metodick\u00e1 p\u0159\u00edru\u010dka"},"content":{"rendered":"<p><strong>N\u011bm\u010dina Sprechen Sie Deutsch? \u2013 1.&nbsp;d\u00edl<\/strong><\/p>\n<p>Metodick\u00e1 p\u0159\u00edru\u010dka dopl\u0148uje z\u00e1kladn\u00ed metodick\u00e9 pozn\u00e1mky obsa\u017een\u00e9 v&nbsp;knize Sprechen Sie Deutsch? pro u\u010ditele. V&nbsp;\u00favodu knihy auto\u0159i podrobn\u011b p\u0159edstavuj\u00ed strukturu u\u010debnice a&nbsp;uv\u00e1d\u011bj\u00ed obecn\u00e9 i&nbsp;konkr\u00e9tn\u00ed metodick\u00e9 n\u00e1m\u011bty. N\u00e1sleduj\u00ed uk\u00e1zky pr\u00e1ce s&nbsp;1.&nbsp;d\u00edlem u\u010debnice rozpracovan\u00e9 jako n\u00e1m\u011bty pro jednotliv\u00e9 vyu\u010dovac\u00ed hodiny. Sou\u010d\u00e1st\u00ed publikace jsou obrazov\u00e9 p\u0159\u00edlohy (cvi\u010den\u00ed, hry), kter\u00e9 se zam\u011b\u0159uj\u00ed na n\u00e1cvik slovn\u00ed z\u00e1soby, pr\u00e1ci s&nbsp;textem, dal\u0161\u00ed procvi\u010dov\u00e1n\u00ed gramatiky a&nbsp;konverza\u010dn\u00edho celku. Jsou p\u0159ipraven\u00e9 jako p\u0159edlohy pro kop\u00edrov\u00e1n\u00ed.<\/p>\n","protected":false},"excerpt":{"rendered":"<p><a href=\"https:\/\/eshop.polyglot.cz\/cs\/wp-content\/uploads\/2018\/01\/SSD1-metodika-ukazka.pdf\" target=\"_blank\" rel=\"noopener\">Uk\u00e1zka PDF<\/a><\/p>\n","protected":false},"featured_media":714,"comment_status":"open","ping_status":"closed","template":"","meta":[],"product_cat":[15,100,101],"product_tag":[103],"_links":{"self":[{"href":"https:\/\/eshop.polyglot.cz\/cs\/wp-json\/wp\/v2\/product\/713"}],"collection":[{"href":"https:\/\/eshop.polyglot.cz\/cs\/wp-json\/wp\/v2\/product"}],"about":[{"href":"https:\/\/eshop.polyglot.cz\/cs\/wp-json\/wp\/v2\/types\/product"}],"replies":[{"embeddable":true,"href":"https:\/\/eshop.polyglot.cz\/cs\/wp-json\/wp\/v2\/comments?post=713"}],"wp:featuredmedia":[{"embeddable":true,"href":"https:\/\/eshop.polyglot.cz\/cs\/wp-json\/wp\/v2\/media\/714"}],"wp:attachment":[{"href":"https:\/\/eshop.polyglot.cz\/cs\/wp-json\/wp\/v2\/media?parent=713"}],"wp:term":[{"taxonomy":"product_cat","embeddable":true,"href":"https:\/\/eshop.polyglot.cz\/cs\/wp-json\/wp\/v2\/product_cat?post=713"},{"taxonomy":"product_tag","embeddable":true,"href":"https:\/\/eshop.polyglot.cz\/cs\/wp-json\/wp\/v2\/product_tag?post=713"}],"curies":[{"name":"wp","href":"https:\/\/api.w.org\/{rel}","templated":true}]}}