{"id":633,"date":"2016-06-16T13:33:23","date_gmt":"2016-06-16T12:33:23","guid":{"rendered":"http:\/\/eshop.polyglot.cz\/cs\/?post_type=product&#038;p=633"},"modified":"2021-11-09T16:31:47","modified_gmt":"2021-11-09T15:31:47","slug":"sprechen-sie-deutsch-1-dil-kniha-pro-ucitele","status":"publish","type":"product","link":"https:\/\/eshop.polyglot.cz\/cs\/produkt\/sprechen-sie-deutsch-1-dil-kniha-pro-ucitele\/","title":{"rendered":"Sprechen Sie Deutsch? \u2013 1.&nbsp;d\u00edl, kniha pro u\u010ditele"},"content":{"rendered":"<p>U\u010debnice Sprechen Sie Deutsch? \u2013 1.&nbsp;d\u00edl,\u00a0kniha pro u\u010ditele nen\u00ed skladem. Lze kombinovat knihu pro \u017e\u00e1ka s&nbsp;pozn\u00e1mkami na roz\u0161\u00ed\u0159en\u00fdch okraj\u00edch u\u010ditelsk\u00e9 knihy, kter\u00e9 jsou k&nbsp;dispozici zdarma\u00a0v elektronick\u00e9 podob\u011b (pdf)\u00a0<span style=\"color: #ff0000;\"><strong><a style=\"color: #ff0000;\" href=\"https:\/\/www.polyglot.cz\/cs\/nakladatelstvi\/materialy-ke-stazeni\/\" target=\"_blank\">zde<\/a><\/strong><\/span>.<\/p>\n","protected":false},"excerpt":{"rendered":"<p><a href=\"https:\/\/www.polyglot.cz\/cs\/nakladatelstvi\/materialy-ke-stazeni\/\" target=\"_blank\"><span style=\"color: #ff0000;\"><strong><span style=\"text-decoration: underline;\">Kniha\u00a0je\u00a0ke sta\u017een\u00ed zde.<\/span><\/strong><\/span><\/a><\/p>\n","protected":false},"featured_media":1137,"comment_status":"open","ping_status":"closed","template":"","meta":[],"product_cat":[101],"product_tag":[85],"_links":{"self":[{"href":"https:\/\/eshop.polyglot.cz\/cs\/wp-json\/wp\/v2\/product\/633"}],"collection":[{"href":"https:\/\/eshop.polyglot.cz\/cs\/wp-json\/wp\/v2\/product"}],"about":[{"href":"https:\/\/eshop.polyglot.cz\/cs\/wp-json\/wp\/v2\/types\/product"}],"replies":[{"embeddable":true,"href":"https:\/\/eshop.polyglot.cz\/cs\/wp-json\/wp\/v2\/comments?post=633"}],"wp:featuredmedia":[{"embeddable":true,"href":"https:\/\/eshop.polyglot.cz\/cs\/wp-json\/wp\/v2\/media\/1137"}],"wp:attachment":[{"href":"https:\/\/eshop.polyglot.cz\/cs\/wp-json\/wp\/v2\/media?parent=633"}],"wp:term":[{"taxonomy":"product_cat","embeddable":true,"href":"https:\/\/eshop.polyglot.cz\/cs\/wp-json\/wp\/v2\/product_cat?post=633"},{"taxonomy":"product_tag","embeddable":true,"href":"https:\/\/eshop.polyglot.cz\/cs\/wp-json\/wp\/v2\/product_tag?post=633"}],"curies":[{"name":"wp","href":"https:\/\/api.w.org\/{rel}","templated":true}]}}