{"id":589,"date":"2016-06-09T16:20:38","date_gmt":"2016-06-09T15:20:38","guid":{"rendered":"http:\/\/eshop.polyglot.cz\/cs\/?post_type=product&#038;p=589"},"modified":"2024-11-28T19:00:26","modified_gmt":"2024-11-28T18:00:26","slug":"passt-schon-interaktiv-1-dil","status":"publish","type":"product","link":"https:\/\/eshop.polyglot.cz\/cs\/produkt\/passt-schon-interaktiv-1-dil\/","title":{"rendered":"Passt&nbsp;schon!&nbsp;1&nbsp;interaktiv"},"content":{"rendered":"<p><strong>N\u011bm\u010dina Passt&nbsp;schon!&nbsp;1 interaktiv<\/strong><\/p>\n<ul>\n<li>Multimedi\u00e1ln\u00ed u\u010debnici <em>Passt&nbsp;schon!&nbsp;1 interaktiv<\/em> nab\u00edz\u00edme prost\u0159ednictv\u00edm e-knihovny Publi\u00a0\u2013 <a href=\"https:\/\/publi.cz\/book\/912-passt-schon-1-interaktiv\" target=\"_blank\" rel=\"noopener\">zde<\/a>.<\/li>\n<li>D\u00e9lka licence je 18 m\u011bs\u00edc\u016f.<\/li>\n<li>Jedna licence umo\u017e\u0148uje instalaci na dv\u011b za\u0159\u00edzen\u00ed.<\/li>\n<li><em>Passt schon!\u00a01 interaktiv<\/em> je multimedi\u00e1ln\u00ed verze u\u010debnice <em>Passt schon!<\/em> na \u00farovni A1 podle SERR.<\/li>\n<li><em>Passt&nbsp;schon!&nbsp;1 interaktiv<\/em> obsahuje vybran\u00e1 cvi\u010den\u00ed ze v\u0161ech odd\u00edl\u016f u\u010debnice <em>Passt schon!<\/em> z&nbsp;knihy pro \u017e\u00e1ka i&nbsp;z&nbsp;pracovn\u00edho se\u0161itu.<\/li>\n<li>Multimedi\u00e1ln\u00ed u\u010debnice nab\u00edz\u00ed cvi\u010den\u00ed ke v\u0161em \u0159e\u010dov\u00fdm dovednostem: \u010dten\u00ed, poslechu, psan\u00ed i&nbsp;mluven\u00ed.<\/li>\n<li>Multimedi\u00e1ln\u00ed u\u010debnice obsahuje \u0159e\u0161en\u00ed \u00faloh a&nbsp;nahr\u00e1vky v\u0161ech poslechov\u00fdch text\u016f.<\/li>\n<li>Multimedi\u00e1ln\u00ed u\u010debnice je vhodn\u00e1 pro v\u0161echny typy interaktivn\u00ed tabule.<\/li>\n<\/ul>\n","protected":false},"excerpt":{"rendered":"<p>Passt&nbsp;schon!&nbsp;1 interaktiv koup\u00edte v&nbsp;<a href=\"https:\/\/publi.cz\/book\/912-passt-schon-1-interaktiv\" target=\"_blank\" rel=\"noopener\">e-knihovn\u011b Publi<\/a>.<\/p>\n<p><a href=\"https:\/\/eshop.polyglot.cz\/cs\/wp-content\/uploads\/2017\/12\/PS1-interaktiv-ukazka.pdf\" target=\"_blank\" rel=\"noopener\">Uk\u00e1zka PDF<\/a><\/p>\n<p><a href=\"https:\/\/eshop.polyglot.cz\/cs\/wp-content\/uploads\/2022\/03\/PS1-interaktiv-DEMO.flipchart\" target=\"_blank\" rel=\"noopener\">Demoverze<\/a><\/p>\n<p><a href=\"http:\/\/eshop.polyglot.cz\/cs\/poznamka-activinspire\/\" target=\"_blank\" rel=\"noopener\">Pozn\u00e1mka k&nbsp;demoverzi<\/a><\/p>\n","protected":false},"featured_media":625,"comment_status":"open","ping_status":"closed","template":"","meta":[],"product_cat":[15,56,80,96],"product_tag":[172],"_links":{"self":[{"href":"https:\/\/eshop.polyglot.cz\/cs\/wp-json\/wp\/v2\/product\/589"}],"collection":[{"href":"https:\/\/eshop.polyglot.cz\/cs\/wp-json\/wp\/v2\/product"}],"about":[{"href":"https:\/\/eshop.polyglot.cz\/cs\/wp-json\/wp\/v2\/types\/product"}],"replies":[{"embeddable":true,"href":"https:\/\/eshop.polyglot.cz\/cs\/wp-json\/wp\/v2\/comments?post=589"}],"wp:featuredmedia":[{"embeddable":true,"href":"https:\/\/eshop.polyglot.cz\/cs\/wp-json\/wp\/v2\/media\/625"}],"wp:attachment":[{"href":"https:\/\/eshop.polyglot.cz\/cs\/wp-json\/wp\/v2\/media?parent=589"}],"wp:term":[{"taxonomy":"product_cat","embeddable":true,"href":"https:\/\/eshop.polyglot.cz\/cs\/wp-json\/wp\/v2\/product_cat?post=589"},{"taxonomy":"product_tag","embeddable":true,"href":"https:\/\/eshop.polyglot.cz\/cs\/wp-json\/wp\/v2\/product_tag?post=589"}],"curies":[{"name":"wp","href":"https:\/\/api.w.org\/{rel}","templated":true}]}}