{"id":496,"date":"2016-06-08T13:19:07","date_gmt":"2016-06-08T12:19:07","guid":{"rendered":"http:\/\/eshop.polyglot.cz\/cs\/?post_type=product&#038;p=496"},"modified":"2018-02-19T12:20:16","modified_gmt":"2018-02-19T11:20:16","slug":"macht-mit-2-dil-prilohy","status":"publish","type":"product","link":"https:\/\/eshop.polyglot.cz\/cs\/produkt\/macht-mit-2-dil-prilohy\/","title":{"rendered":"Macht mit! \u2013 2.&nbsp;d\u00edl, p\u0159\u00edlohy"},"content":{"rendered":"<p><strong>N\u011bm\u010dina Macht mit! \u2013 2.&nbsp;d\u00edl<\/strong><\/p>\n<div align=\"left\">\n<ul>\n<li><em>Macht mit!<\/em> je modern\u00ed t\u0159\u00edd\u00edln\u00e1 u\u010debnice n\u011bmeck\u00e9ho jazyka.<\/li>\n<li>U\u010debnice je ur\u010dena pro v\u00fduku n\u011bm\u010diny jako druh\u00e9ho ciz\u00edho jazyka v\u00a07.\u20139. (resp. 6.\u20139.) ro\u010dn\u00edku z\u00e1kladn\u00edch \u0161kol nebo v\u00a0odpov\u00eddaj\u00edc\u00edch ro\u010dn\u00edc\u00edch v\u00edcelet\u00fdch gymn\u00e1zi\u00ed.<\/li>\n<li>U\u010debn\u00ed soubor dopl\u0148uj\u00ed \u010dernob\u00edl\u00e9 p\u0159\u00edlohy, testy\u00a0(p\u0159edlohy ke kop\u00edrov\u00e1n\u00ed) a&nbsp;plak\u00e1ty.<\/li>\n<li>Obrazov\u00e9 p\u0159\u00edlohy obsahuj\u00ed p\u0159edlohy ke hr\u00e1m, dopl\u0148uj\u00edc\u00ed cvi\u010den\u00ed na slovn\u00ed z\u00e1sobu a&nbsp;gramatiku.<\/li>\n<li><a href=\"http:\/\/www.mujpolyglot.cz\/\" target=\"_blank\"><span style=\"color: #ff0000;\"><strong>P\u0159\u00edlohy jsou ke sta\u017een\u00ed\u00a0ZDARMA\u00a0na\u00a0www.polyglot.cz.<\/strong><\/span><\/a><\/li>\n<\/ul>\n<\/div>\n","protected":false},"excerpt":{"rendered":"<p><a href=\"http:\/\/www.mujpolyglot.cz\/\" target=\"_blank\"><span style=\"color: #ff0000;\"><strong><span style=\"text-decoration: underline;\">P\u0159\u00edlohy ke sta\u017een\u00ed na\u00a0www.polyglot.cz<\/span><\/strong><\/span><\/a><\/p>\n<p><a href=\"http:\/\/eshop.polyglot.cz\/cs\/wp-content\/uploads\/2016\/06\/Macht-mit-\u2013-2.-d\u00edl-p\u0159\u00edlohy_Uk\u00e1zka-PDF.pdf\" target=\"_blank\">Uk\u00e1zka PDF<\/a><\/p>\n","protected":false},"featured_media":676,"comment_status":"open","ping_status":"closed","template":"","meta":[],"product_cat":[15,74,77],"product_tag":[87],"_links":{"self":[{"href":"https:\/\/eshop.polyglot.cz\/cs\/wp-json\/wp\/v2\/product\/496"}],"collection":[{"href":"https:\/\/eshop.polyglot.cz\/cs\/wp-json\/wp\/v2\/product"}],"about":[{"href":"https:\/\/eshop.polyglot.cz\/cs\/wp-json\/wp\/v2\/types\/product"}],"replies":[{"embeddable":true,"href":"https:\/\/eshop.polyglot.cz\/cs\/wp-json\/wp\/v2\/comments?post=496"}],"wp:featuredmedia":[{"embeddable":true,"href":"https:\/\/eshop.polyglot.cz\/cs\/wp-json\/wp\/v2\/media\/676"}],"wp:attachment":[{"href":"https:\/\/eshop.polyglot.cz\/cs\/wp-json\/wp\/v2\/media?parent=496"}],"wp:term":[{"taxonomy":"product_cat","embeddable":true,"href":"https:\/\/eshop.polyglot.cz\/cs\/wp-json\/wp\/v2\/product_cat?post=496"},{"taxonomy":"product_tag","embeddable":true,"href":"https:\/\/eshop.polyglot.cz\/cs\/wp-json\/wp\/v2\/product_tag?post=496"}],"curies":[{"name":"wp","href":"https:\/\/api.w.org\/{rel}","templated":true}]}}