{"id":490,"date":"2016-06-08T12:51:31","date_gmt":"2016-06-08T11:51:31","guid":{"rendered":"http:\/\/eshop.polyglot.cz\/cs\/?post_type=product&#038;p=490"},"modified":"2022-08-17T15:03:16","modified_gmt":"2022-08-17T14:03:16","slug":"macht-mit-2-dil-kniha-pro-ucitele","status":"publish","type":"product","link":"https:\/\/eshop.polyglot.cz\/cs\/produkt\/macht-mit-2-dil-kniha-pro-ucitele\/","title":{"rendered":"Macht mit! \u2013 2.&nbsp;d\u00edl, kniha pro u\u010ditele"},"content":{"rendered":"<p><strong>N\u011bm\u010dina Macht mit! \u2013\u00a02.&nbsp;d\u00edl<\/strong><\/p>\n<ul>\n<li><em>Macht mit!<\/em> je modern\u00ed t\u0159\u00edd\u00edln\u00e1 u\u010debnice n\u011bmeck\u00e9ho jazyka.<\/li>\n<li>U\u010debnice je ur\u010dena pro v\u00fduku n\u011bm\u010diny jako druh\u00e9ho ciz\u00edho jazyka v\u00a07.\u20139. (resp. 6.\u20139.) ro\u010dn\u00edku z\u00e1kladn\u00edch \u0161kol nebo v\u00a0odpov\u00eddaj\u00edc\u00edch ro\u010dn\u00edc\u00edch v\u00edcelet\u00fdch gymn\u00e1zi\u00ed.<\/li>\n<li><span style=\"color: #000000;\">U\u010debnice vede k&nbsp;rozvoji v\u0161ech \u0159e\u010dov\u00fdch dovednost\u00ed \u2013 \u010dten\u00ed a&nbsp;poslechu s&nbsp;porozum\u011bn\u00edm, \u00fastn\u00edho a&nbsp;p\u00edsemn\u00e9ho projevu.<\/span><\/li>\n<li><span style=\"color: #000000;\">U\u010divo odpov\u00edd\u00e1 sv\u00fdm obsahem a&nbsp;rozsahem (180\u2013200 hodin) po\u017eadavk\u016fm <em>R\u00e1mcov\u00e9ho vzd\u011bl\u00e1vac\u00edho programu pro z\u00e1kladn\u00ed vzd\u011bl\u00e1v\u00e1n\u00ed<\/em>.<\/span><\/li>\n<li><span style=\"color: #000000;\">U\u010debnice obsahuje \u0161est tematick\u00fdch okruh\u016f, ka\u017ed\u00e1 lekce je rozvr\u017eena do deseti vyu\u010dovac\u00edch hodin. Prvn\u00ed d\u00edl je uveden vstupn\u00edm audioor\u00e1ln\u00edm kurzem.<\/span><\/li>\n<li><span style=\"color: #000000;\">Kniha pro u\u010ditele je sou\u010dasn\u011b metodickou p\u0159\u00edru\u010dkou, krom\u011b \u017e\u00e1kovsk\u00e9 u\u010debnice obsahuje i&nbsp;vlo\u017een\u00e9 listy s\u00a0metodick\u00fdmi n\u00e1m\u011bty ke ka\u017ed\u00e9 vyu\u010dovac\u00ed hodin\u011b.<\/span><\/li>\n<li><span style=\"color: #000000;\">Vlo\u017een\u00fd metodick\u00fd list pro u\u010ditele obsahuje krom\u011b n\u00e1vrhu pr\u00e1ce ve vyu\u010dovac\u00ed hodin\u011b i&nbsp;transkripci nahr\u00e1vek a&nbsp;\u0159e\u0161en\u00ed cvi\u010den\u00ed.<\/span><\/li>\n<li><span style=\"color: #000000;\">Obsah u\u010diva a&nbsp;jeho uspo\u0159\u00e1d\u00e1n\u00ed, metody a&nbsp;formy pr\u00e1ce umo\u017e\u0148uj\u00ed dosa\u017een\u00ed referen\u010dn\u00ed \u00farovn\u011b A1 podle SERR.<\/span><\/li>\n<\/ul>\n","protected":false},"excerpt":{"rendered":"<p><a href=\"http:\/\/eshop.polyglot.cz\/cs\/wp-content\/uploads\/2016\/06\/Macht-mit-\u2013-2.-d\u00edl-kniha-pro-u\u010ditele_Uk\u00e1zka-PDF.pdf\" target=\"_blank\" rel=\"noopener\">Uk\u00e1zka PDF<\/a><\/p>\n<p><a href=\"http:\/\/eshop.polyglot.cz\/cs\/wp-content\/uploads\/2016\/06\/Macht-mit-\u2013-2.-d\u00edl-kniha-pro-u\u010ditele_Obsah-PDF.pdf\" target=\"_blank\" rel=\"noopener\">Obsah PDF<\/a><\/p>\n<p><a href=\"http:\/\/eshop.polyglot.cz\/cs\/wp-content\/uploads\/2016\/06\/MM2_CD2_32.mp3\" target=\"_blank\" rel=\"noopener\">MP3<\/a><\/p>\n","protected":false},"featured_media":1505,"comment_status":"open","ping_status":"closed","template":"","meta":[],"product_cat":[15,74,77],"product_tag":[85],"_links":{"self":[{"href":"https:\/\/eshop.polyglot.cz\/cs\/wp-json\/wp\/v2\/product\/490"}],"collection":[{"href":"https:\/\/eshop.polyglot.cz\/cs\/wp-json\/wp\/v2\/product"}],"about":[{"href":"https:\/\/eshop.polyglot.cz\/cs\/wp-json\/wp\/v2\/types\/product"}],"replies":[{"embeddable":true,"href":"https:\/\/eshop.polyglot.cz\/cs\/wp-json\/wp\/v2\/comments?post=490"}],"wp:featuredmedia":[{"embeddable":true,"href":"https:\/\/eshop.polyglot.cz\/cs\/wp-json\/wp\/v2\/media\/1505"}],"wp:attachment":[{"href":"https:\/\/eshop.polyglot.cz\/cs\/wp-json\/wp\/v2\/media?parent=490"}],"wp:term":[{"taxonomy":"product_cat","embeddable":true,"href":"https:\/\/eshop.polyglot.cz\/cs\/wp-json\/wp\/v2\/product_cat?post=490"},{"taxonomy":"product_tag","embeddable":true,"href":"https:\/\/eshop.polyglot.cz\/cs\/wp-json\/wp\/v2\/product_tag?post=490"}],"curies":[{"name":"wp","href":"https:\/\/api.w.org\/{rel}","templated":true}]}}