{"id":486,"date":"2016-06-08T12:42:04","date_gmt":"2016-06-08T11:42:04","guid":{"rendered":"http:\/\/eshop.polyglot.cz\/cs\/?post_type=product&#038;p=486"},"modified":"2023-12-06T16:18:43","modified_gmt":"2023-12-06T15:18:43","slug":"macht-mit-2-dil-pracovni-sesit","status":"publish","type":"product","link":"https:\/\/eshop.polyglot.cz\/cs\/produkt\/macht-mit-2-dil-pracovni-sesit\/","title":{"rendered":"Macht mit! \u2013 2.&nbsp;d\u00edl, pracovn\u00ed se\u0161it"},"content":{"rendered":"<p><strong>N\u011bm\u010dina Macht mit! \u2013\u00a02.&nbsp;d\u00edl<\/strong><\/p>\n<ul>\n<li><em>Macht mit!<\/em> je modern\u00ed t\u0159\u00edd\u00edln\u00e1 u\u010debnice n\u011bmeck\u00e9ho jazyka.<\/li>\n<li>U\u010debnice je ur\u010dena pro v\u00fduku n\u011bm\u010diny jako druh\u00e9ho ciz\u00edho jazyka v\u00a07.\u20139. (resp. 6.\u20139.) ro\u010dn\u00edku z\u00e1kladn\u00edch \u0161kol nebo v\u00a0odpov\u00eddaj\u00edc\u00edch ro\u010dn\u00edc\u00edch v\u00edcelet\u00fdch gymn\u00e1zi\u00ed.<\/li>\n<li>Pracovn\u00ed se\u0161it navazuje na u\u010debnici pro \u017e\u00e1ka,\u00a0obsahuje \u0161est tematick\u00fdch okruh\u016f.<\/li>\n<li>Pracovn\u00ed se\u0161it obsahuje p\u0159ehled gramatick\u00e9ho u\u010diva a&nbsp;z\u00e1v\u011bre\u010dn\u00e9 portfolio.<\/li>\n<\/ul>\n","protected":false},"excerpt":{"rendered":"<p><a href=\"http:\/\/eshop.polyglot.cz\/cs\/wp-content\/uploads\/2016\/06\/Macht-mit-\u2013-2.-d\u00edl-pracovn\u00ed-se\u0161it_Uk\u00e1zka-PDF.pdf\" target=\"_blank\" rel=\"noopener\">Uk\u00e1zka PDF<\/a><\/p>\n<p><a href=\"http:\/\/eshop.polyglot.cz\/cs\/wp-content\/uploads\/2016\/06\/Macht-mit-\u2013-2.-d\u00edl-pracovn\u00ed-se\u0161it_Obsah-PDF.pdf\" target=\"_blank\" rel=\"noopener\">Obsah PDF<\/a><\/p>\n<p><a href=\"http:\/\/eshop.polyglot.cz\/cs\/wp-content\/uploads\/2016\/06\/MM2_CD1_-41.mp3\" target=\"_blank\" rel=\"noopener\">MP3<\/a><\/p>\n","protected":false},"featured_media":1503,"comment_status":"open","ping_status":"closed","template":"","meta":[],"product_cat":[15,74,77],"product_tag":[84],"_links":{"self":[{"href":"https:\/\/eshop.polyglot.cz\/cs\/wp-json\/wp\/v2\/product\/486"}],"collection":[{"href":"https:\/\/eshop.polyglot.cz\/cs\/wp-json\/wp\/v2\/product"}],"about":[{"href":"https:\/\/eshop.polyglot.cz\/cs\/wp-json\/wp\/v2\/types\/product"}],"replies":[{"embeddable":true,"href":"https:\/\/eshop.polyglot.cz\/cs\/wp-json\/wp\/v2\/comments?post=486"}],"wp:featuredmedia":[{"embeddable":true,"href":"https:\/\/eshop.polyglot.cz\/cs\/wp-json\/wp\/v2\/media\/1503"}],"wp:attachment":[{"href":"https:\/\/eshop.polyglot.cz\/cs\/wp-json\/wp\/v2\/media?parent=486"}],"wp:term":[{"taxonomy":"product_cat","embeddable":true,"href":"https:\/\/eshop.polyglot.cz\/cs\/wp-json\/wp\/v2\/product_cat?post=486"},{"taxonomy":"product_tag","embeddable":true,"href":"https:\/\/eshop.polyglot.cz\/cs\/wp-json\/wp\/v2\/product_tag?post=486"}],"curies":[{"name":"wp","href":"https:\/\/api.w.org\/{rel}","templated":true}]}}