{"id":482,"date":"2016-06-08T11:22:08","date_gmt":"2016-06-08T10:22:08","guid":{"rendered":"http:\/\/eshop.polyglot.cz\/cs\/?post_type=product&#038;p=482"},"modified":"2022-08-17T15:02:30","modified_gmt":"2022-08-17T14:02:30","slug":"macht-mit-2-dil-kniha-pro-zaka","status":"publish","type":"product","link":"https:\/\/eshop.polyglot.cz\/cs\/produkt\/macht-mit-2-dil-kniha-pro-zaka\/","title":{"rendered":"Macht mit! \u2013 2.&nbsp;d\u00edl, kniha pro \u017e\u00e1ka"},"content":{"rendered":"<p><strong>N\u011bm\u010dina Macht mit! \u2013 2.&nbsp;d\u00edl<\/strong><\/p>\n<ul>\n<li><em>Macht mit!<\/em> je modern\u00ed t\u0159\u00edd\u00edln\u00e1 u\u010debnice n\u011bmeck\u00e9ho jazyka.<\/li>\n<li>U\u010debnice je ur\u010dena pro v\u00fduku n\u011bm\u010diny jako druh\u00e9ho ciz\u00edho jazyka v\u00a07.\u20139. (resp. 6.\u20139.) ro\u010dn\u00edku z\u00e1kladn\u00edch \u0161kol nebo v\u00a0odpov\u00eddaj\u00edc\u00edch ro\u010dn\u00edc\u00edch v\u00edcelet\u00fdch gymn\u00e1zi\u00ed.<\/li>\n<li>U\u010debnice vede k&nbsp;rozvoji v\u0161ech \u0159e\u010dov\u00fdch dovednost\u00ed \u2013 \u010dten\u00ed a&nbsp;poslechu s&nbsp;porozum\u011bn\u00edm, \u00fastn\u00edho a&nbsp;p\u00edsemn\u00e9ho projevu.<\/li>\n<li>U\u010divo odpov\u00edd\u00e1 sv\u00fdm obsahem a&nbsp;rozsahem (180\u2013200 hodin) po\u017eadavk\u016fm <em>R\u00e1mcov\u00e9ho vzd\u011bl\u00e1vac\u00edho programu pro z\u00e1kladn\u00ed vzd\u011bl\u00e1v\u00e1n\u00ed<\/em>.<\/li>\n<li>U\u010debnice obsahuje \u0161est tematick\u00fdch okruh\u016f, ka\u017ed\u00e1 lekce je rozvr\u017eena do deseti vyu\u010dovac\u00edch hodin. Prvn\u00ed d\u00edl je uveden vstupn\u00edm audioor\u00e1ln\u00edm kurzem.<\/li>\n<li>Knihu pro \u017e\u00e1ka dopl\u0148uj\u00ed tematick\u00fd slovn\u00edk a&nbsp;abecedn\u00ed n\u011bmecko-\u010desk\u00fd a&nbsp;\u010desko-n\u011bmeck\u00fd slovn\u00edk.<\/li>\n<li>Obsah u\u010diva a&nbsp;jeho uspo\u0159\u00e1d\u00e1n\u00ed, metody a&nbsp;formy pr\u00e1ce umo\u017e\u0148uj\u00ed dosa\u017een\u00ed referen\u010dn\u00ed \u00farovn\u011b A1 podle SERR.<\/li>\n<\/ul>\n","protected":false},"excerpt":{"rendered":"<p><a href=\"http:\/\/eshop.polyglot.cz\/cs\/wp-content\/uploads\/2016\/06\/N\u011bm\u010dina-Macht-mit-2.-d\u00edl_Uk\u00e1zka-PDF.pdf\" target=\"_blank\" rel=\"noopener\">Uk\u00e1zka PDF<\/a><\/p>\n<p><a href=\"http:\/\/eshop.polyglot.cz\/cs\/wp-content\/uploads\/2016\/06\/N\u011bm\u010dina-Macht-mit-2.-d\u00edl_Obsah-PDF.pdf\" target=\"_blank\" rel=\"noopener\">Obsah PDF<\/a><\/p>\n<p><a href=\"http:\/\/eshop.polyglot.cz\/cs\/wp-content\/uploads\/2016\/06\/MM2_CD2_32.mp3\" target=\"_blank\" rel=\"noopener\">MP3<\/a><\/p>\n","protected":false},"featured_media":1501,"comment_status":"open","ping_status":"closed","template":"","meta":[],"product_cat":[15,74,77],"product_tag":[83],"_links":{"self":[{"href":"https:\/\/eshop.polyglot.cz\/cs\/wp-json\/wp\/v2\/product\/482"}],"collection":[{"href":"https:\/\/eshop.polyglot.cz\/cs\/wp-json\/wp\/v2\/product"}],"about":[{"href":"https:\/\/eshop.polyglot.cz\/cs\/wp-json\/wp\/v2\/types\/product"}],"replies":[{"embeddable":true,"href":"https:\/\/eshop.polyglot.cz\/cs\/wp-json\/wp\/v2\/comments?post=482"}],"wp:featuredmedia":[{"embeddable":true,"href":"https:\/\/eshop.polyglot.cz\/cs\/wp-json\/wp\/v2\/media\/1501"}],"wp:attachment":[{"href":"https:\/\/eshop.polyglot.cz\/cs\/wp-json\/wp\/v2\/media?parent=482"}],"wp:term":[{"taxonomy":"product_cat","embeddable":true,"href":"https:\/\/eshop.polyglot.cz\/cs\/wp-json\/wp\/v2\/product_cat?post=482"},{"taxonomy":"product_tag","embeddable":true,"href":"https:\/\/eshop.polyglot.cz\/cs\/wp-json\/wp\/v2\/product_tag?post=482"}],"curies":[{"name":"wp","href":"https:\/\/api.w.org\/{rel}","templated":true}]}}