{"id":378,"date":"2016-06-06T16:25:59","date_gmt":"2016-06-06T15:25:59","guid":{"rendered":"http:\/\/eshop.polyglot.cz\/cs\/?post_type=product&#038;p=378"},"modified":"2022-08-17T15:46:27","modified_gmt":"2022-08-17T14:46:27","slug":"fertigkeitstraining-a2-se-2-audio-cd","status":"publish","type":"product","link":"https:\/\/eshop.polyglot.cz\/cs\/produkt\/fertigkeitstraining-a2-se-2-audio-cd\/","title":{"rendered":"Fertigkeitstraining A2 \u2013 cvi\u010debnice se 2&nbsp;CD"},"content":{"rendered":"<p><strong>N\u011bm\u010dina Fertigkeitstraining A2<\/strong><\/p>\n<ul>\n<li>modern\u00ed cvi\u010debnice n\u011bm\u010diny na \u00farovni A2 podle SERR<\/li>\n<li>cvi\u010debnice p\u0159ipravuje studenty na maturitn\u00ed zkou\u0161ku z&nbsp;n\u011bmeck\u00e9ho jazyka a&nbsp;na zkou\u0161ku\u00a0<em>Start Deutsch\u00a02<\/em><\/li>\n<li>cvi\u010debnice obsahuje cvi\u010den\u00ed ke v\u0161em \u0159e\u010dov\u00fdm dovednostem: \u010dten\u00ed, poslech, psan\u00ed a&nbsp;mluven\u00ed<\/li>\n<li>cvi\u010debnice obsahuje \u0159e\u0161en\u00ed ke cvi\u010den\u00edm a&nbsp;transkripci v\u0161ech poslechov\u00fdch text\u016f<\/li>\n<li>sou\u010d\u00e1st\u00ed cvi\u010debnice jsou dv\u011b audio&nbsp;CD se v\u0161emi poslechov\u00fdmi texty<\/li>\n<\/ul>\n","protected":false},"excerpt":{"rendered":"<p><a href=\"http:\/\/eshop.polyglot.cz\/cs\/wp-content\/uploads\/2016\/06\/Fertigkeitstraining-A2-se-2-audio-CD_Uk\u00e1zka-PDF-1.pdf\" target=\"_blank\" rel=\"noopener\">Uk\u00e1zka PDF<\/a><\/p>\n<p><a href=\"http:\/\/eshop.polyglot.cz\/cs\/wp-content\/uploads\/2016\/06\/Fertigkeitstraining-A2-se-2-audio-CD_Obsah-PDF.pdf\" target=\"_blank\" rel=\"noopener\">Obsah PDF<\/a><\/p>\n<p><a href=\"http:\/\/eshop.polyglot.cz\/cs\/wp-content\/uploads\/2016\/06\/Fertigkeitstraining-A2_CD1_2.mp3\" target=\"_blank\" rel=\"noopener\">MP3<\/a><\/p>\n","protected":false},"featured_media":694,"comment_status":"open","ping_status":"closed","template":"","meta":[],"product_cat":[15,61,89],"product_tag":[],"_links":{"self":[{"href":"https:\/\/eshop.polyglot.cz\/cs\/wp-json\/wp\/v2\/product\/378"}],"collection":[{"href":"https:\/\/eshop.polyglot.cz\/cs\/wp-json\/wp\/v2\/product"}],"about":[{"href":"https:\/\/eshop.polyglot.cz\/cs\/wp-json\/wp\/v2\/types\/product"}],"replies":[{"embeddable":true,"href":"https:\/\/eshop.polyglot.cz\/cs\/wp-json\/wp\/v2\/comments?post=378"}],"wp:featuredmedia":[{"embeddable":true,"href":"https:\/\/eshop.polyglot.cz\/cs\/wp-json\/wp\/v2\/media\/694"}],"wp:attachment":[{"href":"https:\/\/eshop.polyglot.cz\/cs\/wp-json\/wp\/v2\/media?parent=378"}],"wp:term":[{"taxonomy":"product_cat","embeddable":true,"href":"https:\/\/eshop.polyglot.cz\/cs\/wp-json\/wp\/v2\/product_cat?post=378"},{"taxonomy":"product_tag","embeddable":true,"href":"https:\/\/eshop.polyglot.cz\/cs\/wp-json\/wp\/v2\/product_tag?post=378"}],"curies":[{"name":"wp","href":"https:\/\/api.w.org\/{rel}","templated":true}]}}