{"id":3605,"date":"2024-05-23T13:44:59","date_gmt":"2024-05-23T12:44:59","guid":{"rendered":"https:\/\/eshop.polyglot.cz\/cs\/?post_type=product&#038;p=3605"},"modified":"2025-06-25T15:43:01","modified_gmt":"2025-06-25T14:43:01","slug":"macht-mit-2-dil-pracovni-sesit-interaktiv","status":"publish","type":"product","link":"https:\/\/eshop.polyglot.cz\/cs\/produkt\/macht-mit-2-dil-pracovni-sesit-interaktiv\/","title":{"rendered":"Macht mit! \u2013 2.&nbsp;d\u00edl, pracovn\u00ed se\u0161it + interaktiv"},"content":{"rendered":"<p><strong>N\u011bm\u010dina Macht mit! \u2013 2.&nbsp;d\u00edl, pracovn\u00ed se\u0161it + interaktiv<\/strong><\/p>\n<p>Sada pracovn\u00edho se\u0161itu a&nbsp;elektronick\u00e9 verze Macht mit! 2 interaktiv (u\u010debnice a&nbsp;pracovn\u00ed se\u0161it).<\/p>\n","protected":false},"excerpt":{"rendered":"<p>N\u011bm\u010dina Macht mit! \u2013 2.&nbsp;d\u00edl, pracovn\u00ed se\u0161it + interaktiv Sada pracovn\u00edho se\u0161itu a&nbsp;elektronick\u00e9 verze Macht mit! 2 interaktiv (u\u010debnice a&nbsp;pracovn\u00ed se\u0161it).<\/p>\n","protected":false},"featured_media":3604,"comment_status":"closed","ping_status":"closed","template":"","meta":[],"product_cat":[15,74,77],"product_tag":[172,84],"_links":{"self":[{"href":"https:\/\/eshop.polyglot.cz\/cs\/wp-json\/wp\/v2\/product\/3605"}],"collection":[{"href":"https:\/\/eshop.polyglot.cz\/cs\/wp-json\/wp\/v2\/product"}],"about":[{"href":"https:\/\/eshop.polyglot.cz\/cs\/wp-json\/wp\/v2\/types\/product"}],"replies":[{"embeddable":true,"href":"https:\/\/eshop.polyglot.cz\/cs\/wp-json\/wp\/v2\/comments?post=3605"}],"wp:featuredmedia":[{"embeddable":true,"href":"https:\/\/eshop.polyglot.cz\/cs\/wp-json\/wp\/v2\/media\/3604"}],"wp:attachment":[{"href":"https:\/\/eshop.polyglot.cz\/cs\/wp-json\/wp\/v2\/media?parent=3605"}],"wp:term":[{"taxonomy":"product_cat","embeddable":true,"href":"https:\/\/eshop.polyglot.cz\/cs\/wp-json\/wp\/v2\/product_cat?post=3605"},{"taxonomy":"product_tag","embeddable":true,"href":"https:\/\/eshop.polyglot.cz\/cs\/wp-json\/wp\/v2\/product_tag?post=3605"}],"curies":[{"name":"wp","href":"https:\/\/api.w.org\/{rel}","templated":true}]}}