{"id":360,"date":"2016-06-06T15:44:56","date_gmt":"2016-06-06T14:44:56","guid":{"rendered":"http:\/\/eshop.polyglot.cz\/cs\/?post_type=product&#038;p=360"},"modified":"2022-08-28T21:02:34","modified_gmt":"2022-08-28T20:02:34","slug":"deutsch-mit-lust-und-liedern","status":"publish","type":"product","link":"https:\/\/eshop.polyglot.cz\/cs\/produkt\/deutsch-mit-lust-und-liedern\/","title":{"rendered":"Deutsch mit Lust und Liedern"},"content":{"rendered":"<p><strong>N\u011bm\u010dina Deutsch mit Lust und Liedern<\/strong><\/p>\n<ul>\n<li><em>Deutsch mit Lust und Liedern<\/em> je modern\u00ed cvi\u010debnice n\u011bmeck\u00e9ho jazyka na \u00farovni A1\u2013A2.<\/li>\n<li>Cvi\u010debnice je ur\u010dena \u017e\u00e1k\u016fm a\u00a0student\u016fm v\u0161ech typ\u016f \u0161kol a\u00a0jazykov\u00fdch kurz\u016f.<\/li>\n<li>Cvi\u010debnice je v\u00fdborn\u00fdm dopl\u0148uj\u00edc\u00edm materi\u00e1lem ke v\u0161em u\u010debnic\u00edm n\u011bm\u010diny.<\/li>\n<li>Cvi\u010debnice obsahuje 15 p\u00edsn\u00ed a\u00a0rap\u016f, kter\u00e9 vych\u00e1zej\u00ed z\u00a0b\u011b\u017en\u00fdch konverza\u010dn\u00edch t\u00e9mat.<\/li>\n<li>Cvi\u010debnice se zam\u011b\u0159uje na n\u00e1cvik slovn\u00ed z\u00e1soby a\u00a0fonetiky.<\/li>\n<li>Cvi\u010debnice obsahuje cvi\u010den\u00ed ke v\u0161em \u0159e\u010dov\u00fdm dovednostem: \u010dten\u00ed, poslechu, psan\u00ed a\u00a0mluven\u00ed.<\/li>\n<li>Cvi\u010debnice obsahuje \u0159e\u0161en\u00ed ke cvi\u010den\u00edm a\u00a0transkripci v\u0161ech poslechov\u00fdch text\u016f.<\/li>\n<li>Sou\u010d\u00e1st\u00ed cvi\u010debnice je audio&nbsp;CD se v\u0161emi poslechov\u00fdmi texty.<\/li>\n<\/ul>\n","protected":false},"excerpt":{"rendered":"<p><a href=\"http:\/\/eshop.polyglot.cz\/cs\/wp-content\/uploads\/2016\/06\/Deutsch-mit-Lust-und-Liedern_Uk\u00e1zka-PDF.pdf\" target=\"_blank\" rel=\"noopener\">Uk\u00e1zka PDF<\/a><\/p>\n<p><a href=\"http:\/\/eshop.polyglot.cz\/cs\/wp-content\/uploads\/2016\/06\/Deutsch-mit-Lust-und-Liedern_Obsah-PDF.pdf\" target=\"_blank\" rel=\"noopener\">Obsah PDF<\/a><\/p>\n<p><a href=\"http:\/\/eshop.polyglot.cz\/cs\/wp-content\/uploads\/2016\/06\/Deutsch-mit-Lust-und-Liedern_9.mp3\" target=\"_blank\" rel=\"noopener\">MP3<\/a><\/p>\n","protected":false},"featured_media":361,"comment_status":"open","ping_status":"closed","template":"","meta":[],"product_cat":[15,121],"product_tag":[86,106,83],"_links":{"self":[{"href":"https:\/\/eshop.polyglot.cz\/cs\/wp-json\/wp\/v2\/product\/360"}],"collection":[{"href":"https:\/\/eshop.polyglot.cz\/cs\/wp-json\/wp\/v2\/product"}],"about":[{"href":"https:\/\/eshop.polyglot.cz\/cs\/wp-json\/wp\/v2\/types\/product"}],"replies":[{"embeddable":true,"href":"https:\/\/eshop.polyglot.cz\/cs\/wp-json\/wp\/v2\/comments?post=360"}],"wp:featuredmedia":[{"embeddable":true,"href":"https:\/\/eshop.polyglot.cz\/cs\/wp-json\/wp\/v2\/media\/361"}],"wp:attachment":[{"href":"https:\/\/eshop.polyglot.cz\/cs\/wp-json\/wp\/v2\/media?parent=360"}],"wp:term":[{"taxonomy":"product_cat","embeddable":true,"href":"https:\/\/eshop.polyglot.cz\/cs\/wp-json\/wp\/v2\/product_cat?post=360"},{"taxonomy":"product_tag","embeddable":true,"href":"https:\/\/eshop.polyglot.cz\/cs\/wp-json\/wp\/v2\/product_tag?post=360"}],"curies":[{"name":"wp","href":"https:\/\/api.w.org\/{rel}","templated":true}]}}