{"id":36,"date":"2016-05-19T10:50:37","date_gmt":"2016-05-19T09:50:37","guid":{"rendered":"http:\/\/eshop.polyglot.cz\/cs\/?post_type=product&#038;p=36"},"modified":"2021-12-23T12:18:58","modified_gmt":"2021-12-23T11:18:58","slug":"time-to-talk-1-kniha-pro-ucitele","status":"publish","type":"product","link":"https:\/\/eshop.polyglot.cz\/cs\/produkt\/time-to-talk-1-kniha-pro-ucitele\/","title":{"rendered":"Time to Talk \u2013 1.&nbsp;d\u00edl, kniha pro u\u010ditele"},"content":{"rendered":"<p><strong>Angli\u010dtina Time to Talk \u2013 1.&nbsp;d\u00edl<\/strong><\/p>\n<p>U\u010debnice Time to Talk \u2013 1.&nbsp;d\u00edl, kniha pro u\u010ditele nen\u00ed skladem. Lze kombinovat knihu pro \u017e\u00e1ka s&nbsp;pozn\u00e1mkami na roz\u0161\u00ed\u0159en\u00fdch okraj\u00edch u\u010ditelsk\u00e9 knihy, kter\u00e9 jsou k&nbsp;dispozici zdarma v&nbsp;elektronick\u00e9 podob\u011b (pdf) <span style=\"color: #ff0000;\"><strong><a style=\"color: #ff0000;\" href=\"https:\/\/www.polyglot.cz\/cs\/nakladatelstvi\/materialy-ke-stazeni\/\" target=\"_blank\" rel=\"noopener\">zde<\/a><\/strong><\/span>.<\/p>\n","protected":false},"excerpt":{"rendered":"<p><a href=\"https:\/\/www.polyglot.cz\/cs\/nakladatelstvi\/materialy-ke-stazeni\/\" target=\"_blank\" rel=\"noopener\"><span style=\"color: #ff0000;\"><strong><span style=\"text-decoration: underline;\">Kniha\u00a0je\u00a0ke sta\u017een\u00ed zde.<\/span><\/strong><\/span><\/a><\/p>\n","protected":false},"featured_media":1003,"comment_status":"open","ping_status":"closed","template":"","meta":[],"product_cat":[14,141,140],"product_tag":[85],"_links":{"self":[{"href":"https:\/\/eshop.polyglot.cz\/cs\/wp-json\/wp\/v2\/product\/36"}],"collection":[{"href":"https:\/\/eshop.polyglot.cz\/cs\/wp-json\/wp\/v2\/product"}],"about":[{"href":"https:\/\/eshop.polyglot.cz\/cs\/wp-json\/wp\/v2\/types\/product"}],"replies":[{"embeddable":true,"href":"https:\/\/eshop.polyglot.cz\/cs\/wp-json\/wp\/v2\/comments?post=36"}],"wp:featuredmedia":[{"embeddable":true,"href":"https:\/\/eshop.polyglot.cz\/cs\/wp-json\/wp\/v2\/media\/1003"}],"wp:attachment":[{"href":"https:\/\/eshop.polyglot.cz\/cs\/wp-json\/wp\/v2\/media?parent=36"}],"wp:term":[{"taxonomy":"product_cat","embeddable":true,"href":"https:\/\/eshop.polyglot.cz\/cs\/wp-json\/wp\/v2\/product_cat?post=36"},{"taxonomy":"product_tag","embeddable":true,"href":"https:\/\/eshop.polyglot.cz\/cs\/wp-json\/wp\/v2\/product_tag?post=36"}],"curies":[{"name":"wp","href":"https:\/\/api.w.org\/{rel}","templated":true}]}}