{"id":357,"date":"2016-06-06T15:18:43","date_gmt":"2016-06-06T14:18:43","guid":{"rendered":"http:\/\/eshop.polyglot.cz\/cs\/?post_type=product&#038;p=357"},"modified":"2022-08-17T15:45:10","modified_gmt":"2022-08-17T14:45:10","slug":"cvicebnice-nemecke-gramatiky","status":"publish","type":"product","link":"https:\/\/eshop.polyglot.cz\/cs\/produkt\/cvicebnice-nemecke-gramatiky\/","title":{"rendered":"Cvi\u010debnice n\u011bmeck\u00e9 gramatiky"},"content":{"rendered":"<p>Kniha je ur\u010dena student\u016fm a\u00a0u\u010ditel\u016fm ve \u0161kol\u00e1ch i\u00a0v\u00a0jazykov\u00fdch kurzech. Dopl\u0148uje b\u011b\u017en\u011b pou\u017e\u00edvan\u00e9 u\u010debnice a\u00a0vzhledem k\u00a0tomu, \u017ee ke v\u0161em p\u0159\u00edklad\u016fm poskytuje \u0159e\u0161en\u00ed um\u00edst\u011bn\u00e9 na prot\u011bj\u0161\u00ed str\u00e1nce, je vhodn\u00e1 i\u00a0pro samouky.<\/p>\n<p>Cvi\u010debnice je rozd\u011blena do 30 kapitol, z\u00a0nich\u017e ka\u017ed\u00e1 zahrnuje pr\u016fm\u011brn\u011b 290 p\u0159\u00edklad\u016f. Jednotliv\u00e9 kapitoly jsou \u010dlen\u011bny do \u010dty\u0159 \u00farovn\u00ed podle obt\u00ed\u017enosti gramatick\u00fdch jev\u016f a\u00a0rozsahu slovn\u00ed z\u00e1soby.<\/p>\n<p>T\u0159et\u00ed, p\u0159epracovan\u00e9 a\u00a0roz\u0161\u00ed\u0159en\u00e9 vyd\u00e1n\u00ed vych\u00e1z\u00ed z\u00a0nov\u00fdch pravidel n\u011bmeck\u00e9ho pravopisu. Po\u00a0form\u00e1ln\u00ed str\u00e1nce je r\u016fznorod\u011bj\u0161\u00ed \u2013 obsahuje dal\u0161\u00ed typy cvi\u010den\u00ed, z\u00a0nich\u017e n\u011bkter\u00e1 jsou podep\u0159ena nahr\u00e1vkami ve form\u00e1tu MP3.<\/p>\n<p>\u2022 vybran\u00e1 cvi\u010den\u00ed ze v\u0161ech kapitol a\u00a0\u00farovn\u00ed<br \/>\n\u2022 v\u00edce ne\u017e 8 hodin nahr\u00e1vek<br \/>\n\u2022 r\u016fzn\u00e9 typy cvi\u010den\u00ed (drilov\u00e1, transforma\u010dn\u00ed, p\u0159ekladov\u00e1)<br \/>\n\u2022 konfrontace v\u00fdslovnosti s\u00a0rodil\u00fdm mluv\u010d\u00edm<br \/>\n\u2022 vhodn\u00e9 pro samouky i\u00a0do kurz\u016f<\/p>\n","protected":false},"excerpt":{"rendered":"<p><a href=\"http:\/\/eshop.polyglot.cz\/cs\/wp-content\/uploads\/2016\/06\/Cvi\u010debnice-n\u011bmeck\u00e9-gramatiky_Uk\u00e1zka-PDF.pdf\" target=\"_blank\" rel=\"noopener\">Uk\u00e1zka PDF<\/a><\/p>\n<p><a href=\"http:\/\/eshop.polyglot.cz\/cs\/wp-content\/uploads\/2016\/06\/Cvi\u010debnice-n\u011bmeck\u00e9-gramatiky_Obsah-PDF.pdf\" target=\"_blank\" rel=\"noopener\">Obsah PDF<\/a><\/p>\n<p><a href=\"http:\/\/eshop.polyglot.cz\/cs\/wp-content\/uploads\/2016\/06\/CNG_01102.mp3\" target=\"_blank\" rel=\"noopener\">MP3<\/a><\/p>\n","protected":false},"featured_media":2681,"comment_status":"open","ping_status":"closed","template":"","meta":[],"product_cat":[15,122],"product_tag":[106,85,83],"_links":{"self":[{"href":"https:\/\/eshop.polyglot.cz\/cs\/wp-json\/wp\/v2\/product\/357"}],"collection":[{"href":"https:\/\/eshop.polyglot.cz\/cs\/wp-json\/wp\/v2\/product"}],"about":[{"href":"https:\/\/eshop.polyglot.cz\/cs\/wp-json\/wp\/v2\/types\/product"}],"replies":[{"embeddable":true,"href":"https:\/\/eshop.polyglot.cz\/cs\/wp-json\/wp\/v2\/comments?post=357"}],"wp:featuredmedia":[{"embeddable":true,"href":"https:\/\/eshop.polyglot.cz\/cs\/wp-json\/wp\/v2\/media\/2681"}],"wp:attachment":[{"href":"https:\/\/eshop.polyglot.cz\/cs\/wp-json\/wp\/v2\/media?parent=357"}],"wp:term":[{"taxonomy":"product_cat","embeddable":true,"href":"https:\/\/eshop.polyglot.cz\/cs\/wp-json\/wp\/v2\/product_cat?post=357"},{"taxonomy":"product_tag","embeddable":true,"href":"https:\/\/eshop.polyglot.cz\/cs\/wp-json\/wp\/v2\/product_tag?post=357"}],"curies":[{"name":"wp","href":"https:\/\/api.w.org\/{rel}","templated":true}]}}