{"id":342,"date":"2016-06-06T14:53:11","date_gmt":"2016-06-06T13:53:11","guid":{"rendered":"http:\/\/eshop.polyglot.cz\/cs\/?post_type=product&#038;p=342"},"modified":"2022-08-28T21:03:40","modified_gmt":"2022-08-28T20:03:40","slug":"nemecke-idiomy-v-praxi","status":"publish","type":"product","link":"https:\/\/eshop.polyglot.cz\/cs\/produkt\/nemecke-idiomy-v-praxi\/","title":{"rendered":"N\u011bmeck\u00e9 idiomy v&nbsp;praxi"},"content":{"rendered":"<p><strong>N\u011bm\u010dina N\u011bmeck\u00e9 idiomy v&nbsp;praxi<\/strong><\/p>\n<p>Kniha nab\u00edz\u00ed mo\u017enost roz\u0161\u00ed\u0159it si slovn\u00ed z\u00e1sobu o&nbsp;\u0159adu frekventovan\u00fdch idiomatick\u00fdch spojen\u00ed, p\u0159irovn\u00e1n\u00ed, p\u0159\u00edslov\u00ed a&nbsp;b\u011b\u017en\u00fdch hovorov\u00fdch obrat\u016f.V\u011bt\u0161ina spojen\u00ed se tematicky hod\u00ed do neform\u00e1ln\u00edch hovor\u016f (nap\u0159.&nbsp;p\u0159i&nbsp;slu\u017eebn\u00ed ve\u010de\u0159i, na firemn\u00edm ve\u010d\u00edrku), obsa\u017eena jsou ale i&nbsp;t\u00e9mata, jako je lenost, zamilovanost, zdrav\u00ed \u010di&nbsp;kocovina. Do knihy jsou za\u0159azena dopl\u0148ovac\u00ed a&nbsp;p\u0159ekladov\u00e1 cvi\u010den\u00ed.<\/p>\n","protected":false},"excerpt":{"rendered":"<p><a href=\"http:\/\/eshop.polyglot.cz\/cs\/wp-content\/uploads\/2016\/06\/N\u011bmeck\u00e9-idiomy-v-praxi_Uk\u00e1zka-PDF.pdf\" target=\"_blank\" rel=\"noopener\">Uk\u00e1zka PDF<\/a><\/p>\n<p><a href=\"http:\/\/eshop.polyglot.cz\/cs\/wp-content\/uploads\/2016\/06\/N\u011bmeck\u00e9-idiomy-v-praxi_Obsah-PDF.pdf\" target=\"_blank\" rel=\"noopener\">Obsah PDF<\/a><\/p>\n","protected":false},"featured_media":647,"comment_status":"open","ping_status":"closed","template":"","meta":[],"product_cat":[15,123],"product_tag":[106,85,83],"_links":{"self":[{"href":"https:\/\/eshop.polyglot.cz\/cs\/wp-json\/wp\/v2\/product\/342"}],"collection":[{"href":"https:\/\/eshop.polyglot.cz\/cs\/wp-json\/wp\/v2\/product"}],"about":[{"href":"https:\/\/eshop.polyglot.cz\/cs\/wp-json\/wp\/v2\/types\/product"}],"replies":[{"embeddable":true,"href":"https:\/\/eshop.polyglot.cz\/cs\/wp-json\/wp\/v2\/comments?post=342"}],"wp:featuredmedia":[{"embeddable":true,"href":"https:\/\/eshop.polyglot.cz\/cs\/wp-json\/wp\/v2\/media\/647"}],"wp:attachment":[{"href":"https:\/\/eshop.polyglot.cz\/cs\/wp-json\/wp\/v2\/media?parent=342"}],"wp:term":[{"taxonomy":"product_cat","embeddable":true,"href":"https:\/\/eshop.polyglot.cz\/cs\/wp-json\/wp\/v2\/product_cat?post=342"},{"taxonomy":"product_tag","embeddable":true,"href":"https:\/\/eshop.polyglot.cz\/cs\/wp-json\/wp\/v2\/product_tag?post=342"}],"curies":[{"name":"wp","href":"https:\/\/api.w.org\/{rel}","templated":true}]}}