{"id":340,"date":"2016-06-06T14:49:35","date_gmt":"2016-06-06T13:49:35","guid":{"rendered":"http:\/\/eshop.polyglot.cz\/cs\/?post_type=product&#038;p=340"},"modified":"2018-02-19T12:50:16","modified_gmt":"2018-02-19T11:50:16","slug":"lesen-und-uben-reisen-c","status":"publish","type":"product","link":"https:\/\/eshop.polyglot.cz\/cs\/produkt\/lesen-und-uben-reisen-c\/","title":{"rendered":"Lesen und \u00dcben \u2013 Reisen&nbsp;C"},"content":{"rendered":"<p><strong>N\u011bm\u010dina Lesen und \u00dcben<\/strong><\/p>\n<p>\u00darove\u0148 C t\u00e9matu \u201eReisen\u201c je pokra\u010dov\u00e1n\u00edm p\u0159edchoz\u00edch publikac\u00ed \u201eReisen\u201c A, B. Obsahuje mj.&nbsp;texty, v&nbsp;nich\u017e se z\u00e1jemci popul\u00e1rn\u00ed formou seznamuj\u00ed s&nbsp;re\u00e1liemi t\u0159\u00ed n\u011bmecky mluv\u00edc\u00edch zem\u00ed. Na texty navazuje \u0159ada cvi\u010den\u00ed. Domn\u00edv\u00e1me se, \u017ee zejm\u00e9na u\u010ditel\u00e9 uv\u00edtaj\u00ed tuto \u010d\u00e1st jako vhodnou pom\u016fcku p\u0159i&nbsp;v\u00fduce. Formou vypr\u00e1v\u011bn\u00ed, dialog\u016f a&nbsp;cvi\u010den\u00ed motivuje studenty k&nbsp;vytvo\u0159en\u00ed a&nbsp;formulaci vlastn\u00edho n\u00e1zoru i&nbsp;k&nbsp;reakci na b\u011b\u017en\u00e9 konverza\u010dn\u00ed situace. Tato \u00farove\u0148 vy\u017eaduje znalost zhruba 1700 v\u00fdraz\u016f a&nbsp;z&nbsp;gramatick\u00fdch jev\u016f se zde p\u0159edpokl\u00e1d\u00e1 znalost konjunktiv\u016f, trpn\u00e9ho rodu apod.<\/p>\n","protected":false},"excerpt":{"rendered":"<p><a href=\"http:\/\/eshop.polyglot.cz\/cs\/wp-content\/uploads\/2016\/06\/Lesen-und-\u00dcben-Reisen-C_Uk\u00e1zka-PDF.pdf\" target=\"_blank\">Uk\u00e1zka PDF<\/a><\/p>\n","protected":false},"featured_media":653,"comment_status":"open","ping_status":"closed","template":"","meta":[],"product_cat":[15,59],"product_tag":[],"_links":{"self":[{"href":"https:\/\/eshop.polyglot.cz\/cs\/wp-json\/wp\/v2\/product\/340"}],"collection":[{"href":"https:\/\/eshop.polyglot.cz\/cs\/wp-json\/wp\/v2\/product"}],"about":[{"href":"https:\/\/eshop.polyglot.cz\/cs\/wp-json\/wp\/v2\/types\/product"}],"replies":[{"embeddable":true,"href":"https:\/\/eshop.polyglot.cz\/cs\/wp-json\/wp\/v2\/comments?post=340"}],"wp:featuredmedia":[{"embeddable":true,"href":"https:\/\/eshop.polyglot.cz\/cs\/wp-json\/wp\/v2\/media\/653"}],"wp:attachment":[{"href":"https:\/\/eshop.polyglot.cz\/cs\/wp-json\/wp\/v2\/media?parent=340"}],"wp:term":[{"taxonomy":"product_cat","embeddable":true,"href":"https:\/\/eshop.polyglot.cz\/cs\/wp-json\/wp\/v2\/product_cat?post=340"},{"taxonomy":"product_tag","embeddable":true,"href":"https:\/\/eshop.polyglot.cz\/cs\/wp-json\/wp\/v2\/product_tag?post=340"}],"curies":[{"name":"wp","href":"https:\/\/api.w.org\/{rel}","templated":true}]}}