{"id":338,"date":"2016-06-06T14:46:41","date_gmt":"2016-06-06T13:46:41","guid":{"rendered":"http:\/\/eshop.polyglot.cz\/cs\/?post_type=product&#038;p=338"},"modified":"2018-02-19T12:50:34","modified_gmt":"2018-02-19T11:50:34","slug":"lesen-und-uben-reisen-b","status":"publish","type":"product","link":"https:\/\/eshop.polyglot.cz\/cs\/produkt\/lesen-und-uben-reisen-b\/","title":{"rendered":"Lesen und \u00dcben \u2013 Reisen&nbsp;B"},"content":{"rendered":"<p><strong>N\u011bm\u010dina Lesen und \u00dcben<\/strong><\/p>\n<p>C\u00edlem t\u00e9to publikace je doplnit atraktivn\u00ed formou existuj\u00edc\u00ed u\u010debnice o&nbsp;komunikativn\u00ed \u010d\u00e1st. P\u0159in\u00e1\u0161\u00ed ve form\u011b vypr\u00e1v\u011bn\u00ed, dialogu, dopisu apod. \u0161est text\u016f, kter\u00e9 lze vyu\u017e\u00edt ke \u010dten\u00ed \u010di&nbsp;poslechu s&nbsp;porozum\u011bn\u00edm. Na \u00favodn\u00ed text navazuj\u00ed cvi\u010den\u00ed, je\u017e jsou ur\u010dena pro pr\u00e1ci s&nbsp;textem: n\u011bkter\u00e1 z&nbsp;nich se soust\u0159ed\u00ed na slovn\u00ed z\u00e1sobu a&nbsp;gramatiku, jin\u00e1 poskytuj\u00ed t\u00e9mata ke konverzaci \u010di&nbsp;seznamuj\u00ed s&nbsp;re\u00e1liemi. Tento d\u00edl vy\u017eaduje znalost 1200 v\u00fdraz\u016f z&nbsp;oblasti v\u0161eobecn\u00e9 slovn\u00ed z\u00e1soby, kter\u00e1 p\u0159ihl\u00ed\u017e\u00ed k&nbsp;po\u017eadavk\u016fm mezin\u00e1rodn\u00ed zkou\u0161ky \u201eZertifikat Deutsch als Fremdsprache\u201c.<\/p>\n","protected":false},"excerpt":{"rendered":"<p><a href=\"http:\/\/eshop.polyglot.cz\/cs\/wp-content\/uploads\/2016\/06\/Lesen-und-\u00dcben-Reisen-B_Uk\u00e1zka-PDF.pdf\" target=\"_blank\">Uk\u00e1zka PDF<\/a><\/p>\n","protected":false},"featured_media":650,"comment_status":"open","ping_status":"closed","template":"","meta":[],"product_cat":[15,59],"product_tag":[],"_links":{"self":[{"href":"https:\/\/eshop.polyglot.cz\/cs\/wp-json\/wp\/v2\/product\/338"}],"collection":[{"href":"https:\/\/eshop.polyglot.cz\/cs\/wp-json\/wp\/v2\/product"}],"about":[{"href":"https:\/\/eshop.polyglot.cz\/cs\/wp-json\/wp\/v2\/types\/product"}],"replies":[{"embeddable":true,"href":"https:\/\/eshop.polyglot.cz\/cs\/wp-json\/wp\/v2\/comments?post=338"}],"wp:featuredmedia":[{"embeddable":true,"href":"https:\/\/eshop.polyglot.cz\/cs\/wp-json\/wp\/v2\/media\/650"}],"wp:attachment":[{"href":"https:\/\/eshop.polyglot.cz\/cs\/wp-json\/wp\/v2\/media?parent=338"}],"wp:term":[{"taxonomy":"product_cat","embeddable":true,"href":"https:\/\/eshop.polyglot.cz\/cs\/wp-json\/wp\/v2\/product_cat?post=338"},{"taxonomy":"product_tag","embeddable":true,"href":"https:\/\/eshop.polyglot.cz\/cs\/wp-json\/wp\/v2\/product_tag?post=338"}],"curies":[{"name":"wp","href":"https:\/\/api.w.org\/{rel}","templated":true}]}}