{"id":336,"date":"2016-06-06T14:29:05","date_gmt":"2016-06-06T13:29:05","guid":{"rendered":"http:\/\/eshop.polyglot.cz\/cs\/?post_type=product&#038;p=336"},"modified":"2018-02-19T12:50:50","modified_gmt":"2018-02-19T11:50:50","slug":"lesen-und-uben-essen-und-trinken-b","status":"publish","type":"product","link":"https:\/\/eshop.polyglot.cz\/cs\/produkt\/lesen-und-uben-essen-und-trinken-b\/","title":{"rendered":"Lesen und \u00dcben \u2013 Essen und Trinken B"},"content":{"rendered":"<p><strong>N\u011bm\u010dina Lesen und \u00dcben<\/strong><\/p>\n<p>C\u00edlem t\u00e9to publikace je doplnit atraktivn\u00ed formou existuj\u00edc\u00ed u\u010debnice. V&nbsp;\u0161esti kapitol\u00e1ch v&nbsp;podob\u011b vypr\u00e1v\u011bn\u00ed, dialog\u016f a&nbsp;cvi\u010den\u00ed motivujeme studenty k&nbsp;vytvo\u0159en\u00ed a&nbsp;formulaci vlastn\u00edho n\u00e1zoru i&nbsp;k&nbsp;reakci na b\u011b\u017en\u00e9 konverza\u010dn\u00ed situace. Tato \u00farove\u0148 vy\u017eaduje znalost zhruba 1200 v\u00fdraz\u016f, minul\u00e9ho \u010dasu sloves a&nbsp;tvo\u0159en\u00ed vedlej\u0161\u00edch v\u011bt. Kniha je ur\u010dena pro pr\u00e1ci ve \u0161kole i&nbsp;pro samouky, kte\u0159\u00ed si spr\u00e1vnost \u0159e\u0161en\u00ed mohou ov\u011b\u0159it v&nbsp;kl\u00ed\u010di.<\/p>\n","protected":false},"excerpt":{"rendered":"<p><a href=\"http:\/\/eshop.polyglot.cz\/cs\/wp-content\/uploads\/2016\/06\/Essen-und-Trinken-B_Ukazka-PDF.pdf\">Uk\u00e1zka PDF<\/a><\/p>\n","protected":false},"featured_media":652,"comment_status":"open","ping_status":"closed","template":"","meta":[],"product_cat":[15,59],"product_tag":[],"_links":{"self":[{"href":"https:\/\/eshop.polyglot.cz\/cs\/wp-json\/wp\/v2\/product\/336"}],"collection":[{"href":"https:\/\/eshop.polyglot.cz\/cs\/wp-json\/wp\/v2\/product"}],"about":[{"href":"https:\/\/eshop.polyglot.cz\/cs\/wp-json\/wp\/v2\/types\/product"}],"replies":[{"embeddable":true,"href":"https:\/\/eshop.polyglot.cz\/cs\/wp-json\/wp\/v2\/comments?post=336"}],"wp:featuredmedia":[{"embeddable":true,"href":"https:\/\/eshop.polyglot.cz\/cs\/wp-json\/wp\/v2\/media\/652"}],"wp:attachment":[{"href":"https:\/\/eshop.polyglot.cz\/cs\/wp-json\/wp\/v2\/media?parent=336"}],"wp:term":[{"taxonomy":"product_cat","embeddable":true,"href":"https:\/\/eshop.polyglot.cz\/cs\/wp-json\/wp\/v2\/product_cat?post=336"},{"taxonomy":"product_tag","embeddable":true,"href":"https:\/\/eshop.polyglot.cz\/cs\/wp-json\/wp\/v2\/product_tag?post=336"}],"curies":[{"name":"wp","href":"https:\/\/api.w.org\/{rel}","templated":true}]}}