{"id":332,"date":"2016-06-06T13:45:24","date_gmt":"2016-06-06T12:45:24","guid":{"rendered":"http:\/\/eshop.polyglot.cz\/cs\/?post_type=product&#038;p=332"},"modified":"2017-03-29T15:59:54","modified_gmt":"2017-03-29T14:59:54","slug":"nemcina-express","status":"publish","type":"product","link":"https:\/\/eshop.polyglot.cz\/cs\/produkt\/nemcina-express\/","title":{"rendered":"N\u011bm\u010dina EXPRESS"},"content":{"rendered":"<p><strong>N\u011bm\u010dina CD-ROMy nakladatelstv\u00ed LANGMaster<\/strong><\/p>\n<p>Tato unik\u00e1tn\u00ed jazykov\u00e1 kucha\u0159ka pro samouky je ur\u010dena v\u0161em, kte\u0159\u00ed se cht\u011bj\u00ed nau\u010dit\u00a0n\u011bmecky na za\u010d\u00e1te\u010dnick\u00e9 \u00farovni.<\/p>\n<p>U tohoto produktu je pot\u0159eba p\u0159i&nbsp;instalaci st\u00e1hnout upgrade instala\u010dn\u00edho CD.<\/p>\n<p>\u00darove\u0148: za\u010d\u00e1te\u010dn\u00edci<\/p>\n<p>Po\u010det CD-ROM: 2<\/p>\n","protected":false},"excerpt":{"rendered":"<p>N\u011bm\u010dina CD-ROMy nakladatelstv\u00ed LANGMaster Tato unik\u00e1tn\u00ed jazykov\u00e1 kucha\u0159ka pro samouky je ur\u010dena v\u0161em, kte\u0159\u00ed se cht\u011bj\u00ed nau\u010dit\u00a0n\u011bmecky na za\u010d\u00e1te\u010dnick\u00e9 \u00farovni. U&nbsp;tohoto produktu je pot\u0159eba p\u0159i&nbsp;instalaci st\u00e1hnout upgrade instala\u010dn\u00edho CD&#8230;. <a class=\"more-link\" href=\"https:\/\/eshop.polyglot.cz\/cs\/produkt\/nemcina-express\/\" rel=\"nofollow\">Pokra\u010dovat ve \u010dten\u00ed<\/a><\/p>\n","protected":false},"featured_media":0,"comment_status":"open","ping_status":"closed","template":"","meta":[],"product_cat":[15],"product_tag":[153],"_links":{"self":[{"href":"https:\/\/eshop.polyglot.cz\/cs\/wp-json\/wp\/v2\/product\/332"}],"collection":[{"href":"https:\/\/eshop.polyglot.cz\/cs\/wp-json\/wp\/v2\/product"}],"about":[{"href":"https:\/\/eshop.polyglot.cz\/cs\/wp-json\/wp\/v2\/types\/product"}],"replies":[{"embeddable":true,"href":"https:\/\/eshop.polyglot.cz\/cs\/wp-json\/wp\/v2\/comments?post=332"}],"wp:attachment":[{"href":"https:\/\/eshop.polyglot.cz\/cs\/wp-json\/wp\/v2\/media?parent=332"}],"wp:term":[{"taxonomy":"product_cat","embeddable":true,"href":"https:\/\/eshop.polyglot.cz\/cs\/wp-json\/wp\/v2\/product_cat?post=332"},{"taxonomy":"product_tag","embeddable":true,"href":"https:\/\/eshop.polyglot.cz\/cs\/wp-json\/wp\/v2\/product_tag?post=332"}],"curies":[{"name":"wp","href":"https:\/\/api.w.org\/{rel}","templated":true}]}}