{"id":321,"date":"2016-06-06T13:18:35","date_gmt":"2016-06-06T12:18:35","guid":{"rendered":"http:\/\/eshop.polyglot.cz\/cs\/?post_type=product&#038;p=321"},"modified":"2025-09-03T16:20:43","modified_gmt":"2025-09-03T15:20:43","slug":"passt-schon-2-dil-ucebnice-a-pracovni-sesit","status":"publish","type":"product","link":"https:\/\/eshop.polyglot.cz\/cs\/produkt\/passt-schon-2-dil-ucebnice-a-pracovni-sesit\/","title":{"rendered":"Passt schon! \u2013 2.&nbsp;d\u00edl, u\u010debnice a&nbsp;pracovn\u00ed se\u0161it"},"content":{"rendered":"<p><strong>N\u011bm\u010dina Passt schon! \u2013 2.&nbsp;d\u00edl<\/strong><\/p>\n<ul>\n<li><em>Passt schon!<\/em> je \u010dty\u0159d\u00edln\u00e1 u\u010debnice n\u011bm\u010diny pro st\u0159edn\u00ed \u0161koly a&nbsp;v\u00edcelet\u00e1 gymn\u00e1zia na \u00farovni A1\u2013B1.<\/li>\n<li>U\u010debnice <em>Passt schon!<\/em> nab\u00edz\u00ed modern\u00ed, atraktivn\u00ed t\u00e9mata a&nbsp;vede studenty ke komunikaci v&nbsp;ka\u017edodenn\u00edch situac\u00edch.<\/li>\n<li>U\u010debnice <em>Passt schon!<\/em> systematicky p\u0159ipravuje studenty ji\u017e od 1.\u00a0d\u00edlu na maturitn\u00ed zkou\u0161ku z&nbsp;n\u011bmeck\u00e9ho jazyka na \u00farovni B1.<\/li>\n<li>Kniha obsahuje v&nbsp;jednom svazku u\u010debnici s&nbsp;integrovan\u00fdm pracovn\u00edm se\u0161item.<\/li>\n<li>Sou\u010d\u00e1st\u00ed u\u010debnice je i&nbsp;souhrnn\u00fd p\u0159ehled gramatiky, jazykov\u00e1 biografie a&nbsp;abecedn\u00ed n\u011bmecko-\u010desk\u00fd slovn\u00edk.<\/li>\n<li>U\u010debnice obsahuje osm strukturovan\u00fdch lekc\u00ed. Ka\u017ed\u00e1 lekce se skl\u00e1d\u00e1 z&nbsp;n\u011bkolika odd\u00edl\u016f. Z\u00e1v\u011bre\u010dn\u00fd odd\u00edl lekce obsahuje shrnut\u00ed probran\u00e9 l\u00e1tky. Tyto \u00falohy sou\u010dasn\u011b p\u0159ipravuj\u00ed studenty na maturitn\u00ed zkou\u0161ku.<\/li>\n<li>U\u010debnice i&nbsp;pracovn\u00ed se\u0161it nab\u00edzej\u00ed pestrou \u0161k\u00e1lu cvi\u010den\u00ed na fonetiku, slovn\u00ed z\u00e1sobu a&nbsp;gramatiku.<\/li>\n<li>Ka\u017ed\u00e1 lekce v&nbsp;pracovn\u00edm se\u0161it\u011b obsahuje p\u0159ehled probran\u00e9 slovn\u00ed z\u00e1soby a&nbsp;p\u0159ehledn\u00fd v\u00fdklad gramatick\u00e9ho u\u010diva v&nbsp;\u010de\u0161tin\u011b.<\/li>\n<li>Sou\u010d\u00e1st\u00ed u\u010debnice je souhrnn\u00fd p\u0159ehled gramatiky, jazykov\u00e1 biografie a&nbsp;z\u00e1v\u011bre\u010dn\u00fd n\u011bmecko-\u010desk\u00fd abecedn\u00ed slovn\u00edk.<\/li>\n<li>Ke ka\u017ed\u00e9 lekci jsou na <a href=\"https:\/\/www.polyglot.cz\/cs\/nakladatelstvi\/materialy-ke-stazeni\/\" target=\"_blank\" rel=\"noopener\">www.polyglot.cz<\/a> zdarma ke sta\u017een\u00ed dopl\u0148kov\u00e9 materi\u00e1ly. Obsahuj\u00ed testy, dopl\u0148uj\u00edc\u00ed cvi\u010den\u00ed na slovn\u00ed z\u00e1sobu a\u00a0gramatiku, cvi\u010den\u00ed na pr\u00e1ci s\u00a0textem atd.<\/li>\n<\/ul>\n","protected":false},"excerpt":{"rendered":"<p><a href=\"https:\/\/eshop.polyglot.cz\/cs\/wp-content\/uploads\/2017\/12\/PS2_Obsah.pdf\" target=\"_blank\" rel=\"noopener\">Obsah PDF<\/a><\/p>\n<p><a href=\"https:\/\/eshop.polyglot.cz\/cs\/wp-content\/uploads\/2017\/12\/PS2_ukazka.pdf\" target=\"_blank\" rel=\"noopener\">Uk\u00e1zka PDF<\/a><\/p>\n<p><a href=\"https:\/\/eshop.polyglot.cz\/cs\/wp-content\/uploads\/2017\/12\/PS2-MP3-ukazka.mp3\" target=\"_blank\" rel=\"noopener\">MP3<\/a><\/p>\n","protected":false},"featured_media":1430,"comment_status":"open","ping_status":"closed","template":"","meta":[],"product_cat":[15,56,79],"product_tag":[85,83],"_links":{"self":[{"href":"https:\/\/eshop.polyglot.cz\/cs\/wp-json\/wp\/v2\/product\/321"}],"collection":[{"href":"https:\/\/eshop.polyglot.cz\/cs\/wp-json\/wp\/v2\/product"}],"about":[{"href":"https:\/\/eshop.polyglot.cz\/cs\/wp-json\/wp\/v2\/types\/product"}],"replies":[{"embeddable":true,"href":"https:\/\/eshop.polyglot.cz\/cs\/wp-json\/wp\/v2\/comments?post=321"}],"wp:featuredmedia":[{"embeddable":true,"href":"https:\/\/eshop.polyglot.cz\/cs\/wp-json\/wp\/v2\/media\/1430"}],"wp:attachment":[{"href":"https:\/\/eshop.polyglot.cz\/cs\/wp-json\/wp\/v2\/media?parent=321"}],"wp:term":[{"taxonomy":"product_cat","embeddable":true,"href":"https:\/\/eshop.polyglot.cz\/cs\/wp-json\/wp\/v2\/product_cat?post=321"},{"taxonomy":"product_tag","embeddable":true,"href":"https:\/\/eshop.polyglot.cz\/cs\/wp-json\/wp\/v2\/product_tag?post=321"}],"curies":[{"name":"wp","href":"https:\/\/api.w.org\/{rel}","templated":true}]}}