{"id":3150,"date":"2022-04-26T16:06:36","date_gmt":"2022-04-26T15:06:36","guid":{"rendered":"https:\/\/eshop.polyglot.cz\/cs\/?post_type=product&#038;p=3150"},"modified":"2025-09-03T16:00:28","modified_gmt":"2025-09-03T15:00:28","slug":"macht-mit-1-dil-pracovni-sesit-interaktiv","status":"publish","type":"product","link":"https:\/\/eshop.polyglot.cz\/cs\/produkt\/macht-mit-1-dil-pracovni-sesit-interaktiv\/","title":{"rendered":"Macht mit! \u2013 1.&nbsp;d\u00edl, pracovn\u00ed se\u0161it + interaktiv"},"content":{"rendered":"<p><strong>N\u011bm\u010dina Macht mit! \u2013 1.&nbsp;d\u00edl, pracovn\u00ed se\u0161it + interaktiv<\/strong><\/p>\n<p>Sada pracovn\u00edho se\u0161itu a&nbsp;elektronick\u00e9 verze Macht mit! 1 interaktiv (u\u010debnice a&nbsp;pracovn\u00ed se\u0161it).<\/p>\n","protected":false},"excerpt":{"rendered":"<p>N\u011bm\u010dina Macht mit! \u2013 1.&nbsp;d\u00edl, pracovn\u00ed se\u0161it + interaktiv Sada pracovn\u00edho se\u0161itu a&nbsp;elektronick\u00e9 verze Macht mit! 1 interaktiv (u\u010debnice a&nbsp;pracovn\u00ed se\u0161it).<\/p>\n","protected":false},"featured_media":3151,"comment_status":"closed","ping_status":"closed","template":"","meta":[],"product_cat":[15,74,76],"product_tag":[172,84],"_links":{"self":[{"href":"https:\/\/eshop.polyglot.cz\/cs\/wp-json\/wp\/v2\/product\/3150"}],"collection":[{"href":"https:\/\/eshop.polyglot.cz\/cs\/wp-json\/wp\/v2\/product"}],"about":[{"href":"https:\/\/eshop.polyglot.cz\/cs\/wp-json\/wp\/v2\/types\/product"}],"replies":[{"embeddable":true,"href":"https:\/\/eshop.polyglot.cz\/cs\/wp-json\/wp\/v2\/comments?post=3150"}],"wp:featuredmedia":[{"embeddable":true,"href":"https:\/\/eshop.polyglot.cz\/cs\/wp-json\/wp\/v2\/media\/3151"}],"wp:attachment":[{"href":"https:\/\/eshop.polyglot.cz\/cs\/wp-json\/wp\/v2\/media?parent=3150"}],"wp:term":[{"taxonomy":"product_cat","embeddable":true,"href":"https:\/\/eshop.polyglot.cz\/cs\/wp-json\/wp\/v2\/product_cat?post=3150"},{"taxonomy":"product_tag","embeddable":true,"href":"https:\/\/eshop.polyglot.cz\/cs\/wp-json\/wp\/v2\/product_tag?post=3150"}],"curies":[{"name":"wp","href":"https:\/\/api.w.org\/{rel}","templated":true}]}}