{"id":3114,"date":"2022-03-01T16:15:52","date_gmt":"2022-03-01T15:15:52","guid":{"rendered":"https:\/\/eshop.polyglot.cz\/cs\/?post_type=product&#038;p=3114"},"modified":"2025-09-03T16:23:02","modified_gmt":"2025-09-03T15:23:02","slug":"passt-schon-4-dil-ucebnice-a-pracovni-sesit-interaktiv","status":"publish","type":"product","link":"https:\/\/eshop.polyglot.cz\/cs\/produkt\/passt-schon-4-dil-ucebnice-a-pracovni-sesit-interaktiv\/","title":{"rendered":"Passt schon! \u2013 4.&nbsp;d\u00edl, u\u010debnice a&nbsp;pracovn\u00ed se\u0161it + interaktiv"},"content":{"rendered":"<p><strong>N\u011bm\u010dina Passt schon! \u2013 4.&nbsp;d\u00edl, u\u010debnice a&nbsp;pracovn\u00ed se\u0161it + interaktiv<\/strong><\/p>\n<p>Sada u\u010debnice a&nbsp;pracovn\u00edho se\u0161itu: pap\u00edrov\u00e1 a&nbsp;elektronick\u00e1 verze.<\/p>\n","protected":false},"excerpt":{"rendered":"<p>N\u011bm\u010dina Passt schon! \u2013 4.&nbsp;d\u00edl, u\u010debnice a&nbsp;pracovn\u00ed se\u0161it + interaktiv Sada u\u010debnice a&nbsp;pracovn\u00edho se\u0161itu: pap\u00edrov\u00e1 a&nbsp;elektronick\u00e1 verze.<\/p>\n","protected":false},"featured_media":3115,"comment_status":"closed","ping_status":"closed","template":"","meta":[],"product_cat":[15,56,190],"product_tag":[106,85,172],"_links":{"self":[{"href":"https:\/\/eshop.polyglot.cz\/cs\/wp-json\/wp\/v2\/product\/3114"}],"collection":[{"href":"https:\/\/eshop.polyglot.cz\/cs\/wp-json\/wp\/v2\/product"}],"about":[{"href":"https:\/\/eshop.polyglot.cz\/cs\/wp-json\/wp\/v2\/types\/product"}],"replies":[{"embeddable":true,"href":"https:\/\/eshop.polyglot.cz\/cs\/wp-json\/wp\/v2\/comments?post=3114"}],"wp:featuredmedia":[{"embeddable":true,"href":"https:\/\/eshop.polyglot.cz\/cs\/wp-json\/wp\/v2\/media\/3115"}],"wp:attachment":[{"href":"https:\/\/eshop.polyglot.cz\/cs\/wp-json\/wp\/v2\/media?parent=3114"}],"wp:term":[{"taxonomy":"product_cat","embeddable":true,"href":"https:\/\/eshop.polyglot.cz\/cs\/wp-json\/wp\/v2\/product_cat?post=3114"},{"taxonomy":"product_tag","embeddable":true,"href":"https:\/\/eshop.polyglot.cz\/cs\/wp-json\/wp\/v2\/product_tag?post=3114"}],"curies":[{"name":"wp","href":"https:\/\/api.w.org\/{rel}","templated":true}]}}