{"id":31,"date":"2016-05-19T10:30:47","date_gmt":"2016-05-19T09:30:47","guid":{"rendered":"http:\/\/eshop.polyglot.cz\/cs\/?post_type=product&#038;p=31"},"modified":"2022-08-17T15:36:14","modified_gmt":"2022-08-17T14:36:14","slug":"time-to-talk-1-kniha-pro-studenty","status":"publish","type":"product","link":"https:\/\/eshop.polyglot.cz\/cs\/produkt\/time-to-talk-1-kniha-pro-studenty\/","title":{"rendered":"Time to Talk \u2013 1.&nbsp;d\u00edl, kniha pro studenty"},"content":{"rendered":"<p><strong>Angli\u010dtina Time to Talk \u2013 1.&nbsp;d\u00edl<\/strong><\/p>\n<p>Didaktick\u00e9 zpracov\u00e1n\u00ed u\u010debnice Time to Talk nab\u00edz\u00ed uplatn\u011bn\u00ed r\u016fzn\u00fdch metodick\u00fdch postup\u016f a&nbsp;forem pr\u00e1ce (samostatn\u00e1 pr\u00e1ce, p\u00e1rov\u00e1 pr\u00e1ce, skupinov\u00e9 vyu\u010dov\u00e1n\u00ed, front\u00e1ln\u00ed vyu\u010dov\u00e1n\u00ed), kter\u00e9 p\u0159isp\u00edvaj\u00ed k&nbsp;vytvo\u0159en\u00ed pozitivn\u00edho vztahu k&nbsp;u\u010den\u00ed a&nbsp;podn\u011bcuj\u00ed aktivn\u00ed \u00fa\u010dast student\u016f v&nbsp;hodin\u00e1ch. U\u010debnice studenty uv\u00e1d\u00ed do b\u011b\u017en\u00fdch \u017eivotn\u00edch situac\u00ed a&nbsp;seznamuje je s&nbsp;re\u00e1liemi a&nbsp;kulturou anglicky mluv\u00edc\u00edch zem\u00ed. U\u010debnice byla schv\u00e1lena M\u0160MT \u010cR k&nbsp;za\u0159azen\u00ed do seznamu u\u010debnic pro st\u0159edn\u00ed \u0161koly jako sou\u010d\u00e1st ucelen\u00e9 \u0159ady u\u010debnic pro vyu\u010dovac\u00ed p\u0159edm\u011bt anglick\u00fd jazyk. Prvn\u00ed d\u00edl u\u010debnice je rozd\u011blen do 11 lekc\u00ed (6.&nbsp;a&nbsp;11.&nbsp;lekce jsou opakovac\u00ed) a&nbsp;poskytuje materi\u00e1l na 120 a\u017e 140 hodin v\u00fduky. Je ur\u010den za\u010d\u00e1te\u010dn\u00edk\u016fm a&nbsp;vede ke zvl\u00e1dnut\u00ed z\u00e1kladn\u00edch slovesn\u00fdch \u010das\u016f (p\u0159\u00edtomn\u00e9ho prost\u00e9ho a&nbsp;pr\u016fb\u011bhov\u00e9ho, minul\u00e9ho prost\u00e9ho a&nbsp;pr\u016fb\u011bhov\u00e9ho a&nbsp;budouc\u00edho prost\u00e9ho) a&nbsp;dal\u0161\u00edch kl\u00ed\u010dov\u00fdch jev\u016f. Celkov\u00e1 slovn\u00ed z\u00e1soba \u010din\u00ed zhruba 800 slov t\u00fdkaj\u00edc\u00edch se b\u011b\u017en\u00fdch t\u00e9mat ka\u017edodenn\u00ed komunikace. Sou\u010d\u00e1st\u00ed u\u010debnice je i&nbsp;pracovn\u00ed se\u0161it, kter\u00fd obsahuje dopl\u0148kov\u00e1 cvi\u010den\u00ed na v\u00fdslovnost, pravopis, slovn\u00ed z\u00e1sobu a&nbsp;gramatiku. U\u010debnice vych\u00e1z\u00ed z&nbsp;pravidel britsk\u00e9 angli\u010dtiny, a&nbsp;to jak po&nbsp;str\u00e1nce gramatick\u00e9, tak i&nbsp;z&nbsp;hlediska v\u00fdslovnosti a&nbsp;pravopisu.<\/p>\n","protected":false},"excerpt":{"rendered":"<p><a href=\"https:\/\/eshop.polyglot.cz\/cs\/wp-content\/uploads\/2018\/01\/TTT1-S-obsah.pdf\" target=\"_blank\" rel=\"noopener\">Obsah PDF<\/a><\/p>\n<p><a href=\"https:\/\/eshop.polyglot.cz\/cs\/wp-content\/uploads\/2016\/05\/Time-to-Talk-1-\u2013-kniha-pro-zaka_63-64-1.pdf\" target=\"_blank\" rel=\"noopener\">Uk\u00e1zka PDF<\/a><\/p>\n<p><a href=\"http:\/\/eshop.polyglot.cz\/cs\/wp-content\/uploads\/2016\/05\/TTT1_17-L5-B-cv1-I.mp3\" target=\"_blank\" rel=\"noopener\">MP3<\/a><\/p>\n","protected":false},"featured_media":1527,"comment_status":"open","ping_status":"closed","template":"","meta":[],"product_cat":[14,141,140],"product_tag":[106],"_links":{"self":[{"href":"https:\/\/eshop.polyglot.cz\/cs\/wp-json\/wp\/v2\/product\/31"}],"collection":[{"href":"https:\/\/eshop.polyglot.cz\/cs\/wp-json\/wp\/v2\/product"}],"about":[{"href":"https:\/\/eshop.polyglot.cz\/cs\/wp-json\/wp\/v2\/types\/product"}],"replies":[{"embeddable":true,"href":"https:\/\/eshop.polyglot.cz\/cs\/wp-json\/wp\/v2\/comments?post=31"}],"wp:featuredmedia":[{"embeddable":true,"href":"https:\/\/eshop.polyglot.cz\/cs\/wp-json\/wp\/v2\/media\/1527"}],"wp:attachment":[{"href":"https:\/\/eshop.polyglot.cz\/cs\/wp-json\/wp\/v2\/media?parent=31"}],"wp:term":[{"taxonomy":"product_cat","embeddable":true,"href":"https:\/\/eshop.polyglot.cz\/cs\/wp-json\/wp\/v2\/product_cat?post=31"},{"taxonomy":"product_tag","embeddable":true,"href":"https:\/\/eshop.polyglot.cz\/cs\/wp-json\/wp\/v2\/product_tag?post=31"}],"curies":[{"name":"wp","href":"https:\/\/api.w.org\/{rel}","templated":true}]}}