{"id":3027,"date":"2021-11-11T16:30:03","date_gmt":"2021-11-11T15:30:03","guid":{"rendered":"https:\/\/eshop.polyglot.cz\/cs\/produkt\/passt-schon-3-dil-ucebnice-a-pracovni-sesit-interaktiv\/"},"modified":"2025-06-25T16:01:28","modified_gmt":"2025-06-25T15:01:28","slug":"passt-schon-3-dil-ucebnice-a-pracovni-sesit-interaktiv","status":"publish","type":"product","link":"https:\/\/eshop.polyglot.cz\/cs\/produkt\/passt-schon-3-dil-ucebnice-a-pracovni-sesit-interaktiv\/","title":{"rendered":"Passt schon! \u2013 3.&nbsp;d\u00edl, u\u010debnice a&nbsp;pracovn\u00ed se\u0161it + interaktiv"},"content":{"rendered":"<p><strong>N\u011bm\u010dina Passt schon! \u2013 3.&nbsp;d\u00edl, u\u010debnice a&nbsp;pracovn\u00ed se\u0161it + interaktiv<\/strong><\/p>\n<p>Sada u\u010debnice a&nbsp;pracovn\u00edho se\u0161itu: pap\u00edrov\u00e1 a&nbsp;elektronick\u00e1 verze.<\/p>\n","protected":false},"excerpt":{"rendered":"<p>N\u011bm\u010dina Passt schon! \u2013 3.&nbsp;d\u00edl, u\u010debnice a&nbsp;pracovn\u00ed se\u0161it + interaktiv Sada u\u010debnice a&nbsp;pracovn\u00edho se\u0161itu: pap\u00edrov\u00e1 a&nbsp;elektronick\u00e1 verze.<\/p>\n","protected":false},"featured_media":3024,"comment_status":"open","ping_status":"closed","template":"","meta":[],"product_cat":[15,56,158],"product_tag":[106,85],"_links":{"self":[{"href":"https:\/\/eshop.polyglot.cz\/cs\/wp-json\/wp\/v2\/product\/3027"}],"collection":[{"href":"https:\/\/eshop.polyglot.cz\/cs\/wp-json\/wp\/v2\/product"}],"about":[{"href":"https:\/\/eshop.polyglot.cz\/cs\/wp-json\/wp\/v2\/types\/product"}],"replies":[{"embeddable":true,"href":"https:\/\/eshop.polyglot.cz\/cs\/wp-json\/wp\/v2\/comments?post=3027"}],"wp:featuredmedia":[{"embeddable":true,"href":"https:\/\/eshop.polyglot.cz\/cs\/wp-json\/wp\/v2\/media\/3024"}],"wp:attachment":[{"href":"https:\/\/eshop.polyglot.cz\/cs\/wp-json\/wp\/v2\/media?parent=3027"}],"wp:term":[{"taxonomy":"product_cat","embeddable":true,"href":"https:\/\/eshop.polyglot.cz\/cs\/wp-json\/wp\/v2\/product_cat?post=3027"},{"taxonomy":"product_tag","embeddable":true,"href":"https:\/\/eshop.polyglot.cz\/cs\/wp-json\/wp\/v2\/product_tag?post=3027"}],"curies":[{"name":"wp","href":"https:\/\/api.w.org\/{rel}","templated":true}]}}