{"id":3025,"date":"2021-11-11T16:02:22","date_gmt":"2021-11-11T15:02:22","guid":{"rendered":"https:\/\/eshop.polyglot.cz\/cs\/produkt\/passt-schon-2-dil-ucebnice-a-pracovni-sesit-interaktiv\/"},"modified":"2025-09-03T16:20:42","modified_gmt":"2025-09-03T15:20:42","slug":"passt-schon-2-dil-ucebnice-a-pracovni-sesit-interaktiv","status":"publish","type":"product","link":"https:\/\/eshop.polyglot.cz\/cs\/produkt\/passt-schon-2-dil-ucebnice-a-pracovni-sesit-interaktiv\/","title":{"rendered":"Passt schon! \u2013 2.&nbsp;d\u00edl, u\u010debnice a&nbsp;pracovn\u00ed se\u0161it + interaktiv"},"content":{"rendered":"<p><strong>N\u011bm\u010dina Passt schon! \u2013 2.&nbsp;d\u00edl, u\u010debnice a&nbsp;pracovn\u00ed se\u0161it + interaktiv<\/strong><\/p>\n<p>Sada u\u010debnice a&nbsp;pracovn\u00edho se\u0161itu: pap\u00edrov\u00e1 a&nbsp;elektronick\u00e1 verze.<\/p>\n","protected":false},"excerpt":{"rendered":"<p>&nbsp;<\/p>\n<p>&nbsp;<\/p>\n","protected":false},"featured_media":3023,"comment_status":"open","ping_status":"closed","template":"","meta":[],"product_cat":[15,56,79],"product_tag":[85,83],"_links":{"self":[{"href":"https:\/\/eshop.polyglot.cz\/cs\/wp-json\/wp\/v2\/product\/3025"}],"collection":[{"href":"https:\/\/eshop.polyglot.cz\/cs\/wp-json\/wp\/v2\/product"}],"about":[{"href":"https:\/\/eshop.polyglot.cz\/cs\/wp-json\/wp\/v2\/types\/product"}],"replies":[{"embeddable":true,"href":"https:\/\/eshop.polyglot.cz\/cs\/wp-json\/wp\/v2\/comments?post=3025"}],"wp:featuredmedia":[{"embeddable":true,"href":"https:\/\/eshop.polyglot.cz\/cs\/wp-json\/wp\/v2\/media\/3023"}],"wp:attachment":[{"href":"https:\/\/eshop.polyglot.cz\/cs\/wp-json\/wp\/v2\/media?parent=3025"}],"wp:term":[{"taxonomy":"product_cat","embeddable":true,"href":"https:\/\/eshop.polyglot.cz\/cs\/wp-json\/wp\/v2\/product_cat?post=3025"},{"taxonomy":"product_tag","embeddable":true,"href":"https:\/\/eshop.polyglot.cz\/cs\/wp-json\/wp\/v2\/product_tag?post=3025"}],"curies":[{"name":"wp","href":"https:\/\/api.w.org\/{rel}","templated":true}]}}