{"id":2750,"date":"2020-12-10T09:36:58","date_gmt":"2020-12-10T08:36:58","guid":{"rendered":"https:\/\/eshop.polyglot.cz\/cs\/?post_type=product&#038;p=2750"},"modified":"2022-08-14T21:47:04","modified_gmt":"2022-08-14T20:47:04","slug":"passt-schon-3-dil-metodicka-prirucka-pdf","status":"publish","type":"product","link":"https:\/\/eshop.polyglot.cz\/cs\/produkt\/passt-schon-3-dil-metodicka-prirucka-pdf\/","title":{"rendered":"Passt schon! \u2013 3.&nbsp;d\u00edl, metodick\u00e1 p\u0159\u00edru\u010dka PDF"},"content":{"rendered":"<p><strong>N\u011bm\u010dina Passt schon! \u2013 3.&nbsp;d\u00edl<\/strong><\/p>\n<ul>\n<li><em>Passt schon!<\/em>\u00a0je \u010dty\u0159d\u00edln\u00e1 u\u010debnice n\u011bm\u010diny pro st\u0159edn\u00ed \u0161koly a\u00a0v\u00edcelet\u00e1 gymn\u00e1zia na \u00farovni A1\u2013B1.<\/li>\n<li>U\u010debnice\u00a0<em>Passt schon!<\/em>\u00a0nab\u00edz\u00ed modern\u00ed, atraktivn\u00ed t\u00e9mata a&nbsp;vede studenty ke komunikaci v&nbsp;ka\u017edodenn\u00edch situac\u00edch.<\/li>\n<li>U\u010debnice\u00a0<em>Passt schon!<\/em>\u00a0systematicky p\u0159ipravuje studenty ji\u017e od 1.\u00a0d\u00edlu na maturitn\u00ed zkou\u0161ku z&nbsp;n\u011bmeck\u00e9ho jazyka na \u00farovni B1.<\/li>\n<li>Metodick\u00e1 p\u0159\u00edru\u010dka obsahuje krom\u011b n\u00e1m\u011bt\u016f pr\u00e1ce s&nbsp;jednotliv\u00fdmi cvi\u010den\u00edmi v&nbsp;u\u010debnici a&nbsp;v&nbsp;pracovn\u00edm se\u0161it\u011b i&nbsp;transkripci nahr\u00e1vek a\u00a0\u0159e\u0161en\u00ed cvi\u010den\u00ed.<\/li>\n<li>Metodick\u00e1 p\u0159\u00edru\u010dka usnad\u0148uje orientaci v&nbsp;cel\u00e9m u\u010debn\u00edm souboru\u00a0\u2013 obsahuje n\u00e1vod, jak kombinovat cvi\u010den\u00ed z&nbsp;u\u010debnice a\u00a0pracovn\u00edho se\u0161itu.<\/li>\n<li>Metodickou p\u0159\u00edru\u010dku dopl\u0148uj\u00ed audionahr\u00e1vky ve form\u00e1tu mp3.<\/li>\n<li>Audionahr\u00e1vky obsahuj\u00ed fonetick\u00e1 cvi\u010den\u00ed a&nbsp;texty namluven\u00e9 rodil\u00fdmi mluv\u010d\u00edmi.<\/li>\n<li>Po zaplacen\u00ed dostanete e-mail s\u00a0odkazem ke sta\u017een\u00ed souboru.<\/li>\n<\/ul>\n","protected":false},"excerpt":{"rendered":"<p><a href=\"http:\/\/eshop.polyglot.cz\/cs\/wp-content\/uploads\/2016\/09\/PS3-metodika_obsah.pdf\" target=\"_blank\" rel=\"noopener\">Obsah PDF<\/a><\/p>\n<p><a href=\"https:\/\/eshop.polyglot.cz\/cs\/wp-content\/uploads\/2018\/01\/PS3-metodika_ukazka.pdf\" target=\"_blank\" rel=\"noopener\">Uk\u00e1zka PDF<\/a><\/p>\n<p><a href=\"https:\/\/eshop.polyglot.cz\/cs\/wp-content\/uploads\/2018\/01\/PS3-MP3-ukazka.mp3\" target=\"_blank\" rel=\"noopener\">MP3<\/a><\/p>\n","protected":false},"featured_media":1182,"comment_status":"closed","ping_status":"closed","template":"","meta":[],"product_cat":[15,56,158],"product_tag":[],"_links":{"self":[{"href":"https:\/\/eshop.polyglot.cz\/cs\/wp-json\/wp\/v2\/product\/2750"}],"collection":[{"href":"https:\/\/eshop.polyglot.cz\/cs\/wp-json\/wp\/v2\/product"}],"about":[{"href":"https:\/\/eshop.polyglot.cz\/cs\/wp-json\/wp\/v2\/types\/product"}],"replies":[{"embeddable":true,"href":"https:\/\/eshop.polyglot.cz\/cs\/wp-json\/wp\/v2\/comments?post=2750"}],"wp:featuredmedia":[{"embeddable":true,"href":"https:\/\/eshop.polyglot.cz\/cs\/wp-json\/wp\/v2\/media\/1182"}],"wp:attachment":[{"href":"https:\/\/eshop.polyglot.cz\/cs\/wp-json\/wp\/v2\/media?parent=2750"}],"wp:term":[{"taxonomy":"product_cat","embeddable":true,"href":"https:\/\/eshop.polyglot.cz\/cs\/wp-json\/wp\/v2\/product_cat?post=2750"},{"taxonomy":"product_tag","embeddable":true,"href":"https:\/\/eshop.polyglot.cz\/cs\/wp-json\/wp\/v2\/product_tag?post=2750"}],"curies":[{"name":"wp","href":"https:\/\/api.w.org\/{rel}","templated":true}]}}