{"id":1939,"date":"2018-01-25T13:06:03","date_gmt":"2018-01-25T12:06:03","guid":{"rendered":"https:\/\/eshop.polyglot.cz\/cs\/?post_type=product&#038;p=1939"},"modified":"2026-02-23T14:34:09","modified_gmt":"2026-02-23T13:34:09","slug":"time-to-talk-1-dil-nahravky-ve-formatu-mp3","status":"publish","type":"product","link":"https:\/\/eshop.polyglot.cz\/cs\/produkt\/time-to-talk-1-dil-nahravky-ve-formatu-mp3\/","title":{"rendered":"Time to Talk \u2013 1.&nbsp;d\u00edl, nahr\u00e1vky ve form\u00e1tu MP3"},"content":{"rendered":"<p><strong>Time to Talk \u2013 1.&nbsp;d\u00edl<\/strong><\/p>\n<ul>\n<li>Audionahr\u00e1vky obsahuj\u00ed fonetick\u00e1 cvi\u010den\u00ed a\u00a0texty namluven\u00e9 rodil\u00fdmi mluv\u010d\u00edmi.<\/li>\n<li>Sou\u010d\u00e1st\u00ed souboru je\u00a0PDF s\u00a0obsahem nahr\u00e1vek.<\/li>\n<li>Po zaplacen\u00ed dostanete e-mail s\u00a0odkazem ke sta\u017een\u00ed souboru.<\/li>\n<\/ul>\n","protected":false},"excerpt":{"rendered":"<p>Nahr\u00e1vky ve form\u00e1tu MP3 ke sta\u017een\u00ed.<\/p>\n<p><a href=\"https:\/\/eshop.polyglot.cz\/cs\/wp-content\/uploads\/2018\/02\/TTT-1-obsah-MP3.pdf\" target=\"_blank\" rel=\"noopener\">Obsah PDF<\/a><\/p>\n<p><a href=\"http:\/\/eshop.polyglot.cz\/cs\/wp-content\/uploads\/2016\/05\/TTT1_17-L5-B-cv1-I.mp3\" target=\"_blank\" rel=\"noopener\">Uk\u00e1zka MP3<\/a><\/p>\n","protected":false},"featured_media":1942,"comment_status":"closed","ping_status":"closed","template":"","meta":[],"product_cat":[14,141,140],"product_tag":[110],"_links":{"self":[{"href":"https:\/\/eshop.polyglot.cz\/cs\/wp-json\/wp\/v2\/product\/1939"}],"collection":[{"href":"https:\/\/eshop.polyglot.cz\/cs\/wp-json\/wp\/v2\/product"}],"about":[{"href":"https:\/\/eshop.polyglot.cz\/cs\/wp-json\/wp\/v2\/types\/product"}],"replies":[{"embeddable":true,"href":"https:\/\/eshop.polyglot.cz\/cs\/wp-json\/wp\/v2\/comments?post=1939"}],"wp:featuredmedia":[{"embeddable":true,"href":"https:\/\/eshop.polyglot.cz\/cs\/wp-json\/wp\/v2\/media\/1942"}],"wp:attachment":[{"href":"https:\/\/eshop.polyglot.cz\/cs\/wp-json\/wp\/v2\/media?parent=1939"}],"wp:term":[{"taxonomy":"product_cat","embeddable":true,"href":"https:\/\/eshop.polyglot.cz\/cs\/wp-json\/wp\/v2\/product_cat?post=1939"},{"taxonomy":"product_tag","embeddable":true,"href":"https:\/\/eshop.polyglot.cz\/cs\/wp-json\/wp\/v2\/product_tag?post=1939"}],"curies":[{"name":"wp","href":"https:\/\/api.w.org\/{rel}","templated":true}]}}