{"id":188,"date":"2016-06-01T15:12:54","date_gmt":"2016-06-01T14:12:54","guid":{"rendered":"http:\/\/eshop.polyglot.cz\/cs\/?post_type=product&#038;p=188"},"modified":"2022-08-17T15:42:09","modified_gmt":"2022-08-17T14:42:09","slug":"get-ready-for-success-in-english-a2","status":"publish","type":"product","link":"https:\/\/eshop.polyglot.cz\/cs\/produkt\/get-ready-for-success-in-english-a2\/","title":{"rendered":"Get Ready for Success in English A2"},"content":{"rendered":"<p><strong>Angli\u010dtina Get Ready for Success in English A2<\/strong><\/p>\n<ul>\n<li><em>Get Ready for Success in English<\/em> je nov\u00e1 modern\u00ed cvi\u010debnice anglick\u00e9ho jazyka na \u00farovni\u00a0A2 podle SERR.<\/li>\n<li>Cvi\u010debnice se zam\u011b\u0159uje na rozvoj komunikativn\u00edch dovednost\u00ed.<\/li>\n<li>Cvi\u010debnice je vhodn\u00e1 pro v\u00fduku v&nbsp;kurzu i&nbsp;pro samostatn\u00e9 opakov\u00e1n\u00ed a&nbsp;procvi\u010dov\u00e1n\u00ed.<\/li>\n<li>Cvi\u010debnice p\u0159ipravuje studenty na <strong>maturitn\u00ed zkou\u0161ku z&nbsp;anglick\u00e9ho jazyka<\/strong>.<\/li>\n<li>Cvi\u010debnice obsahuje cvi\u010den\u00ed ke v\u0161em \u0159e\u010dov\u00fdm dovednostem: \u010dten\u00ed, poslechu, psan\u00ed a&nbsp;mluven\u00ed.<\/li>\n<li>Cvi\u010debnice obsahuje \u0159e\u0161en\u00ed ke cvi\u010den\u00edm a&nbsp;transkripci v\u0161ech poslechov\u00fdch text\u016f.<\/li>\n<li>Sou\u010d\u00e1st\u00ed cvi\u010debnice je audio&nbsp;CD se v\u0161emi poslechov\u00fdmi texty.<\/li>\n<\/ul>\n","protected":false},"excerpt":{"rendered":"<p><a href=\"http:\/\/eshop.polyglot.cz\/cs\/wp-content\/uploads\/2016\/06\/Uk\u00e1zka-PDF-8.pdf\" target=\"_blank\" rel=\"noopener\">Uk\u00e1zka PDF<\/a><\/p>\n<p><a href=\"http:\/\/eshop.polyglot.cz\/cs\/wp-content\/uploads\/2016\/06\/Obsah-PDF-8.pdf\" target=\"_blank\" rel=\"noopener\">Obsah PDF<\/a><\/p>\n<p><a href=\"http:\/\/eshop.polyglot.cz\/sk\/wp-content\/uploads\/2016\/06\/Get-Ready-A2_2.mp3\" target=\"_blank\" rel=\"noopener\">MP3<\/a><\/p>\n","protected":false},"featured_media":981,"comment_status":"open","ping_status":"closed","template":"","meta":[],"product_cat":[14,53,133],"product_tag":[86,139],"_links":{"self":[{"href":"https:\/\/eshop.polyglot.cz\/cs\/wp-json\/wp\/v2\/product\/188"}],"collection":[{"href":"https:\/\/eshop.polyglot.cz\/cs\/wp-json\/wp\/v2\/product"}],"about":[{"href":"https:\/\/eshop.polyglot.cz\/cs\/wp-json\/wp\/v2\/types\/product"}],"replies":[{"embeddable":true,"href":"https:\/\/eshop.polyglot.cz\/cs\/wp-json\/wp\/v2\/comments?post=188"}],"wp:featuredmedia":[{"embeddable":true,"href":"https:\/\/eshop.polyglot.cz\/cs\/wp-json\/wp\/v2\/media\/981"}],"wp:attachment":[{"href":"https:\/\/eshop.polyglot.cz\/cs\/wp-json\/wp\/v2\/media?parent=188"}],"wp:term":[{"taxonomy":"product_cat","embeddable":true,"href":"https:\/\/eshop.polyglot.cz\/cs\/wp-json\/wp\/v2\/product_cat?post=188"},{"taxonomy":"product_tag","embeddable":true,"href":"https:\/\/eshop.polyglot.cz\/cs\/wp-json\/wp\/v2\/product_tag?post=188"}],"curies":[{"name":"wp","href":"https:\/\/api.w.org\/{rel}","templated":true}]}}