{"id":1877,"date":"2018-01-03T11:35:37","date_gmt":"2018-01-03T10:35:37","guid":{"rendered":"https:\/\/eshop.polyglot.cz\/cs\/?post_type=product&#038;p=1877"},"modified":"2022-08-14T21:45:41","modified_gmt":"2022-08-14T20:45:41","slug":"passt-schon-1-dil-nahravky-ve-formatu-mp3","status":"publish","type":"product","link":"https:\/\/eshop.polyglot.cz\/cs\/produkt\/passt-schon-1-dil-nahravky-ve-formatu-mp3\/","title":{"rendered":"Passt schon! \u2013 1.&nbsp;d\u00edl, nahr\u00e1vky ve form\u00e1tu MP3"},"content":{"rendered":"<p><strong>N\u011bm\u010dina Passt schon! \u2013 1.&nbsp;d\u00edl<\/strong><\/p>\n<ul>\n<li>Audionahr\u00e1vky obsahuj\u00ed fonetick\u00e1 cvi\u010den\u00ed a\u00a0texty namluven\u00e9 rodil\u00fdmi mluv\u010d\u00edmi.<\/li>\n<li>Sou\u010d\u00e1st\u00ed souboru je\u00a0PDF s\u00a0obsahem nahr\u00e1vek.<\/li>\n<li>Po zaplacen\u00ed dostanete e-mail s\u00a0odkazem ke sta\u017een\u00ed souboru.<\/li>\n<\/ul>\n","protected":false},"excerpt":{"rendered":"<p>Nahr\u00e1vky ve form\u00e1tu MP3 ke sta\u017een\u00ed.<\/p>\n<p><a href=\"https:\/\/eshop.polyglot.cz\/cs\/wp-content\/uploads\/2018\/01\/PS1-MP3-obsah.pdf\" target=\"_blank\" rel=\"noopener\">Obsah PDF<\/a><\/p>\n<p><a href=\"https:\/\/eshop.polyglot.cz\/cs\/wp-content\/uploads\/2017\/12\/PS1-MP3-ukazka.mp3\" target=\"_blank\" rel=\"noopener\">MP3<\/a><\/p>\n","protected":false},"featured_media":1873,"comment_status":"closed","ping_status":"closed","template":"","meta":[],"product_cat":[15,56,80],"product_tag":[110],"_links":{"self":[{"href":"https:\/\/eshop.polyglot.cz\/cs\/wp-json\/wp\/v2\/product\/1877"}],"collection":[{"href":"https:\/\/eshop.polyglot.cz\/cs\/wp-json\/wp\/v2\/product"}],"about":[{"href":"https:\/\/eshop.polyglot.cz\/cs\/wp-json\/wp\/v2\/types\/product"}],"replies":[{"embeddable":true,"href":"https:\/\/eshop.polyglot.cz\/cs\/wp-json\/wp\/v2\/comments?post=1877"}],"wp:featuredmedia":[{"embeddable":true,"href":"https:\/\/eshop.polyglot.cz\/cs\/wp-json\/wp\/v2\/media\/1873"}],"wp:attachment":[{"href":"https:\/\/eshop.polyglot.cz\/cs\/wp-json\/wp\/v2\/media?parent=1877"}],"wp:term":[{"taxonomy":"product_cat","embeddable":true,"href":"https:\/\/eshop.polyglot.cz\/cs\/wp-json\/wp\/v2\/product_cat?post=1877"},{"taxonomy":"product_tag","embeddable":true,"href":"https:\/\/eshop.polyglot.cz\/cs\/wp-json\/wp\/v2\/product_tag?post=1877"}],"curies":[{"name":"wp","href":"https:\/\/api.w.org\/{rel}","templated":true}]}}