{"id":177,"date":"2016-06-01T14:51:49","date_gmt":"2016-06-01T13:51:49","guid":{"rendered":"http:\/\/eshop.polyglot.cz\/cs\/?post_type=product&#038;p=177"},"modified":"2023-05-30T19:00:03","modified_gmt":"2023-05-30T18:00:03","slug":"cvicebnice-anglicke-gramatiky","status":"publish","type":"product","link":"https:\/\/eshop.polyglot.cz\/cs\/produkt\/cvicebnice-anglicke-gramatiky\/","title":{"rendered":"Cvi\u010debnice anglick\u00e9 gramatiky"},"content":{"rendered":"<p><strong>Angli\u010dtina Cvi\u010debnice anglick\u00e9 gramatiky<\/strong><\/p>\n<ul>\n<li>Cvi\u010debnice jsou dopl\u0148kov\u00fdm materi\u00e1lem k&nbsp;jazykov\u00fdm u\u010debnic\u00edm. Neobsahuj\u00ed v\u00fdklad gramatiky, ale p\u0159\u00edklady k&nbsp;intenzivn\u00edmu procvi\u010dov\u00e1n\u00ed gramatick\u00fdch a&nbsp;lexik\u00e1ln\u00edch jev\u016f.<\/li>\n<li>Knihy jsou ur\u010deny pro studenty v\u0161ech \u00farovn\u00ed, jsou vhodn\u00e9 i&nbsp;pro samouky, nebo\u0165 ke ka\u017ed\u00e9mu cvi\u010den\u00ed je na prot\u011bj\u0161\u00ed stran\u011b uvedeno \u0159e\u0161en\u00ed.<\/li>\n<li>Ka\u017ed\u00e1 kapitola je rozd\u011blena do n\u011bkolika \u00farovn\u00ed pokro\u010dilosti. V&nbsp;\u00farovni A&nbsp;se procvi\u010duj\u00ed jevy, s&nbsp;nimi\u017e se za\u010d\u00e1te\u010dn\u00edk setk\u00e1 zhruba v&nbsp;prvn\u00edch m\u011bs\u00edc\u00edch studia, a\u0165 u\u017e se bude u\u010dit z&nbsp;kter\u00e9koli u\u010debnice. Se zvy\u0161uj\u00edc\u00ed se \u00farovn\u00ed roste i&nbsp;lexik\u00e1ln\u00ed n\u00e1ro\u010dnost cvi\u010den\u00ed.<\/li>\n<li>V 30 kapitol\u00e1ch najdete p\u0159es 8500 p\u0159\u00edklad\u016f rozd\u011blen\u00fdch do p\u0159ekladov\u00fdch a&nbsp;dopl\u0148ovac\u00edch cvi\u010den\u00ed. Student se mus\u00ed z\u00e1rove\u0148 soust\u0159edit na slovn\u00ed z\u00e1sobu, gramatiku, slovosled, interpunkci a&nbsp;dal\u0161\u00ed aspekty jazyka. D\u016fraz je kladen i&nbsp;na probl\u00e9my specifick\u00e9 pro \u010desk\u00e9 studenty (\u010dasov\u00e1 souslednost, p\u0159edlo\u017eky, vazba there is \/ are\u2026).<\/li>\n<li>Cvi\u010debnice sv\u00fdm obsahem p\u0159esahuj\u00ed st\u0159edo\u0161kolskou \u00farove\u0148.<\/li>\n<\/ul>\n","protected":false},"excerpt":{"rendered":"<p><a href=\"https:\/\/eshop.polyglot.cz\/cs\/wp-content\/uploads\/2016\/06\/CAG_ukazka.pdf\" target=\"_blank\" rel=\"noopener\">(Uk\u00e1zka PDF)<\/a><\/p>\n<p><a href=\"http:\/\/eshop.polyglot.cz\/cs\/wp-content\/uploads\/2016\/06\/Obsah-PDF-6.pdf\" target=\"_blank\" rel=\"noopener\">(Obsah PDF)<\/a><\/p>\n","protected":false},"featured_media":237,"comment_status":"open","ping_status":"closed","template":"","meta":[],"product_cat":[14,46],"product_tag":[139],"_links":{"self":[{"href":"https:\/\/eshop.polyglot.cz\/cs\/wp-json\/wp\/v2\/product\/177"}],"collection":[{"href":"https:\/\/eshop.polyglot.cz\/cs\/wp-json\/wp\/v2\/product"}],"about":[{"href":"https:\/\/eshop.polyglot.cz\/cs\/wp-json\/wp\/v2\/types\/product"}],"replies":[{"embeddable":true,"href":"https:\/\/eshop.polyglot.cz\/cs\/wp-json\/wp\/v2\/comments?post=177"}],"wp:featuredmedia":[{"embeddable":true,"href":"https:\/\/eshop.polyglot.cz\/cs\/wp-json\/wp\/v2\/media\/237"}],"wp:attachment":[{"href":"https:\/\/eshop.polyglot.cz\/cs\/wp-json\/wp\/v2\/media?parent=177"}],"wp:term":[{"taxonomy":"product_cat","embeddable":true,"href":"https:\/\/eshop.polyglot.cz\/cs\/wp-json\/wp\/v2\/product_cat?post=177"},{"taxonomy":"product_tag","embeddable":true,"href":"https:\/\/eshop.polyglot.cz\/cs\/wp-json\/wp\/v2\/product_tag?post=177"}],"curies":[{"name":"wp","href":"https:\/\/api.w.org\/{rel}","templated":true}]}}