{"id":1719,"date":"2017-09-06T10:12:52","date_gmt":"2017-09-06T09:12:52","guid":{"rendered":"https:\/\/eshop.polyglot.cz\/cs\/?post_type=product&#038;p=1719"},"modified":"2018-02-28T16:21:30","modified_gmt":"2018-02-28T15:21:30","slug":"ene-mene-2-dil-nahravky-ve-formatu-mp3","status":"publish","type":"product","link":"https:\/\/eshop.polyglot.cz\/cs\/produkt\/ene-mene-2-dil-nahravky-ve-formatu-mp3\/","title":{"rendered":"Ene mene \u2013 2.&nbsp;d\u00edl, nahr\u00e1vky ve form\u00e1tu MP3"},"content":{"rendered":"<p><strong>N\u011bm\u010dina ENE MENE \u2013 2.&nbsp;d\u00edl<\/strong><\/p>\n<ul>\n<li>Fonetick\u00e1 cvi\u010den\u00ed, p\u00edsn\u011b, \u0159\u00edkadla a&nbsp;rozpo\u010ditadla namluven\u00e1 rodil\u00fdmi mluv\u010d\u00edmi (dosp\u011bl\u00fdmi a&nbsp;d\u011btmi) a&nbsp;relaxa\u010dn\u00ed hudba\u00a0ve form\u00e1tu MP3.<\/li>\n<li>Sou\u010d\u00e1st\u00ed souboru je\u00a0PDF s\u00a0obsahem nahr\u00e1vek.<\/li>\n<li>Po zaplacen\u00ed dostanete e-mail s\u00a0odkazem ke sta\u017een\u00ed souboru.<\/li>\n<\/ul>\n","protected":false},"excerpt":{"rendered":"<p>Nahr\u00e1vky ve form\u00e1tu MP3 ke sta\u017een\u00ed.<\/p>\n<p><a href=\"https:\/\/eshop.polyglot.cz\/cs\/wp-content\/uploads\/2017\/09\/Ene-mene-2-MP3-obsah.pdf\" target=\"_blank\">Obsah<\/a><\/p>\n<p><a href=\"http:\/\/eshop.polyglot.cz\/cs\/wp-content\/uploads\/2016\/06\/ENE-MENE2_1.mp3\" target=\"_blank\">Uk\u00e1zka MP3<\/a><\/p>\n","protected":false},"featured_media":1723,"comment_status":"closed","ping_status":"closed","template":"","meta":[],"product_cat":[15,119],"product_tag":[110],"_links":{"self":[{"href":"https:\/\/eshop.polyglot.cz\/cs\/wp-json\/wp\/v2\/product\/1719"}],"collection":[{"href":"https:\/\/eshop.polyglot.cz\/cs\/wp-json\/wp\/v2\/product"}],"about":[{"href":"https:\/\/eshop.polyglot.cz\/cs\/wp-json\/wp\/v2\/types\/product"}],"replies":[{"embeddable":true,"href":"https:\/\/eshop.polyglot.cz\/cs\/wp-json\/wp\/v2\/comments?post=1719"}],"wp:featuredmedia":[{"embeddable":true,"href":"https:\/\/eshop.polyglot.cz\/cs\/wp-json\/wp\/v2\/media\/1723"}],"wp:attachment":[{"href":"https:\/\/eshop.polyglot.cz\/cs\/wp-json\/wp\/v2\/media?parent=1719"}],"wp:term":[{"taxonomy":"product_cat","embeddable":true,"href":"https:\/\/eshop.polyglot.cz\/cs\/wp-json\/wp\/v2\/product_cat?post=1719"},{"taxonomy":"product_tag","embeddable":true,"href":"https:\/\/eshop.polyglot.cz\/cs\/wp-json\/wp\/v2\/product_tag?post=1719"}],"curies":[{"name":"wp","href":"https:\/\/api.w.org\/{rel}","templated":true}]}}