{"id":1415,"date":"2017-03-22T13:26:19","date_gmt":"2017-03-22T12:26:19","guid":{"rendered":"http:\/\/eshop.polyglot.cz\/cs\/?post_type=product&#038;p=1415"},"modified":"2025-09-03T16:20:42","modified_gmt":"2025-09-03T15:20:42","slug":"passt-schon-2-interaktiv","status":"publish","type":"product","link":"https:\/\/eshop.polyglot.cz\/cs\/produkt\/passt-schon-2-interaktiv\/","title":{"rendered":"Passt&nbsp;schon!&nbsp;2&nbsp;interaktiv"},"content":{"rendered":"<p><strong>N\u011bm\u010dina Passt\u00a0schon! 2\u00a0interaktiv<\/strong><\/p>\n<ul>\n<li>Multimedi\u00e1ln\u00ed u\u010debnici\u00a0<em>Passt&nbsp;schon!&nbsp;2 interaktiv<\/em>\u00a0nab\u00edz\u00edme prost\u0159ednictv\u00edm e-knihovny Publi\u00a0\u2013\u00a0<a href=\"https:\/\/publi.cz\/book\/1488-passt-schon-2-interaktiv\" target=\"_blank\" rel=\"noopener\">zde<\/a>.<\/li>\n<li>D\u00e9lka licence je 18 m\u011bs\u00edc\u016f.<\/li>\n<li>Jedna licence umo\u017e\u0148uje instalaci na dv\u011b za\u0159\u00edzen\u00ed.<\/li>\n<li><em>Passt schon!\u00a02<\/em>\u00a0interaktiv je multimedi\u00e1ln\u00ed verze u\u010debnice <em>Passt schon!<\/em> na \u00farovni A1\u2013A2 podle SERR.<\/li>\n<li><em>Passt schon!<\/em>\u00a02 interaktiv obsahuje vybran\u00e1 cvi\u010den\u00ed ze v\u0161ech odd\u00edl\u016f u\u010debnice <em>Passt schon!<\/em> z\u00a0knihy pro \u017e\u00e1ka i\u00a0z\u00a0pracovn\u00edho se\u0161itu.<\/li>\n<li>Multimedi\u00e1ln\u00ed u\u010debnice nab\u00edz\u00ed cvi\u010den\u00ed ke v\u0161em \u0159e\u010dov\u00fdm dovednostem: \u010dten\u00ed, poslechu, psan\u00ed i\u00a0mluven\u00ed.<\/li>\n<li>Multimedi\u00e1ln\u00ed u\u010debnice obsahuje \u0159e\u0161en\u00ed \u00faloh a\u00a0nahr\u00e1vky v\u0161ech poslechov\u00fdch text\u016f.<\/li>\n<li>Multimedi\u00e1ln\u00ed u\u010debnice je vhodn\u00e1 pro v\u0161echny typy interaktivn\u00ed tabule.<\/li>\n<\/ul>\n","protected":false},"excerpt":{"rendered":"<p>Passt schon!\u00a02 interaktiv koup\u00edte v\u00a0<a href=\"https:\/\/publi.cz\/book\/1488-passt-schon-2-interaktiv\" target=\"_blank\" rel=\"noopener\">e-knihovn\u011b Publi<\/a>.<\/p>\n<p><a href=\"https:\/\/eshop.polyglot.cz\/cs\/wp-content\/uploads\/2017\/12\/PS2-interaktiv-ukazka.pdf\" target=\"_blank\" rel=\"noopener\">Uk\u00e1zka PDF<\/a><\/p>\n<p><a href=\"https:\/\/eshop.polyglot.cz\/cs\/wp-content\/uploads\/2022\/03\/PS2-interaktiv-DEMO.flipchart\" target=\"_blank\" rel=\"noopener\">Demoverze<\/a><\/p>\n<p><a href=\"http:\/\/eshop.polyglot.cz\/cs\/poznamka-activinspire\/\" target=\"_blank\" rel=\"noopener\">Pozn\u00e1mka k&nbsp;demoverzi<\/a><\/p>\n","protected":false},"featured_media":1414,"comment_status":"open","ping_status":"closed","template":"","meta":[],"product_cat":[15,56,79,96],"product_tag":[172],"_links":{"self":[{"href":"https:\/\/eshop.polyglot.cz\/cs\/wp-json\/wp\/v2\/product\/1415"}],"collection":[{"href":"https:\/\/eshop.polyglot.cz\/cs\/wp-json\/wp\/v2\/product"}],"about":[{"href":"https:\/\/eshop.polyglot.cz\/cs\/wp-json\/wp\/v2\/types\/product"}],"replies":[{"embeddable":true,"href":"https:\/\/eshop.polyglot.cz\/cs\/wp-json\/wp\/v2\/comments?post=1415"}],"wp:featuredmedia":[{"embeddable":true,"href":"https:\/\/eshop.polyglot.cz\/cs\/wp-json\/wp\/v2\/media\/1414"}],"wp:attachment":[{"href":"https:\/\/eshop.polyglot.cz\/cs\/wp-json\/wp\/v2\/media?parent=1415"}],"wp:term":[{"taxonomy":"product_cat","embeddable":true,"href":"https:\/\/eshop.polyglot.cz\/cs\/wp-json\/wp\/v2\/product_cat?post=1415"},{"taxonomy":"product_tag","embeddable":true,"href":"https:\/\/eshop.polyglot.cz\/cs\/wp-json\/wp\/v2\/product_tag?post=1415"}],"curies":[{"name":"wp","href":"https:\/\/api.w.org\/{rel}","templated":true}]}}