{"id":1331,"date":"2017-03-01T09:16:08","date_gmt":"2017-03-01T08:16:08","guid":{"rendered":"http:\/\/eshop.polyglot.cz\/cs\/?post_type=product&#038;p=1331"},"modified":"2022-08-14T21:51:20","modified_gmt":"2022-08-14T20:51:20","slug":"cvicebnice-nemecke-gramatiky-nahravky-ve-formatu-mp3","status":"publish","type":"product","link":"https:\/\/eshop.polyglot.cz\/cs\/produkt\/cvicebnice-nemecke-gramatiky-nahravky-ve-formatu-mp3\/","title":{"rendered":"Cvi\u010debnice n\u011bmeck\u00e9 gramatiky \u2013 nahr\u00e1vky ve form\u00e1tu MP3"},"content":{"rendered":"<p><strong>Cvi\u010debnice n\u011bmeck\u00e9 gramatiky<\/strong><\/p>\n<ul>\n<li>Sou\u010d\u00e1st\u00ed souboru je\u00a0PDF s\u00a0obsahem nahr\u00e1vek.<\/li>\n<li>Po zaplacen\u00ed dostanete e-mail s\u00a0odkazem ke sta\u017een\u00ed souboru.<\/li>\n<\/ul>\n","protected":false},"excerpt":{"rendered":"<p><a href=\"https:\/\/eshop.polyglot.cz\/cs\/wp-content\/uploads\/2018\/02\/CNG-obsah.pdf\" target=\"_blank\" rel=\"noopener\">Obsah<\/a><\/p>\n<p><a href=\"http:\/\/eshop.polyglot.cz\/cs\/wp-content\/uploads\/2016\/06\/CNG_01102.mp3\" target=\"_blank\" rel=\"noopener\">Uk\u00e1zka MP3<\/a><\/p>\n","protected":false},"featured_media":1233,"comment_status":"open","ping_status":"closed","template":"","meta":[],"product_cat":[15,122],"product_tag":[154,110],"_links":{"self":[{"href":"https:\/\/eshop.polyglot.cz\/cs\/wp-json\/wp\/v2\/product\/1331"}],"collection":[{"href":"https:\/\/eshop.polyglot.cz\/cs\/wp-json\/wp\/v2\/product"}],"about":[{"href":"https:\/\/eshop.polyglot.cz\/cs\/wp-json\/wp\/v2\/types\/product"}],"replies":[{"embeddable":true,"href":"https:\/\/eshop.polyglot.cz\/cs\/wp-json\/wp\/v2\/comments?post=1331"}],"wp:featuredmedia":[{"embeddable":true,"href":"https:\/\/eshop.polyglot.cz\/cs\/wp-json\/wp\/v2\/media\/1233"}],"wp:attachment":[{"href":"https:\/\/eshop.polyglot.cz\/cs\/wp-json\/wp\/v2\/media?parent=1331"}],"wp:term":[{"taxonomy":"product_cat","embeddable":true,"href":"https:\/\/eshop.polyglot.cz\/cs\/wp-json\/wp\/v2\/product_cat?post=1331"},{"taxonomy":"product_tag","embeddable":true,"href":"https:\/\/eshop.polyglot.cz\/cs\/wp-json\/wp\/v2\/product_tag?post=1331"}],"curies":[{"name":"wp","href":"https:\/\/api.w.org\/{rel}","templated":true}]}}