{"id":123,"date":"2016-06-01T09:55:43","date_gmt":"2016-06-01T08:55:43","guid":{"rendered":"http:\/\/eshop.polyglot.cz\/cs\/?post_type=product&#038;p=123"},"modified":"2022-08-17T15:37:33","modified_gmt":"2022-08-17T14:37:33","slug":"time-to-talk-3-kniha-pro-studenty","status":"publish","type":"product","link":"https:\/\/eshop.polyglot.cz\/cs\/produkt\/time-to-talk-3-kniha-pro-studenty\/","title":{"rendered":"Time to Talk \u2013 3.&nbsp;d\u00edl, kniha pro studenty"},"content":{"rendered":"<p><strong>Angli\u010dtina Time to Talk \u2013 3.&nbsp;d\u00edl<\/strong><\/p>\n<p>T\u0159et\u00ed d\u00edl \u010dty\u0159d\u00edln\u00e9 u\u010debnice pro st\u0159edn\u00ed a&nbsp;jazykov\u00e9 \u0161koly zachov\u00e1v\u00e1 strukturu a&nbsp;principy d\u00edl\u016f p\u0159edchoz\u00edch. Kniha vych\u00e1z\u00ed z&nbsp;pravidel britsk\u00e9 angli\u010dtiny. U\u010debnice byla schv\u00e1lena M\u0160MT \u010cR k&nbsp;za\u0159azen\u00ed do seznamu u\u010debnic pro st\u0159edn\u00ed \u0161koly jako sou\u010d\u00e1st ucelen\u00e9 \u0159ady u\u010debnic pro vyu\u010dovac\u00ed p\u0159edm\u011bt anglick\u00fd jazyk.<\/p>\n","protected":false},"excerpt":{"rendered":"<p><a href=\"http:\/\/eshop.polyglot.cz\/cs\/wp-content\/uploads\/2016\/06\/Obsah-PDF-1.pdf\" target=\"_blank\" rel=\"noopener\">Obsah PDF<\/a><\/p>\n<p><a href=\"http:\/\/eshop.polyglot.cz\/cs\/wp-content\/uploads\/2016\/06\/Uk\u00e1zka-PDF-1.pdf\" target=\"_blank\" rel=\"noopener\">Uk\u00e1zka PDF<\/a><\/p>\n<p><a href=\"http:\/\/eshop.polyglot.cz\/cs\/wp-content\/uploads\/2016\/06\/Time-to-Talk-3_CD3_15.mp3\" target=\"_blank\" rel=\"noopener\">MP3<\/a><\/p>\n","protected":false},"featured_media":1530,"comment_status":"open","ping_status":"closed","template":"","meta":[],"product_cat":[14,141,143],"product_tag":[106],"_links":{"self":[{"href":"https:\/\/eshop.polyglot.cz\/cs\/wp-json\/wp\/v2\/product\/123"}],"collection":[{"href":"https:\/\/eshop.polyglot.cz\/cs\/wp-json\/wp\/v2\/product"}],"about":[{"href":"https:\/\/eshop.polyglot.cz\/cs\/wp-json\/wp\/v2\/types\/product"}],"replies":[{"embeddable":true,"href":"https:\/\/eshop.polyglot.cz\/cs\/wp-json\/wp\/v2\/comments?post=123"}],"wp:featuredmedia":[{"embeddable":true,"href":"https:\/\/eshop.polyglot.cz\/cs\/wp-json\/wp\/v2\/media\/1530"}],"wp:attachment":[{"href":"https:\/\/eshop.polyglot.cz\/cs\/wp-json\/wp\/v2\/media?parent=123"}],"wp:term":[{"taxonomy":"product_cat","embeddable":true,"href":"https:\/\/eshop.polyglot.cz\/cs\/wp-json\/wp\/v2\/product_cat?post=123"},{"taxonomy":"product_tag","embeddable":true,"href":"https:\/\/eshop.polyglot.cz\/cs\/wp-json\/wp\/v2\/product_tag?post=123"}],"curies":[{"name":"wp","href":"https:\/\/api.w.org\/{rel}","templated":true}]}}