{"id":1093,"date":"2016-06-24T09:59:44","date_gmt":"2016-06-24T08:59:44","guid":{"rendered":"http:\/\/eshop.polyglot.cz\/cs\/?post_type=product&#038;p=1093"},"modified":"2017-03-07T15:23:04","modified_gmt":"2017-03-07T14:23:04","slug":"cestina-czech-express","status":"publish","type":"product","link":"https:\/\/eshop.polyglot.cz\/cs\/produkt\/cestina-czech-express\/","title":{"rendered":"\u010ce\u0161tina Czech EXPRESS"},"content":{"rendered":"<p><strong>\u010ce\u0161tina CD-ROMy nakladatelstv\u00ed LANGMaster<\/strong><\/p>\n<ul>\n<li>Kurz \u010desk\u00e9ho jazyka pro za\u010d\u00e1te\u010dn\u00edky v&nbsp;angli\u010dtin\u011b.<\/li>\n<li>Je ur\u010den student\u016fm v\u0161ech n\u00e1rodnost\u00ed, kte\u0159\u00ed se setk\u00e1vaj\u00ed s&nbsp;\u010desk\u00fdm jazykem poprv\u00e9.<\/li>\n<li>Obsahuje\u00a012 lekc\u00ed, gramatika je zjednodu\u0161ena na maximum.<\/li>\n<li>\u00darove\u0148 znalosti: A1<\/li>\n<\/ul>\n","protected":false},"excerpt":{"rendered":"<p>\u010ce\u0161tina CD-ROMy nakladatelstv\u00ed LANGMaster Kurz \u010desk\u00e9ho jazyka pro za\u010d\u00e1te\u010dn\u00edky v&nbsp;angli\u010dtin\u011b. Je ur\u010den student\u016fm v\u0161ech n\u00e1rodnost\u00ed, kte\u0159\u00ed se setk\u00e1vaj\u00ed s&nbsp;\u010desk\u00fdm jazykem poprv\u00e9. Obsahuje\u00a012 lekc\u00ed, gramatika je zjednodu\u0161ena na maximum. \u00darove\u0148 znalosti:&#8230; <a class=\"more-link\" href=\"https:\/\/eshop.polyglot.cz\/cs\/produkt\/cestina-czech-express\/\" rel=\"nofollow\">Pokra\u010dovat ve \u010dten\u00ed<\/a><\/p>\n","protected":false},"featured_media":0,"comment_status":"open","ping_status":"closed","template":"","meta":[],"product_cat":[20],"product_tag":[153],"_links":{"self":[{"href":"https:\/\/eshop.polyglot.cz\/cs\/wp-json\/wp\/v2\/product\/1093"}],"collection":[{"href":"https:\/\/eshop.polyglot.cz\/cs\/wp-json\/wp\/v2\/product"}],"about":[{"href":"https:\/\/eshop.polyglot.cz\/cs\/wp-json\/wp\/v2\/types\/product"}],"replies":[{"embeddable":true,"href":"https:\/\/eshop.polyglot.cz\/cs\/wp-json\/wp\/v2\/comments?post=1093"}],"wp:attachment":[{"href":"https:\/\/eshop.polyglot.cz\/cs\/wp-json\/wp\/v2\/media?parent=1093"}],"wp:term":[{"taxonomy":"product_cat","embeddable":true,"href":"https:\/\/eshop.polyglot.cz\/cs\/wp-json\/wp\/v2\/product_cat?post=1093"},{"taxonomy":"product_tag","embeddable":true,"href":"https:\/\/eshop.polyglot.cz\/cs\/wp-json\/wp\/v2\/product_tag?post=1093"}],"curies":[{"name":"wp","href":"https:\/\/api.w.org\/{rel}","templated":true}]}}