{"id":1631,"date":"2017-05-25T17:09:04","date_gmt":"2017-05-25T16:09:04","guid":{"rendered":"http:\/\/eshop.polyglot.cz\/cs\/cookie-policy\/"},"modified":"2017-05-25T17:12:46","modified_gmt":"2017-05-25T16:12:46","slug":"cookies-cs","status":"publish","type":"page","link":"https:\/\/eshop.polyglot.cz\/cs\/cookies-cs\/","title":{"rendered":"Cookies"},"content":{"rendered":"<p>Cookie je kr\u00e1tk\u00fd textov\u00fd soubor, kter\u00fd nav\u0161t\u00edven\u00e1 webov\u00e1 str\u00e1nka ode\u0161le do prohl\u00ed\u017ee\u010de. Umo\u017e\u0148uje webu zaznamenat informace o&nbsp;va\u0161\u00ed n\u00e1v\u0161t\u011bv\u011b, nap\u0159\u00edklad preferovan\u00fd jazyk a&nbsp;dal\u0161\u00ed nastaven\u00ed. P\u0159\u00ed\u0161t\u00ed n\u00e1v\u0161t\u011bva str\u00e1nek tak m\u016f\u017ee b\u00fdt snaz\u0161\u00ed a&nbsp;produktivn\u011bj\u0161\u00ed. Soubory cookie jsou d\u016fle\u017eit\u00e9. Bez nich by proch\u00e1zen\u00ed webu bylo mnohem slo\u017eit\u011bj\u0161\u00ed.<\/p>\n<p>Soubory cookie slou\u017e\u00ed k&nbsp;cel\u00e9 \u0159ad\u011b \u00fa\u010del\u016f. Pou\u017e\u00edvaj\u00ed se nap\u0159\u00edklad k&nbsp;ukl\u00e1d\u00e1n\u00ed va\u0161ich nastaven\u00ed bezpe\u010dn\u00e9ho vyhled\u00e1v\u00e1n\u00ed, k&nbsp;v\u00fdb\u011bru relevantn\u00edch reklam, ke sledov\u00e1n\u00ed po\u010dtu n\u00e1v\u0161t\u011bvn\u00edk\u016f na str\u00e1nce, k&nbsp;usnadn\u011bn\u00ed registrace nov\u00fdch slu\u017eeb a&nbsp;k&nbsp;ochran\u011b va\u0161ich dat.<\/p>\n","protected":false},"excerpt":{"rendered":"<p>Cookie je kr\u00e1tk\u00fd textov\u00fd soubor, kter\u00fd nav\u0161t\u00edven\u00e1 webov\u00e1 str\u00e1nka ode\u0161le do prohl\u00ed\u017ee\u010de. Umo\u017e\u0148uje webu zaznamenat informace o&nbsp;va\u0161\u00ed n\u00e1v\u0161t\u011bv\u011b, nap\u0159\u00edklad preferovan\u00fd jazyk a&nbsp;dal\u0161\u00ed nastaven\u00ed. P\u0159\u00ed\u0161t\u00ed n\u00e1v\u0161t\u011bva str\u00e1nek tak m\u016f\u017ee b\u00fdt snaz\u0161\u00ed&#8230; <a class=\"more-link\" href=\"https:\/\/eshop.polyglot.cz\/cs\/cookies-cs\/\" rel=\"nofollow\">Pokra\u010dovat ve \u010dten\u00ed<\/a><\/p>\n","protected":false},"author":1,"featured_media":0,"parent":0,"menu_order":0,"comment_status":"closed","ping_status":"closed","template":"","meta":[],"_links":{"self":[{"href":"https:\/\/eshop.polyglot.cz\/cs\/wp-json\/wp\/v2\/pages\/1631"}],"collection":[{"href":"https:\/\/eshop.polyglot.cz\/cs\/wp-json\/wp\/v2\/pages"}],"about":[{"href":"https:\/\/eshop.polyglot.cz\/cs\/wp-json\/wp\/v2\/types\/page"}],"author":[{"embeddable":true,"href":"https:\/\/eshop.polyglot.cz\/cs\/wp-json\/wp\/v2\/users\/1"}],"replies":[{"embeddable":true,"href":"https:\/\/eshop.polyglot.cz\/cs\/wp-json\/wp\/v2\/comments?post=1631"}],"version-history":[{"count":1,"href":"https:\/\/eshop.polyglot.cz\/cs\/wp-json\/wp\/v2\/pages\/1631\/revisions"}],"predecessor-version":[{"id":1632,"href":"https:\/\/eshop.polyglot.cz\/cs\/wp-json\/wp\/v2\/pages\/1631\/revisions\/1632"}],"wp:attachment":[{"href":"https:\/\/eshop.polyglot.cz\/cs\/wp-json\/wp\/v2\/media?parent=1631"}],"curies":[{"name":"wp","href":"https:\/\/api.w.org\/{rel}","templated":true}]}}