{"id":1431,"date":"2017-03-22T16:43:07","date_gmt":"2017-03-22T15:43:07","guid":{"rendered":"http:\/\/eshop.polyglot.cz\/cs\/?page_id=1431"},"modified":"2017-03-22T16:43:07","modified_gmt":"2017-03-22T15:43:07","slug":"poznamka-activinspire","status":"publish","type":"page","link":"https:\/\/eshop.polyglot.cz\/cs\/poznamka-activinspire\/","title":{"rendered":"POZN\u00c1MKA ActivInspire"},"content":{"rendered":"<ul>\n<li>S demoverz\u00ed je mo\u017eno pracovat pouze v&nbsp;programu ActivInspire.<\/li>\n<li>Pokud se v\u00e1m soubor zobrazuje s&nbsp;koncovkou \u201ezip\u201c, zm\u011b\u0148te ji po&nbsp;sta\u017een\u00ed na koncovku \u201eflipchart\u201c.<\/li>\n<\/ul>\n","protected":false},"excerpt":{"rendered":"<p>S demoverz\u00ed je mo\u017eno pracovat pouze v&nbsp;programu ActivInspire. Pokud se v\u00e1m soubor zobrazuje s&nbsp;koncovkou \u201ezip\u201c, zm\u011b\u0148te ji po&nbsp;sta\u017een\u00ed na koncovku \u201eflipchart\u201c.<\/p>\n","protected":false},"author":3,"featured_media":0,"parent":0,"menu_order":0,"comment_status":"closed","ping_status":"closed","template":"","meta":[],"_links":{"self":[{"href":"https:\/\/eshop.polyglot.cz\/cs\/wp-json\/wp\/v2\/pages\/1431"}],"collection":[{"href":"https:\/\/eshop.polyglot.cz\/cs\/wp-json\/wp\/v2\/pages"}],"about":[{"href":"https:\/\/eshop.polyglot.cz\/cs\/wp-json\/wp\/v2\/types\/page"}],"author":[{"embeddable":true,"href":"https:\/\/eshop.polyglot.cz\/cs\/wp-json\/wp\/v2\/users\/3"}],"replies":[{"embeddable":true,"href":"https:\/\/eshop.polyglot.cz\/cs\/wp-json\/wp\/v2\/comments?post=1431"}],"version-history":[{"count":2,"href":"https:\/\/eshop.polyglot.cz\/cs\/wp-json\/wp\/v2\/pages\/1431\/revisions"}],"predecessor-version":[{"id":1433,"href":"https:\/\/eshop.polyglot.cz\/cs\/wp-json\/wp\/v2\/pages\/1431\/revisions\/1433"}],"wp:attachment":[{"href":"https:\/\/eshop.polyglot.cz\/cs\/wp-json\/wp\/v2\/media?parent=1431"}],"curies":[{"name":"wp","href":"https:\/\/api.w.org\/{rel}","templated":true}]}}